{"id":8335,"date":"2026-03-17T10:00:45","date_gmt":"2026-03-17T09:00:45","guid":{"rendered":"https:\/\/szerszamhazpecs.hu\/?post_type=product&#038;p=8335"},"modified":"2026-03-20T10:12:38","modified_gmt":"2026-03-20T09:12:38","slug":"festool-akkus-merulofuresz-tsc-55-keb-basic","status":"publish","type":"product","link":"https:\/\/szerszamhazpecs.hu\/index.php\/product\/festool-akkus-merulofuresz-tsc-55-keb-basic\/","title":{"rendered":"Festool Akkus mer\u00fcl\u0151f\u0171r\u00e9sz TSC 55 KEB-Basic"},"content":{"rendered":"<h1 data-section-id=\"7e4ae3\" data-start=\"106\" data-end=\"160\">Festool akkus mer\u00fcl\u0151f\u0171r\u00e9sz (KickbackStop funkci\u00f3val)<\/h1>\n<h2 data-section-id=\"dmrq5p\" data-start=\"162\" data-end=\"177\">Term\u00e9kle\u00edr\u00e1s<\/h2>\n<p data-start=\"179\" data-end=\"475\">Ez a <strong data-start=\"184\" data-end=\"214\">Festool akkus mer\u00fcl\u0151f\u0171r\u00e9sz<\/strong> a prec\u00edz v\u00e1g\u00e1sok \u00faj szintj\u00e9t k\u00e9pviseli, kiemelt biztons\u00e1gi megold\u00e1sokkal \u00e9s nagy teljes\u00edtm\u00e9nnyel. A be\u00e9p\u00edtett <strong data-start=\"325\" data-end=\"350\">KickbackStop rendszer<\/strong> azonnal le\u00e1ll\u00edtja a f\u0171r\u00e9szlapot visszar\u00fag\u00e1s eset\u00e9n, \u00edgy jelent\u0151sen cs\u00f6kkenti a s\u00e9r\u00fcl\u00e9s kock\u00e1zat\u00e1t \u00e9s v\u00e9di a munkadarabot is.<\/p>\n<p data-start=\"477\" data-end=\"682\">A modern <strong data-start=\"486\" data-end=\"502\">EC-TEC motor<\/strong> \u00e9s a dupla akkumul\u00e1toros rendszer er\u0151teljes v\u00e1g\u00e1st \u00e9s hosszabb \u00fczemid\u0151t biztos\u00edt. Az \u00faj gener\u00e1ci\u00f3s f\u0171r\u00e9szlapokkal kombin\u00e1lva gyorsabb, tiszt\u00e1bb \u00e9s pontosabb munkav\u00e9gz\u00e9s \u00e9rhet\u0151 el.<\/p>\n<p data-start=\"684\" data-end=\"804\">A rendszer kompatibilis a Festool vezet\u0151s\u00ednekkel \u00e9s tartoz\u00e9kokkal, \u00edgy komplex \u00e9s prec\u00edz v\u00e1g\u00e1si feladatokhoz is ide\u00e1lis.<\/p>\n<hr data-start=\"806\" data-end=\"809\" \/>\n<h1 data-section-id=\"hwrfli\" data-start=\"811\" data-end=\"827\">F\u0151bb jellemz\u0151k<\/h1>\n<h3 data-section-id=\"191666o\" data-start=\"829\" data-end=\"852\">Maxim\u00e1lis biztons\u00e1g<\/h3>\n<ul data-start=\"853\" data-end=\"963\">\n<li data-section-id=\"x5ggco\" data-start=\"853\" data-end=\"901\">\n<p data-start=\"855\" data-end=\"901\"><strong data-start=\"855\" data-end=\"879\">KickbackStop funkci\u00f3<\/strong> a visszar\u00fag\u00e1s ellen<\/p>\n<\/li>\n<li data-section-id=\"1ofo3v2\" data-start=\"902\" data-end=\"934\">\n<p data-start=\"904\" data-end=\"934\">azonnali f\u0171r\u00e9szlap-le\u00e1ll\u00edt\u00e1s<\/p>\n<\/li>\n<li data-section-id=\"xej18d\" data-start=\"935\" data-end=\"963\">\n<p data-start=\"937\" data-end=\"963\">ig\u00e9ny eset\u00e9n kikapcsolhat\u00f3<\/p>\n<\/li>\n<\/ul>\n<h3 data-section-id=\"5uwsfw\" data-start=\"965\" data-end=\"986\">Nagy teljes\u00edtm\u00e9ny<\/h3>\n<ul data-start=\"987\" data-end=\"1092\">\n<li data-section-id=\"z52o80\" data-start=\"987\" data-end=\"1024\">\n<p data-start=\"989\" data-end=\"1024\">sz\u00e9nkefe n\u00e9lk\u00fcli <strong data-start=\"1006\" data-end=\"1022\">EC-TEC motor<\/strong><\/p>\n<\/li>\n<li data-section-id=\"z9g6o5\" data-start=\"1025\" data-end=\"1060\">\n<p data-start=\"1027\" data-end=\"1060\">2 \u00d7 18 V akkumul\u00e1toros rendszer<\/p>\n<\/li>\n<li data-section-id=\"fe2st8\" data-start=\"1061\" data-end=\"1092\">\n<p data-start=\"1063\" data-end=\"1092\">gyorsabb v\u00e1g\u00e1s nagyobb er\u0151vel<\/p>\n<\/li>\n<\/ul>\n<h3 data-section-id=\"6uw01j\" data-start=\"1094\" data-end=\"1110\">Prec\u00edz v\u00e1g\u00e1s<\/h3>\n<ul data-start=\"1111\" data-end=\"1194\">\n<li data-section-id=\"gj5j7z\" data-start=\"1111\" data-end=\"1140\">\n<p data-start=\"1113\" data-end=\"1140\">tiszta \u00e9s pontos eredm\u00e9ny<\/p>\n<\/li>\n<li data-section-id=\"1cor7ph\" data-start=\"1141\" data-end=\"1172\">\n<p data-start=\"1143\" data-end=\"1172\">kompatibilis vezet\u0151s\u00ednekkel<\/p>\n<\/li>\n<li data-section-id=\"1yadco9\" data-start=\"1173\" data-end=\"1194\">\n<p data-start=\"1175\" data-end=\"1194\">stabil v\u00e1g\u00e1svezet\u00e9s<\/p>\n<\/li>\n<\/ul>\n<h3 data-section-id=\"1s7uhmq\" data-start=\"1196\" data-end=\"1218\">Sokoldal\u00fa rendszer<\/h3>\n<ul data-start=\"1219\" data-end=\"1303\">\n<li data-section-id=\"vxmain\" data-start=\"1219\" data-end=\"1258\">\n<p data-start=\"1221\" data-end=\"1258\">haszn\u00e1lhat\u00f3 k\u00fcl\u00f6nb\u00f6z\u0151 tartoz\u00e9kokkal<\/p>\n<\/li>\n<li data-section-id=\"5alb1u\" data-start=\"1259\" data-end=\"1303\">\n<p data-start=\"1261\" data-end=\"1303\">vezet\u0151s\u00edn, sz\u00f6g\u00fctk\u00f6z\u0151 \u00e9s egy\u00e9b kieg\u00e9sz\u00edt\u0151k<\/p>\n<\/li>\n<\/ul>\n<h3 data-section-id=\"1uv0j2v\" data-start=\"1305\" data-end=\"1328\">K\u00e9nyelmes haszn\u00e1lat<\/h3>\n<ul data-start=\"1329\" data-end=\"1398\">\n<li data-section-id=\"15ovasb\" data-start=\"1329\" data-end=\"1368\">\n<p data-start=\"1331\" data-end=\"1368\">kompakt \u00e9s j\u00f3l kezelhet\u0151 kialak\u00edt\u00e1s<\/p>\n<\/li>\n<li data-section-id=\"g4xcyy\" data-start=\"1369\" data-end=\"1398\">\n<p data-start=\"1371\" data-end=\"1398\">j\u00f3 r\u00e1l\u00e1t\u00e1s a v\u00e1g\u00e1si vonalra<\/p>\n<\/li>\n<\/ul>\n<hr data-start=\"1400\" data-end=\"1403\" \/>\n<h1 data-section-id=\"q57tq7\" data-start=\"1405\" data-end=\"1428\">Aj\u00e1nlott felhaszn\u00e1l\u00e1s<\/h1>\n<p data-start=\"1430\" data-end=\"1455\">A g\u00e9p k\u00fcl\u00f6n\u00f6sen alkalmas:<\/p>\n<ul data-start=\"1457\" data-end=\"1690\">\n<li data-section-id=\"6uajta\" data-start=\"1457\" data-end=\"1508\">\n<p data-start=\"1459\" data-end=\"1508\">mer\u00fcl\u0151v\u00e1g\u00e1sok k\u00e9sz\u00edt\u00e9s\u00e9re <strong data-start=\"1485\" data-end=\"1506\">55 mm vastags\u00e1gig<\/strong><\/p>\n<\/li>\n<li data-section-id=\"hwuy5y\" data-start=\"1509\" data-end=\"1542\">\n<p data-start=\"1511\" data-end=\"1542\">ajt\u00f3k pontos m\u00e9retre v\u00e1g\u00e1s\u00e1ra<\/p>\n<\/li>\n<li data-section-id=\"gyuhkx\" data-start=\"1543\" data-end=\"1588\">\n<p data-start=\"1545\" data-end=\"1588\">kiv\u00e1g\u00e1sok k\u00e9sz\u00edt\u00e9s\u00e9re (pl. munkalapokban)<\/p>\n<\/li>\n<li data-section-id=\"1fzo7om\" data-start=\"1589\" data-end=\"1621\">\n<p data-start=\"1591\" data-end=\"1621\">parketta fug\u00e1k kialak\u00edt\u00e1s\u00e1ra<\/p>\n<\/li>\n<li data-section-id=\"qgg6xc\" data-start=\"1622\" data-end=\"1649\">\n<p data-start=\"1624\" data-end=\"1649\">lemezanyagok bev\u00e1g\u00e1s\u00e1ra<\/p>\n<\/li>\n<li data-section-id=\"1vael9e\" data-start=\"1650\" data-end=\"1690\">\n<p data-start=\"1652\" data-end=\"1690\">prec\u00edz asztalos \u00e9s szerel\u00e9si munk\u00e1khoz<\/p>\n<\/li>\n<\/ul>\n<hr data-start=\"1692\" data-end=\"1695\" \/>\n<h1 data-section-id=\"1hbqnac\" data-start=\"1697\" data-end=\"1713\">M\u0171szaki adatok<\/h1>\n<div class=\"TyagGW_tableContainer\">\n<div class=\"group TyagGW_tableWrapper flex flex-col-reverse w-fit\" tabindex=\"-1\">\n<table class=\"w-fit min-w-(--thread-content-width)\" data-start=\"1715\" data-end=\"2019\">\n<thead data-start=\"1715\" data-end=\"1736\">\n<tr data-start=\"1715\" data-end=\"1736\">\n<th class=\"\" data-start=\"1715\" data-end=\"1727\" data-col-size=\"sm\">Param\u00e9ter<\/th>\n<th class=\"\" data-start=\"1727\" data-end=\"1736\" data-col-size=\"sm\">\u00c9rt\u00e9k<\/th>\n<\/tr>\n<\/thead>\n<tbody data-start=\"1747\" data-end=\"2019\">\n<tr data-start=\"1747\" data-end=\"1773\">\n<td data-start=\"1747\" data-end=\"1756\" data-col-size=\"sm\">Hajt\u00e1s<\/td>\n<td data-start=\"1756\" data-end=\"1773\" data-col-size=\"sm\">akkumul\u00e1toros<\/td>\n<\/tr>\n<tr data-start=\"1774\" data-end=\"1800\">\n<td data-start=\"1774\" data-end=\"1788\" data-col-size=\"sm\">Akkumul\u00e1tor<\/td>\n<td data-start=\"1788\" data-end=\"1800\" data-col-size=\"sm\">2 \u00d7 18 V<\/td>\n<\/tr>\n<tr data-start=\"1801\" data-end=\"1837\">\n<td data-start=\"1801\" data-end=\"1816\" data-col-size=\"sm\">Fordulatsz\u00e1m<\/td>\n<td data-start=\"1816\" data-end=\"1837\" data-col-size=\"sm\">2650 \u2013 5200 min\u207b\u00b9<\/td>\n<\/tr>\n<tr data-start=\"1838\" data-end=\"1867\">\n<td data-start=\"1838\" data-end=\"1857\" data-col-size=\"sm\">F\u0171r\u00e9szlap \u00e1tm\u00e9r\u0151<\/td>\n<td data-start=\"1857\" data-end=\"1867\" data-col-size=\"sm\">160 mm<\/td>\n<\/tr>\n<tr data-start=\"1868\" data-end=\"1897\">\n<td data-start=\"1868\" data-end=\"1884\" data-col-size=\"sm\">Sz\u00f6gtartom\u00e1ny<\/td>\n<td data-start=\"1884\" data-end=\"1897\" data-col-size=\"sm\">-1\u00b0 \u2013 47\u00b0<\/td>\n<\/tr>\n<tr data-start=\"1898\" data-end=\"1926\">\n<td data-start=\"1898\" data-end=\"1913\" data-col-size=\"sm\">V\u00e1g\u00e1sm\u00e9lys\u00e9g<\/td>\n<td data-start=\"1913\" data-end=\"1926\" data-col-size=\"sm\">0 \u2013 55 mm<\/td>\n<\/tr>\n<tr data-start=\"1927\" data-end=\"1959\">\n<td data-start=\"1927\" data-end=\"1950\" data-col-size=\"sm\">V\u00e1g\u00e1sm\u00e9lys\u00e9g 45\u00b0-n\u00e1l<\/td>\n<td data-start=\"1950\" data-end=\"1959\" data-col-size=\"sm\">43 mm<\/td>\n<\/tr>\n<tr data-start=\"1960\" data-end=\"2001\">\n<td data-start=\"1960\" data-end=\"1985\" data-col-size=\"sm\">Porelsz\u00edv\u00f3 csatlakoz\u00e1s<\/td>\n<td data-start=\"1985\" data-end=\"2001\" data-col-size=\"sm\">\u00d8 27 \/ 36 mm<\/td>\n<\/tr>\n<tr data-start=\"2002\" data-end=\"2019\">\n<td data-start=\"2002\" data-end=\"2009\" data-col-size=\"sm\">S\u00faly<\/td>\n<td data-start=\"2009\" data-end=\"2019\" data-col-size=\"sm\">3,6 kg<\/td>\n<\/tr>\n<\/tbody>\n<\/table>\n<\/div>\n<\/div>\n<hr data-start=\"2021\" data-end=\"2024\" \/>\n<h1 data-section-id=\"4553e8\" data-start=\"2026\" data-end=\"2052\">Zaj- \u00e9s vibr\u00e1ci\u00f3s adatok<\/h1>\n<div class=\"TyagGW_tableContainer\">\n<div class=\"group TyagGW_tableWrapper flex flex-col-reverse w-fit\" tabindex=\"-1\">\n<table class=\"w-fit min-w-(--thread-content-width)\" data-start=\"2054\" data-end=\"2243\">\n<thead data-start=\"2054\" data-end=\"2075\">\n<tr data-start=\"2054\" data-end=\"2075\">\n<th class=\"\" data-start=\"2054\" data-end=\"2066\" data-col-size=\"sm\">Param\u00e9ter<\/th>\n<th class=\"\" data-start=\"2066\" data-end=\"2075\" data-col-size=\"sm\">\u00c9rt\u00e9k<\/th>\n<\/tr>\n<\/thead>\n<tbody data-start=\"2086\" data-end=\"2243\">\n<tr data-start=\"2086\" data-end=\"2116\">\n<td data-start=\"2086\" data-end=\"2104\" data-col-size=\"sm\">Hangnyom\u00e1sszint<\/td>\n<td data-start=\"2104\" data-end=\"2116\" data-col-size=\"sm\">95 dB(A)<\/td>\n<\/tr>\n<tr data-start=\"2117\" data-end=\"2154\">\n<td data-start=\"2117\" data-end=\"2141\" data-col-size=\"sm\">Hangteljes\u00edtm\u00e9nyszint<\/td>\n<td data-start=\"2141\" data-end=\"2154\" data-col-size=\"sm\">106 dB(A)<\/td>\n<\/tr>\n<tr data-start=\"2155\" data-end=\"2176\">\n<td data-start=\"2155\" data-end=\"2164\" data-col-size=\"sm\">Rezg\u00e9s<\/td>\n<td data-start=\"2164\" data-end=\"2176\" data-col-size=\"sm\">2,5 m\/s\u00b2<\/td>\n<\/tr>\n<tr data-start=\"2177\" data-end=\"2213\">\n<td data-start=\"2177\" data-end=\"2201\" data-col-size=\"sm\">Rezg\u00e9s bizonytalans\u00e1g<\/td>\n<td data-start=\"2201\" data-end=\"2213\" data-col-size=\"sm\">2,0 m\/s\u00b2<\/td>\n<\/tr>\n<tr data-start=\"2214\" data-end=\"2243\">\n<td data-start=\"2214\" data-end=\"2235\" data-col-size=\"sm\">Zaj bizonytalans\u00e1g<\/td>\n<td data-start=\"2235\" data-end=\"2243\" data-col-size=\"sm\">5 dB<\/td>\n<\/tr>\n<\/tbody>\n<\/table>\n<\/div>\n<\/div>\n<hr data-start=\"2245\" data-end=\"2248\" \/>\n<h1 data-section-id=\"8a27up\" data-start=\"2250\" data-end=\"2269\">A csomag tartalma<\/h1>\n<ul data-start=\"2271\" data-end=\"2440\">\n<li data-section-id=\"t7ddxs\" data-start=\"2271\" data-end=\"2328\">\n<p data-start=\"2273\" data-end=\"2328\"><strong data-start=\"2273\" data-end=\"2313\">WOOD FINE CUT HW 160 \u00d7 1,8 \u00d7 20 WD42<\/strong> k\u00f6rf\u0171r\u00e9szlap<\/p>\n<\/li>\n<li data-section-id=\"1lov5rq\" data-start=\"2329\" data-end=\"2349\">\n<p data-start=\"2331\" data-end=\"2349\">kipattogz\u00e1sg\u00e1tl\u00f3<\/p>\n<\/li>\n<li data-section-id=\"1xj4hte\" data-start=\"2350\" data-end=\"2369\">\n<p data-start=\"2352\" data-end=\"2369\">betekint\u0151 ablak<\/p>\n<\/li>\n<li data-section-id=\"i7nkp2\" data-start=\"2370\" data-end=\"2381\">\n<p data-start=\"2372\" data-end=\"2381\">porzs\u00e1k<\/p>\n<\/li>\n<li data-section-id=\"cgt7l\" data-start=\"2382\" data-end=\"2401\">\n<p data-start=\"2384\" data-end=\"2401\">SW5 imbuszkulcs<\/p>\n<\/li>\n<li data-section-id=\"1r52lew\" data-start=\"2402\" data-end=\"2440\">\n<p data-start=\"2404\" data-end=\"2440\"><strong data-start=\"2404\" data-end=\"2440\">SYS3 M 437 Systainer t\u00e1rol\u00f3doboz<\/strong><\/p>\n<\/li>\n<\/ul>\n","protected":false},"excerpt":{"rendered":"<p>Professzion\u00e1lis Festool szersz\u00e1m: Mer\u00fcl\u0151f\u0171r\u00e9sz tsc 55 kseb-basic.<\/p>\n","protected":false},"featured_media":8372,"comment_status":"open","ping_status":"closed","template":"","meta":{"site-sidebar-layout":"default","site-content-layout":"","ast-site-content-layout":"normal-width-container","site-content-style":"boxed","site-sidebar-style":"default","ast-global-header-display":"","ast-banner-title-visibility":"","ast-main-header-display":"","ast-hfb-above-header-display":"","ast-hfb-below-header-display":"","ast-hfb-mobile-header-display":"","site-post-title":"","ast-breadcrumbs-content":"","ast-featured-img":"","footer-sml-layout":"","ast-disable-related-posts":"","theme-transparent-header-meta":"default","adv-header-id-meta":"","stick-header-meta":"","header-above-stick-meta":"","header-main-stick-meta":"","header-below-stick-meta":"","astra-migrate-meta-layouts":"set","ast-page-background-enabled":"default","ast-page-background-meta":{"desktop":{"background-color":"var(--ast-global-color-5)","background-image":"","background-repeat":"repeat","background-position":"center center","background-size":"auto","background-attachment":"scroll","background-type":"","background-media":"","overlay-type":"","overlay-color":"","overlay-opacity":"","overlay-gradient":""},"tablet":{"background-color":"","background-image":"","background-repeat":"repeat","background-position":"center center","background-size":"auto","background-attachment":"scroll","background-type":"","background-media":"","overlay-type":"","overlay-color":"","overlay-opacity":"","overlay-gradient":""},"mobile":{"background-color":"","background-image":"","background-repeat":"repeat","background-position":"center center","background-size":"auto","background-attachment":"scroll","background-type":"","background-media":"","overlay-type":"","overlay-color":"","overlay-opacity":"","overlay-gradient":""}},"ast-content-background-meta":{"desktop":{"background-color":"var(--ast-global-color-4)","background-image":"","background-repeat":"repeat","background-position":"center center","background-size":"auto","background-attachment":"scroll","background-type":"","background-media":"","overlay-type":"","overlay-color":"","overlay-opacity":"","overlay-gradient":""},"tablet":{"background-color":"var(--ast-global-color-4)","background-image":"","background-repeat":"repeat","background-position":"center center","background-size":"auto","background-attachment":"scroll","background-type":"","background-media":"","overlay-type":"","overlay-color":"","overlay-opacity":"","overlay-gradient":""},"mobile":{"background-color":"var(--ast-global-color-4)","background-image":"","background-repeat":"repeat","background-position":"center center","background-size":"auto","background-attachment":"scroll","background-type":"","background-media":"","overlay-type":"","overlay-color":"","overlay-opacity":"","overlay-gradient":""}}},"product_brand":[156],"product_cat":[149,148],"product_tag":[],"class_list":{"0":"post-8335","1":"product","2":"type-product","3":"status-publish","4":"has-post-thumbnail","6":"product_brand-festool","7":"product_cat-festool","8":"product_cat-markaink","9":"desktop-align-left","10":"tablet-align-left","11":"mobile-align-left","13":"first","14":"instock","15":"shipping-taxable","16":"purchasable","17":"product-type-simple"},"jetpack_sharing_enabled":true,"_links":{"self":[{"href":"https:\/\/szerszamhazpecs.hu\/index.php\/wp-json\/wp\/v2\/product\/8335","targetHints":{"allow":["GET"]}}],"collection":[{"href":"https:\/\/szerszamhazpecs.hu\/index.php\/wp-json\/wp\/v2\/product"}],"about":[{"href":"https:\/\/szerszamhazpecs.hu\/index.php\/wp-json\/wp\/v2\/types\/product"}],"replies":[{"embeddable":true,"href":"https:\/\/szerszamhazpecs.hu\/index.php\/wp-json\/wp\/v2\/comments?post=8335"}],"wp:featuredmedia":[{"embeddable":true,"href":"https:\/\/szerszamhazpecs.hu\/index.php\/wp-json\/wp\/v2\/media\/8372"}],"wp:attachment":[{"href":"https:\/\/szerszamhazpecs.hu\/index.php\/wp-json\/wp\/v2\/media?parent=8335"}],"wp:term":[{"taxonomy":"product_brand","embeddable":true,"href":"https:\/\/szerszamhazpecs.hu\/index.php\/wp-json\/wp\/v2\/product_brand?post=8335"},{"taxonomy":"product_cat","embeddable":true,"href":"https:\/\/szerszamhazpecs.hu\/index.php\/wp-json\/wp\/v2\/product_cat?post=8335"},{"taxonomy":"product_tag","embeddable":true,"href":"https:\/\/szerszamhazpecs.hu\/index.php\/wp-json\/wp\/v2\/product_tag?post=8335"}],"curies":[{"name":"wp","href":"https:\/\/api.w.org\/{rel}","templated":true}]}}