{"id":8333,"date":"2026-03-17T09:54:01","date_gmt":"2026-03-17T08:54:01","guid":{"rendered":"https:\/\/szerszamhazpecs.hu\/?post_type=product&#038;p=8333"},"modified":"2026-03-20T10:18:26","modified_gmt":"2026-03-20T09:18:26","slug":"festool-akkus-mobil-elszivo-ctlc-sys-i-basic-cleantec","status":"publish","type":"product","link":"https:\/\/szerszamhazpecs.hu\/index.php\/product\/festool-akkus-mobil-elszivo-ctlc-sys-i-basic-cleantec\/","title":{"rendered":"Festool Akkus mobil elsz\u00edv\u00f3 CTLC SYS I-Basic CLEANTEC"},"content":{"rendered":"<h1 data-section-id=\"eoz0l9\" data-start=\"106\" data-end=\"139\">Festool akkus Systainer elsz\u00edv\u00f3<\/h1>\n<h2 data-section-id=\"dmrq5p\" data-start=\"141\" data-end=\"156\">Term\u00e9kle\u00edr\u00e1s<\/h2>\n<p data-start=\"158\" data-end=\"415\">A <strong data-start=\"160\" data-end=\"195\">Festool akkus Systainer elsz\u00edv\u00f3<\/strong> maxim\u00e1lis mobilit\u00e1st \u00e9s teljes szabads\u00e1got k\u00edn\u00e1l a munkav\u00e9gz\u00e9s sor\u00e1n. Kompakt Systainer form\u00e1tum\u00e1nak k\u00f6sz\u00f6nhet\u0151en k\u00f6nnyen sz\u00e1ll\u00edthat\u00f3 \u00e9s t\u00e1rolhat\u00f3, mik\u00f6zben teljes \u00e9rt\u00e9k\u0171 elsz\u00edv\u00e1si teljes\u00edtm\u00e9nyt biztos\u00edt k\u00e1belek n\u00e9lk\u00fcl.<\/p>\n<p data-start=\"417\" data-end=\"683\">A <strong data-start=\"419\" data-end=\"469\">2 \u00d7 18 V akkumul\u00e1torral m\u0171k\u00f6d\u0151 36 V-os turbina<\/strong> er\u0151teljes sz\u00edv\u00f3er\u0151t garant\u00e1l, amely a h\u00e1l\u00f3zati elsz\u00edv\u00f3k teljes\u00edtm\u00e9ny\u00e9hez hasonl\u00edthat\u00f3. A Bluetooth kapcsolat lehet\u0151v\u00e9 teszi az automatikus ind\u00edt\u00e1st, \u00edgy az elsz\u00edv\u00f3 t\u00f6k\u00e9letesen egy\u00fcttm\u0171k\u00f6dik az akkus szersz\u00e1mokkal.<\/p>\n<p data-start=\"685\" data-end=\"816\">Ide\u00e1lis v\u00e1laszt\u00e1s szervizmunk\u00e1khoz, gyors beavatkoz\u00e1sokhoz vagy kisebb feladatokhoz, ahol fontos a mobilit\u00e1s \u00e9s a gyors be\u00fczemel\u00e9s.<\/p>\n<hr data-start=\"818\" data-end=\"821\" \/>\n<h1 data-section-id=\"hwrfli\" data-start=\"823\" data-end=\"839\">F\u0151bb jellemz\u0151k<\/h1>\n<h3 data-section-id=\"p5dtqj\" data-start=\"841\" data-end=\"864\">Maxim\u00e1lis mobilit\u00e1s<\/h3>\n<ul data-start=\"865\" data-end=\"955\">\n<li data-section-id=\"1m1t58d\" data-start=\"865\" data-end=\"901\">\n<p data-start=\"867\" data-end=\"901\">kompakt <strong data-start=\"875\" data-end=\"899\">Systainer kialak\u00edt\u00e1s<\/strong><\/p>\n<\/li>\n<li data-section-id=\"47v2fr\" data-start=\"902\" data-end=\"927\">\n<p data-start=\"904\" data-end=\"927\">k\u00f6nny\u0171 sz\u00e1ll\u00edthat\u00f3s\u00e1g<\/p>\n<\/li>\n<li data-section-id=\"18b3hrx\" data-start=\"928\" data-end=\"955\">\n<p data-start=\"930\" data-end=\"955\">v\u00e1llp\u00e1nttal is hordozhat\u00f3<\/p>\n<\/li>\n<\/ul>\n<h3 data-section-id=\"1atlgrg\" data-start=\"957\" data-end=\"980\">K\u00e1belmentes m\u0171k\u00f6d\u00e9s<\/h3>\n<ul data-start=\"981\" data-end=\"1049\">\n<li data-section-id=\"1dj3vfe\" data-start=\"981\" data-end=\"1009\">\n<p data-start=\"983\" data-end=\"1009\"><strong data-start=\"983\" data-end=\"1007\">2 \u00d7 18 V akkumul\u00e1tor<\/strong><\/p>\n<\/li>\n<li data-section-id=\"aszad7\" data-start=\"1010\" data-end=\"1049\">\n<p data-start=\"1012\" data-end=\"1049\">teljesen konnektorf\u00fcggetlen haszn\u00e1lat<\/p>\n<\/li>\n<\/ul>\n<h3 data-section-id=\"5uwsfw\" data-start=\"1051\" data-end=\"1072\">Nagy teljes\u00edtm\u00e9ny<\/h3>\n<ul data-start=\"1073\" data-end=\"1132\">\n<li data-section-id=\"13aak59\" data-start=\"1073\" data-end=\"1092\">\n<p data-start=\"1075\" data-end=\"1092\">36 V-os turbina<\/p>\n<\/li>\n<li data-section-id=\"s6hz7p\" data-start=\"1093\" data-end=\"1132\">\n<p data-start=\"1095\" data-end=\"1132\">h\u00e1l\u00f3zati elsz\u00edv\u00f3khoz hasonl\u00f3 sz\u00edv\u00f3er\u0151<\/p>\n<\/li>\n<\/ul>\n<h3 data-section-id=\"1ba6heh\" data-start=\"1134\" data-end=\"1156\">\u00c1ll\u00edthat\u00f3 elsz\u00edv\u00e1s<\/h3>\n<ul data-start=\"1157\" data-end=\"1202\">\n<li data-section-id=\"1wc4fa2\" data-start=\"1157\" data-end=\"1202\">\n<p data-start=\"1159\" data-end=\"1202\"><strong data-start=\"1159\" data-end=\"1202\">3 fokozatban szab\u00e1lyozhat\u00f3 teljes\u00edtm\u00e9ny<\/strong><\/p>\n<\/li>\n<\/ul>\n<h3 data-section-id=\"1k2h1w4\" data-start=\"1204\" data-end=\"1226\">Bluetooth vez\u00e9rl\u00e9s<\/h3>\n<ul data-start=\"1227\" data-end=\"1312\">\n<li data-section-id=\"16r2rcx\" data-start=\"1227\" data-end=\"1280\">\n<p data-start=\"1229\" data-end=\"1280\">automatikus ind\u00edt\u00e1s kompatibilis akkumul\u00e1torokkal<\/p>\n<\/li>\n<li data-section-id=\"lltve1\" data-start=\"1281\" data-end=\"1312\">\n<p data-start=\"1283\" data-end=\"1312\">t\u00e1vvez\u00e9rl\u0151vel is m\u0171k\u00f6dtethet\u0151<\/p>\n<\/li>\n<\/ul>\n<h3 data-section-id=\"dnmrmj\" data-start=\"1314\" data-end=\"1340\">Folyamatos munkav\u00e9gz\u00e9s<\/h3>\n<ul data-start=\"1341\" data-end=\"1435\">\n<li data-section-id=\"1k7sc93\" data-start=\"1341\" data-end=\"1395\">\n<p data-start=\"1343\" data-end=\"1395\">t\u00f6bb akkumul\u00e1torral megszak\u00edt\u00e1s n\u00e9lk\u00fcl haszn\u00e1lhat\u00f3<\/p>\n<\/li>\n<li data-section-id=\"5c4iq3\" data-start=\"1396\" data-end=\"1435\">\n<p data-start=\"1398\" data-end=\"1435\">kompatibilis a Festool gyorst\u00f6lt\u0151kkel<\/p>\n<\/li>\n<\/ul>\n<h3 data-section-id=\"13vbl2o\" data-start=\"1437\" data-end=\"1461\">Praktikus kialak\u00edt\u00e1s<\/h3>\n<ul data-start=\"1462\" data-end=\"1516\">\n<li data-section-id=\"1353luw\" data-start=\"1462\" data-end=\"1485\">\n<p data-start=\"1464\" data-end=\"1485\">levehet\u0151 t\u00f6ml\u0151tart\u00f3<\/p>\n<\/li>\n<li data-section-id=\"evo6yg\" data-start=\"1486\" data-end=\"1516\">\n<p data-start=\"1488\" data-end=\"1516\">kompakt, m\u00e9gis j\u00f3l pakolhat\u00f3<\/p>\n<\/li>\n<\/ul>\n<h3 data-section-id=\"18sgavc\" data-start=\"1518\" data-end=\"1544\">Rendszerkompatibilit\u00e1s<\/h3>\n<ul data-start=\"1545\" data-end=\"1617\">\n<li data-section-id=\"1i6o4yx\" data-start=\"1545\" data-end=\"1584\">\n<p data-start=\"1547\" data-end=\"1584\">\u00f6sszekapcsolhat\u00f3 m\u00e1s Systainerekkel<\/p>\n<\/li>\n<li data-section-id=\"y6sdt3\" data-start=\"1585\" data-end=\"1617\">\n<p data-start=\"1587\" data-end=\"1617\">integr\u00e1lhat\u00f3 j\u00e1rm\u0171rendszerekbe<\/p>\n<\/li>\n<\/ul>\n<h3 data-section-id=\"8ghuaz\" data-start=\"1619\" data-end=\"1645\">Eg\u00e9szs\u00e9ges munkav\u00e9gz\u00e9s<\/h3>\n<ul data-start=\"1646\" data-end=\"1692\">\n<li data-section-id=\"1buizlb\" data-start=\"1646\" data-end=\"1666\">\n<p data-start=\"1648\" data-end=\"1666\"><strong data-start=\"1648\" data-end=\"1664\">L poroszt\u00e1ly<\/strong><\/p>\n<\/li>\n<li data-section-id=\"i9dw9q\" data-start=\"1667\" data-end=\"1692\">\n<p data-start=\"1669\" data-end=\"1692\">hat\u00e9kony porlev\u00e1laszt\u00e1s<\/p>\n<\/li>\n<\/ul>\n<hr data-start=\"1694\" data-end=\"1697\" \/>\n<h1 data-section-id=\"q57tq7\" data-start=\"1699\" data-end=\"1722\">Aj\u00e1nlott felhaszn\u00e1l\u00e1s<\/h1>\n<p data-start=\"1724\" data-end=\"1754\">A k\u00e9sz\u00fcl\u00e9k k\u00fcl\u00f6n\u00f6sen alkalmas:<\/p>\n<ul data-start=\"1756\" data-end=\"1995\">\n<li data-section-id=\"mkwqoj\" data-start=\"1756\" data-end=\"1795\">\n<p data-start=\"1758\" data-end=\"1795\">szerviz- \u00e9s karbantart\u00e1si munk\u00e1khoz<\/p>\n<\/li>\n<li data-section-id=\"981fga\" data-start=\"1796\" data-end=\"1832\">\n<p data-start=\"1798\" data-end=\"1832\">akkus k\u00e9ziszersz\u00e1mok elsz\u00edv\u00e1s\u00e1ra<\/p>\n<\/li>\n<li data-section-id=\"ysiai\" data-start=\"1833\" data-end=\"1885\">\n<p data-start=\"1835\" data-end=\"1885\">kisebb csiszol\u00e1si, f\u00far\u00e1si \u00e9s v\u00e1g\u00e1si feladatokhoz<\/p>\n<\/li>\n<li data-section-id=\"1ifrqo5\" data-start=\"1886\" data-end=\"1916\">\n<p data-start=\"1888\" data-end=\"1916\">gyors, helysz\u00edni munk\u00e1khoz<\/p>\n<\/li>\n<li data-section-id=\"2py4ch\" data-start=\"1917\" data-end=\"1947\">\n<p data-start=\"1919\" data-end=\"1947\">munkater\u00fclet tiszt\u00edt\u00e1s\u00e1hoz<\/p>\n<\/li>\n<li data-section-id=\"maskr2\" data-start=\"1948\" data-end=\"1995\">\n<blockquote data-start=\"1950\" data-end=\"1995\">\n<p data-start=\"1951\" data-end=\"1995\">1 mg\/m\u00b3 hat\u00e1r\u00e9rt\u00e9k feletti porok elsz\u00edv\u00e1s\u00e1ra<\/p>\n<\/blockquote>\n<\/li>\n<\/ul>\n<hr data-start=\"1997\" data-end=\"2000\" \/>\n<h1 data-section-id=\"1hbqnac\" data-start=\"2002\" data-end=\"2018\">M\u0171szaki adatok<\/h1>\n<div class=\"TyagGW_tableContainer\">\n<div class=\"group TyagGW_tableWrapper flex flex-col-reverse w-fit\" tabindex=\"-1\">\n<table class=\"w-fit min-w-(--thread-content-width)\" data-start=\"2020\" data-end=\"2362\">\n<thead data-start=\"2020\" data-end=\"2041\">\n<tr data-start=\"2020\" data-end=\"2041\">\n<th class=\"\" data-start=\"2020\" data-end=\"2032\" data-col-size=\"sm\">Param\u00e9ter<\/th>\n<th class=\"\" data-start=\"2032\" data-end=\"2041\" data-col-size=\"sm\">\u00c9rt\u00e9k<\/th>\n<\/tr>\n<\/thead>\n<tbody data-start=\"2052\" data-end=\"2362\">\n<tr data-start=\"2052\" data-end=\"2078\">\n<td data-start=\"2052\" data-end=\"2061\" data-col-size=\"sm\">Hajt\u00e1s<\/td>\n<td data-start=\"2061\" data-end=\"2078\" data-col-size=\"sm\">akkumul\u00e1toros<\/td>\n<\/tr>\n<tr data-start=\"2079\" data-end=\"2105\">\n<td data-start=\"2079\" data-end=\"2093\" data-col-size=\"sm\">Akkumul\u00e1tor<\/td>\n<td data-start=\"2093\" data-end=\"2105\" data-col-size=\"sm\">2 \u00d7 18 V<\/td>\n<\/tr>\n<tr data-start=\"2106\" data-end=\"2141\">\n<td data-start=\"2106\" data-end=\"2126\" data-col-size=\"sm\">Max. l\u00e9gsz\u00e1ll\u00edt\u00e1s<\/td>\n<td data-start=\"2126\" data-end=\"2141\" data-col-size=\"sm\">2400 l\/perc<\/td>\n<\/tr>\n<tr data-start=\"2142\" data-end=\"2169\">\n<td data-start=\"2142\" data-end=\"2156\" data-col-size=\"sm\">Max. v\u00e1kuum<\/td>\n<td data-start=\"2156\" data-end=\"2169\" data-col-size=\"sm\">18 000 Pa<\/td>\n<\/tr>\n<tr data-start=\"2170\" data-end=\"2197\">\n<td data-start=\"2170\" data-end=\"2185\" data-col-size=\"sm\">Sz\u0171r\u0151fel\u00fclet<\/td>\n<td data-start=\"2185\" data-end=\"2197\" data-col-size=\"sm\">5357 cm\u00b2<\/td>\n<\/tr>\n<tr data-start=\"2198\" data-end=\"2227\">\n<td data-start=\"2198\" data-end=\"2218\" data-col-size=\"sm\">Tart\u00e1ly kapacit\u00e1s<\/td>\n<td data-start=\"2218\" data-end=\"2227\" data-col-size=\"sm\">4,5 l<\/td>\n<\/tr>\n<tr data-start=\"2228\" data-end=\"2254\">\n<td data-start=\"2228\" data-end=\"2245\" data-col-size=\"sm\">Zs\u00e1k kapacit\u00e1s<\/td>\n<td data-start=\"2245\" data-end=\"2254\" data-col-size=\"sm\">3,5 l<\/td>\n<\/tr>\n<tr data-start=\"2255\" data-end=\"2285\">\n<td data-start=\"2255\" data-end=\"2263\" data-col-size=\"sm\">M\u00e9ret<\/td>\n<td data-start=\"2263\" data-end=\"2285\" data-col-size=\"sm\">396 \u00d7 297 \u00d7 307 mm<\/td>\n<\/tr>\n<tr data-start=\"2286\" data-end=\"2301\">\n<td data-start=\"2286\" data-end=\"2293\" data-col-size=\"sm\">S\u00faly<\/td>\n<td data-start=\"2293\" data-end=\"2301\" data-col-size=\"sm\">6 kg<\/td>\n<\/tr>\n<tr data-start=\"2302\" data-end=\"2343\">\n<td data-start=\"2302\" data-end=\"2325\" data-col-size=\"sm\">\u00dczemid\u0151 (2 \u00d7 4,0 Ah)<\/td>\n<td data-start=\"2325\" data-end=\"2343\" data-col-size=\"sm\">kb. 14\u201325 perc<\/td>\n<\/tr>\n<tr data-start=\"2344\" data-end=\"2362\">\n<td data-start=\"2344\" data-end=\"2357\" data-col-size=\"sm\">Poroszt\u00e1ly<\/td>\n<td data-start=\"2357\" data-end=\"2362\" data-col-size=\"sm\">L<\/td>\n<\/tr>\n<\/tbody>\n<\/table>\n<\/div>\n<\/div>\n<hr data-start=\"2364\" data-end=\"2367\" \/>\n<h1 data-section-id=\"mymt3h\" data-start=\"2369\" data-end=\"2379\">Zajszint<\/h1>\n<div class=\"TyagGW_tableContainer\">\n<div class=\"group TyagGW_tableWrapper flex flex-col-reverse w-fit\" tabindex=\"-1\">\n<table class=\"w-fit min-w-(--thread-content-width)\" data-start=\"2381\" data-end=\"2443\">\n<thead data-start=\"2381\" data-end=\"2402\">\n<tr data-start=\"2381\" data-end=\"2402\">\n<th class=\"\" data-start=\"2381\" data-end=\"2393\" data-col-size=\"sm\">Param\u00e9ter<\/th>\n<th class=\"\" data-start=\"2393\" data-end=\"2402\" data-col-size=\"sm\">\u00c9rt\u00e9k<\/th>\n<\/tr>\n<\/thead>\n<tbody data-start=\"2413\" data-end=\"2443\">\n<tr data-start=\"2413\" data-end=\"2443\">\n<td data-start=\"2413\" data-end=\"2431\" data-col-size=\"sm\">Hangnyom\u00e1sszint<\/td>\n<td data-start=\"2431\" data-end=\"2443\" data-col-size=\"sm\">65 dB(A)<\/td>\n<\/tr>\n<\/tbody>\n<\/table>\n<\/div>\n<\/div>\n<hr data-start=\"2445\" data-end=\"2448\" \/>\n<h1 data-section-id=\"8a27up\" data-start=\"2450\" data-end=\"2469\">A csomag tartalma<\/h1>\n<ul data-start=\"2471\" data-end=\"2672\">\n<li data-section-id=\"1ojdqlg\" data-start=\"2471\" data-end=\"2482\">\n<p data-start=\"2473\" data-end=\"2482\">f\u0151sz\u0171r\u0151<\/p>\n<\/li>\n<li data-section-id=\"1pvbq1u\" data-start=\"2483\" data-end=\"2509\">\n<p data-start=\"2485\" data-end=\"2509\">sz\u0171r\u0151zs\u00e1k (behelyezve)<\/p>\n<\/li>\n<li data-section-id=\"f50g62\" data-start=\"2510\" data-end=\"2552\">\n<p data-start=\"2512\" data-end=\"2552\"><strong data-start=\"2512\" data-end=\"2550\">AS\/CT sima elsz\u00edv\u00f3t\u00f6ml\u0151 \u00d8 27 \u00d7 3 m<\/strong><\/p>\n<\/li>\n<li data-section-id=\"1h2qywt\" data-start=\"2553\" data-end=\"2567\">\n<p data-start=\"2555\" data-end=\"2567\">forg\u00f3csonk<\/p>\n<\/li>\n<li data-section-id=\"1r3nqx7\" data-start=\"2568\" data-end=\"2598\">\n<p data-start=\"2570\" data-end=\"2598\">k\u00e1rpittiszt\u00edt\u00f3 fej D 36 PD<\/p>\n<\/li>\n<li data-section-id=\"hgvl5q\" data-start=\"2599\" data-end=\"2627\">\n<p data-start=\"2601\" data-end=\"2627\">r\u00e9ssz\u00edv\u00f3 fej D 36 FH-150<\/p>\n<\/li>\n<li data-section-id=\"1jkfpm9\" data-start=\"2628\" data-end=\"2651\">\n<p data-start=\"2630\" data-end=\"2651\"><strong data-start=\"2630\" data-end=\"2649\">SYS-CT hordp\u00e1nt<\/strong><\/p>\n<\/li>\n<li data-section-id=\"26feyh\" data-start=\"2652\" data-end=\"2672\">\n<p data-start=\"2654\" data-end=\"2672\">CT-F I t\u00e1vir\u00e1ny\u00edt\u00f3<\/p>\n<\/li>\n<\/ul>\n","protected":false},"excerpt":{"rendered":"<p>Professzion\u00e1lis Festool szersz\u00e1m: SYS elsz\u00edv\u0151 akkus.<\/p>\n","protected":false},"featured_media":8376,"comment_status":"open","ping_status":"closed","template":"","meta":{"site-sidebar-layout":"default","site-content-layout":"","ast-site-content-layout":"normal-width-container","site-content-style":"boxed","site-sidebar-style":"default","ast-global-header-display":"","ast-banner-title-visibility":"","ast-main-header-display":"","ast-hfb-above-header-display":"","ast-hfb-below-header-display":"","ast-hfb-mobile-header-display":"","site-post-title":"","ast-breadcrumbs-content":"","ast-featured-img":"","footer-sml-layout":"","ast-disable-related-posts":"","theme-transparent-header-meta":"default","adv-header-id-meta":"","stick-header-meta":"","header-above-stick-meta":"","header-main-stick-meta":"","header-below-stick-meta":"","astra-migrate-meta-layouts":"set","ast-page-background-enabled":"default","ast-page-background-meta":{"desktop":{"background-color":"var(--ast-global-color-5)","background-image":"","background-repeat":"repeat","background-position":"center center","background-size":"auto","background-attachment":"scroll","background-type":"","background-media":"","overlay-type":"","overlay-color":"","overlay-opacity":"","overlay-gradient":""},"tablet":{"background-color":"","background-image":"","background-repeat":"repeat","background-position":"center center","background-size":"auto","background-attachment":"scroll","background-type":"","background-media":"","overlay-type":"","overlay-color":"","overlay-opacity":"","overlay-gradient":""},"mobile":{"background-color":"","background-image":"","background-repeat":"repeat","background-position":"center center","background-size":"auto","background-attachment":"scroll","background-type":"","background-media":"","overlay-type":"","overlay-color":"","overlay-opacity":"","overlay-gradient":""}},"ast-content-background-meta":{"desktop":{"background-color":"var(--ast-global-color-4)","background-image":"","background-repeat":"repeat","background-position":"center center","background-size":"auto","background-attachment":"scroll","background-type":"","background-media":"","overlay-type":"","overlay-color":"","overlay-opacity":"","overlay-gradient":""},"tablet":{"background-color":"var(--ast-global-color-4)","background-image":"","background-repeat":"repeat","background-position":"center center","background-size":"auto","background-attachment":"scroll","background-type":"","background-media":"","overlay-type":"","overlay-color":"","overlay-opacity":"","overlay-gradient":""},"mobile":{"background-color":"var(--ast-global-color-4)","background-image":"","background-repeat":"repeat","background-position":"center center","background-size":"auto","background-attachment":"scroll","background-type":"","background-media":"","overlay-type":"","overlay-color":"","overlay-opacity":"","overlay-gradient":""}}},"product_brand":[156],"product_cat":[149,148],"product_tag":[],"class_list":{"0":"post-8333","1":"product","2":"type-product","3":"status-publish","4":"has-post-thumbnail","6":"product_brand-festool","7":"product_cat-festool","8":"product_cat-markaink","9":"desktop-align-left","10":"tablet-align-left","11":"mobile-align-left","13":"first","14":"instock","15":"shipping-taxable","16":"purchasable","17":"product-type-simple"},"jetpack_sharing_enabled":true,"_links":{"self":[{"href":"https:\/\/szerszamhazpecs.hu\/index.php\/wp-json\/wp\/v2\/product\/8333","targetHints":{"allow":["GET"]}}],"collection":[{"href":"https:\/\/szerszamhazpecs.hu\/index.php\/wp-json\/wp\/v2\/product"}],"about":[{"href":"https:\/\/szerszamhazpecs.hu\/index.php\/wp-json\/wp\/v2\/types\/product"}],"replies":[{"embeddable":true,"href":"https:\/\/szerszamhazpecs.hu\/index.php\/wp-json\/wp\/v2\/comments?post=8333"}],"wp:featuredmedia":[{"embeddable":true,"href":"https:\/\/szerszamhazpecs.hu\/index.php\/wp-json\/wp\/v2\/media\/8376"}],"wp:attachment":[{"href":"https:\/\/szerszamhazpecs.hu\/index.php\/wp-json\/wp\/v2\/media?parent=8333"}],"wp:term":[{"taxonomy":"product_brand","embeddable":true,"href":"https:\/\/szerszamhazpecs.hu\/index.php\/wp-json\/wp\/v2\/product_brand?post=8333"},{"taxonomy":"product_cat","embeddable":true,"href":"https:\/\/szerszamhazpecs.hu\/index.php\/wp-json\/wp\/v2\/product_cat?post=8333"},{"taxonomy":"product_tag","embeddable":true,"href":"https:\/\/szerszamhazpecs.hu\/index.php\/wp-json\/wp\/v2\/product_tag?post=8333"}],"curies":[{"name":"wp","href":"https:\/\/api.w.org\/{rel}","templated":true}]}}