{"id":8331,"date":"2026-03-17T09:49:54","date_gmt":"2026-03-17T08:49:54","guid":{"rendered":"https:\/\/szerszamhazpecs.hu\/?post_type=product&#038;p=8331"},"modified":"2026-03-20T10:22:26","modified_gmt":"2026-03-20T09:22:26","slug":"festool-mobil-elszivo-cleantec-ctl-36-ei-ac-planex","status":"publish","type":"product","link":"https:\/\/szerszamhazpecs.hu\/index.php\/product\/festool-mobil-elszivo-cleantec-ctl-36-ei-ac-planex\/","title":{"rendered":"Festool Mobil elsz\u00edv\u00f3 CLEANTEC CTL 36 EI AC-PLANEX"},"content":{"rendered":"<h1 data-section-id=\"838ff4\" data-start=\"97\" data-end=\"141\">Festool CTL AUTOCLEAN elsz\u00edv\u00f3 \u2013 PLANEX-hez<\/h1>\n<h2 data-section-id=\"dmrq5p\" data-start=\"143\" data-end=\"158\">Term\u00e9kle\u00edr\u00e1s<\/h2>\n<p data-start=\"160\" data-end=\"423\">A <strong data-start=\"162\" data-end=\"195\">Festool CTL AUTOCLEAN elsz\u00edv\u00f3<\/strong> kifejezetten sz\u00e1raz\u00e9p\u00edt\u00e9si munk\u00e1khoz k\u00e9sz\u00fclt, \u00e9s ide\u00e1lis t\u00e1rs a <strong data-start=\"260\" data-end=\"300\">PLANEX fal- \u00e9s mennyezetcsiszol\u00f3khoz<\/strong>. A rendszer \u00fagy lett kialak\u00edtva, hogy folyamatosan magas elsz\u00edv\u00f3teljes\u00edtm\u00e9nyt biztos\u00edtson m\u00e9g intenz\u00edv haszn\u00e1lat sor\u00e1n is.<\/p>\n<p data-start=\"425\" data-end=\"641\">Az <strong data-start=\"428\" data-end=\"476\">AUTOCLEAN automatikus sz\u0171r\u0151tiszt\u00edt\u00f3 rendszer<\/strong> gondoskodik arr\u00f3l, hogy a f\u0151sz\u0171r\u0151 ne t\u00f6m\u0151dj\u00f6n el, \u00edgy a teljes\u00edtm\u00e9ny hossz\u00fa t\u00e1von is stabil marad. A ComfortClean mechanika tov\u00e1bb n\u00f6veli a tiszt\u00edt\u00e1s hat\u00e9konys\u00e1g\u00e1t.<\/p>\n<p data-start=\"643\" data-end=\"797\">Az intelligens funkci\u00f3k \u2013 mint a Bluetooth kapcsolat, az automatikus szersz\u00e1mind\u00edt\u00e1s \u00e9s az \u00e9rint\u00e9svez\u00e9rl\u00e9s \u2013 k\u00e9nyelmess\u00e9 \u00e9s modernn\u00e9 teszik a haszn\u00e1latot.<\/p>\n<hr data-start=\"799\" data-end=\"802\" \/>\n<h1 data-section-id=\"hwrfli\" data-start=\"804\" data-end=\"820\">F\u0151bb jellemz\u0151k<\/h1>\n<h3 data-section-id=\"qd97w0\" data-start=\"822\" data-end=\"854\">Kifejezetten sz\u00e1raz\u00e9p\u00edt\u00e9shez<\/h3>\n<ul data-start=\"855\" data-end=\"940\">\n<li data-section-id=\"1f06pdo\" data-start=\"855\" data-end=\"910\">\n<p data-start=\"857\" data-end=\"910\">optimaliz\u00e1lt m\u0171k\u00f6d\u00e9s glett \u00e9s vakolat csiszol\u00e1s\u00e1hoz<\/p>\n<\/li>\n<li data-section-id=\"szfaac\" data-start=\"911\" data-end=\"940\">\n<p data-start=\"913\" data-end=\"940\">ide\u00e1lis PLANEX csiszol\u00f3kkal<\/p>\n<\/li>\n<\/ul>\n<h3 data-section-id=\"1xyn5ad\" data-start=\"942\" data-end=\"972\">Automatikus sz\u0171r\u0151tiszt\u00edt\u00e1s<\/h3>\n<ul data-start=\"973\" data-end=\"1097\">\n<li data-section-id=\"1c4d28x\" data-start=\"973\" data-end=\"997\">\n<p data-start=\"975\" data-end=\"997\"><strong data-start=\"975\" data-end=\"997\">AUTOCLEAN rendszer<\/strong><\/p>\n<\/li>\n<li data-section-id=\"pljzm\" data-start=\"998\" data-end=\"1053\">\n<p data-start=\"1000\" data-end=\"1053\">\u00e1ll\u00edthat\u00f3 tiszt\u00edt\u00e1si ciklusok (15 \/ 30 \/ 60 \/ 120 mp)<\/p>\n<\/li>\n<li data-section-id=\"1dynx3r\" data-start=\"1054\" data-end=\"1097\">\n<p data-start=\"1056\" data-end=\"1097\">folyamatos, stabil elsz\u00edv\u00e1si teljes\u00edtm\u00e9ny<\/p>\n<\/li>\n<\/ul>\n<h3 data-section-id=\"1t08o6e\" data-start=\"1099\" data-end=\"1125\">ComfortClean tiszt\u00edt\u00e1s<\/h3>\n<ul data-start=\"1126\" data-end=\"1181\">\n<li data-section-id=\"zjjot0\" data-start=\"1126\" data-end=\"1148\">\n<p data-start=\"1128\" data-end=\"1148\">tol\u00f3z\u00e1ras rendszer<\/p>\n<\/li>\n<li data-section-id=\"ap2s2l\" data-start=\"1149\" data-end=\"1181\">\n<p data-start=\"1151\" data-end=\"1181\">m\u00e9g hat\u00e9konyabb sz\u0171r\u0151tiszt\u00edt\u00e1s<\/p>\n<\/li>\n<\/ul>\n<h3 data-section-id=\"6yw3kx\" data-start=\"1183\" data-end=\"1203\">Intuit\u00edv kezel\u00e9s<\/h3>\n<ul data-start=\"1204\" data-end=\"1267\">\n<li data-section-id=\"158vw1j\" data-start=\"1204\" data-end=\"1237\">\n<p data-start=\"1206\" data-end=\"1237\">\u00e9rint\u00e9svez\u00e9relt kezel\u0151fel\u00fclet<\/p>\n<\/li>\n<li data-section-id=\"17s492z\" data-start=\"1238\" data-end=\"1267\">\n<p data-start=\"1240\" data-end=\"1267\">egyszer\u0171 \u00e9s gyors be\u00e1ll\u00edt\u00e1s<\/p>\n<\/li>\n<\/ul>\n<h3 data-section-id=\"k0ysq2\" data-start=\"1269\" data-end=\"1292\">Automatikus m\u0171k\u00f6d\u00e9s<\/h3>\n<ul data-start=\"1293\" data-end=\"1385\">\n<li data-section-id=\"1q5vxb3\" data-start=\"1293\" data-end=\"1338\">\n<p data-start=\"1295\" data-end=\"1338\">be\u00e9p\u00edtett aljzat elektromos szersz\u00e1mokhoz<\/p>\n<\/li>\n<li data-section-id=\"xci49m\" data-start=\"1339\" data-end=\"1385\">\n<p data-start=\"1341\" data-end=\"1385\">a szersz\u00e1m ind\u00edt\u00e1s\u00e1val az elsz\u00edv\u00f3 is elindul<\/p>\n<\/li>\n<\/ul>\n<h3 data-section-id=\"1b3izln\" data-start=\"1387\" data-end=\"1413\">\u00c1ll\u00edthat\u00f3 teljes\u00edtm\u00e9ny<\/h3>\n<ul data-start=\"1414\" data-end=\"1457\">\n<li data-section-id=\"h8bra1\" data-start=\"1414\" data-end=\"1457\">\n<p data-start=\"1416\" data-end=\"1457\"><strong data-start=\"1416\" data-end=\"1457\">5 fokozatban szab\u00e1lyozhat\u00f3 elsz\u00edv\u00f3er\u0151<\/strong><\/p>\n<\/li>\n<\/ul>\n<h3 data-section-id=\"1ahop8f\" data-start=\"1459\" data-end=\"1480\">Bluetooth funkci\u00f3<\/h3>\n<ul data-start=\"1481\" data-end=\"1560\">\n<li data-section-id=\"16r2rcx\" data-start=\"1481\" data-end=\"1534\">\n<p data-start=\"1483\" data-end=\"1534\">automatikus ind\u00edt\u00e1s kompatibilis akkumul\u00e1torokkal<\/p>\n<\/li>\n<li data-section-id=\"jdtnym\" data-start=\"1535\" data-end=\"1560\">\n<p data-start=\"1537\" data-end=\"1560\">opcion\u00e1lis t\u00e1vir\u00e1ny\u00edt\u00e1s<\/p>\n<\/li>\n<\/ul>\n<h3 data-section-id=\"1li8307\" data-start=\"1562\" data-end=\"1590\">Systainer kompatibilit\u00e1s<\/h3>\n<ul data-start=\"1591\" data-end=\"1655\">\n<li data-section-id=\"1v702xe\" data-start=\"1591\" data-end=\"1611\">\n<p data-start=\"1593\" data-end=\"1611\"><strong data-start=\"1593\" data-end=\"1611\">T-LOC rendszer<\/strong><\/p>\n<\/li>\n<li data-section-id=\"4tjy1t\" data-start=\"1612\" data-end=\"1655\">\n<p data-start=\"1614\" data-end=\"1655\">szersz\u00e1mok egyszer\u0171 r\u00f6gz\u00edt\u00e9se az elsz\u00edv\u00f3n<\/p>\n<\/li>\n<\/ul>\n<h3 data-section-id=\"1jvpcwe\" data-start=\"1657\" data-end=\"1677\">Hat\u00e9kony \u00e9s er\u0151s<\/h3>\n<ul data-start=\"1678\" data-end=\"1727\">\n<li data-section-id=\"4g11ro\" data-start=\"1678\" data-end=\"1708\">\n<p data-start=\"1680\" data-end=\"1708\">nagy teljes\u00edtm\u00e9ny\u0171 turbina<\/p>\n<\/li>\n<li data-section-id=\"ff6ba\" data-start=\"1709\" data-end=\"1727\">\n<p data-start=\"1711\" data-end=\"1727\">\u00e1lland\u00f3 sz\u00edv\u00f3er\u0151<\/p>\n<\/li>\n<\/ul>\n<h3 data-section-id=\"14nht17\" data-start=\"1729\" data-end=\"1755\">Antisztatikus rendszer<\/h3>\n<ul data-start=\"1756\" data-end=\"1800\">\n<li data-section-id=\"fabju7\" data-start=\"1756\" data-end=\"1800\">\n<p data-start=\"1758\" data-end=\"1800\">cs\u00f6kkenti az elektrosztatikus felt\u00f6lt\u0151d\u00e9st<\/p>\n<\/li>\n<\/ul>\n<h3 data-section-id=\"12f9eon\" data-start=\"1802\" data-end=\"1823\">Rendezett t\u00e1rol\u00e1s<\/h3>\n<ul data-start=\"1824\" data-end=\"1875\">\n<li data-section-id=\"ms2lmy\" data-start=\"1824\" data-end=\"1845\">\n<p data-start=\"1826\" data-end=\"1845\">t\u00f6ml\u0151tart\u00f3 rekesz<\/p>\n<\/li>\n<li data-section-id=\"1lr8d38\" data-start=\"1846\" data-end=\"1875\">\n<p data-start=\"1848\" data-end=\"1875\">k\u00e1bel felteker\u00e9si lehet\u0151s\u00e9g<\/p>\n<\/li>\n<\/ul>\n<h3 data-section-id=\"1em8yvs\" data-start=\"1877\" data-end=\"1896\">Mobil \u00e9s stabil<\/h3>\n<ul data-start=\"1897\" data-end=\"1962\">\n<li data-section-id=\"1mff91q\" data-start=\"1897\" data-end=\"1925\">\n<p data-start=\"1899\" data-end=\"1925\">nagy, forgathat\u00f3 kerekek<\/p>\n<\/li>\n<li data-section-id=\"al28mb\" data-start=\"1926\" data-end=\"1962\">\n<p data-start=\"1928\" data-end=\"1962\">be\u00e9p\u00edtett f\u00e9k a stabil r\u00f6gz\u00edt\u00e9shez<\/p>\n<\/li>\n<\/ul>\n<h3 data-section-id=\"12gx88h\" data-start=\"1964\" data-end=\"1986\">B\u0151v\u00edthet\u0151 rendszer<\/h3>\n<ul data-start=\"1987\" data-end=\"2035\">\n<li data-section-id=\"6q6n4n\" data-start=\"1987\" data-end=\"2035\">\n<p data-start=\"1989\" data-end=\"2035\">modulokkal (pl. s\u0171r\u00edtett leveg\u0151) kieg\u00e9sz\u00edthet\u0151<\/p>\n<\/li>\n<\/ul>\n<h3 data-section-id=\"1onwh59\" data-start=\"2037\" data-end=\"2051\">Poroszt\u00e1ly<\/h3>\n<ul data-start=\"2052\" data-end=\"2069\">\n<li data-section-id=\"1e4ckmp\" data-start=\"2052\" data-end=\"2069\">\n<p data-start=\"2054\" data-end=\"2069\"><strong data-start=\"2054\" data-end=\"2069\">L kateg\u00f3ria<\/strong><\/p>\n<\/li>\n<\/ul>\n<hr data-start=\"2071\" data-end=\"2074\" \/>\n<h1 data-section-id=\"q57tq7\" data-start=\"2076\" data-end=\"2099\">Aj\u00e1nlott felhaszn\u00e1l\u00e1s<\/h1>\n<p data-start=\"2101\" data-end=\"2131\">A k\u00e9sz\u00fcl\u00e9k k\u00fcl\u00f6n\u00f6sen alkalmas:<\/p>\n<ul data-start=\"2133\" data-end=\"2375\">\n<li data-section-id=\"mdh757\" data-start=\"2133\" data-end=\"2167\">\n<p data-start=\"2135\" data-end=\"2167\">glett \u00e9s vakolat csiszol\u00e1s\u00e1hoz<\/p>\n<\/li>\n<li data-section-id=\"pfgwpj\" data-start=\"2168\" data-end=\"2216\">\n<p data-start=\"2170\" data-end=\"2216\">PLANEX falcsiszol\u00f3val t\u00f6rt\u00e9n\u0151 munkav\u00e9gz\u00e9shez<\/p>\n<\/li>\n<li data-section-id=\"1sfkv41\" data-start=\"2217\" data-end=\"2262\">\n<p data-start=\"2219\" data-end=\"2262\">elektromos k\u00e9ziszersz\u00e1mok porelsz\u00edv\u00e1s\u00e1hoz<\/p>\n<\/li>\n<li data-section-id=\"a9w3g4\" data-start=\"2263\" data-end=\"2293\">\n<p data-start=\"2265\" data-end=\"2293\">m\u0171helyben \u00e9s \u00e9p\u00edtkez\u00e9seken<\/p>\n<\/li>\n<li data-section-id=\"vuoy0k\" data-start=\"2294\" data-end=\"2336\">\n<p data-start=\"2296\" data-end=\"2336\">sz\u00e1raz \u00e9s nedves elsz\u00edv\u00e1si feladatokra<\/p>\n<\/li>\n<li data-section-id=\"a5zqtk\" data-start=\"2337\" data-end=\"2375\">\n<blockquote data-start=\"2339\" data-end=\"2375\">\n<p data-start=\"2340\" data-end=\"2375\">1 mg\/m\u00b3 hat\u00e1r\u00e9rt\u00e9k feletti porokhoz<\/p>\n<\/blockquote>\n<\/li>\n<\/ul>\n<hr data-start=\"2377\" data-end=\"2380\" \/>\n<h1 data-section-id=\"8a27up\" data-start=\"2382\" data-end=\"2401\">A csomag tartalma<\/h1>\n<ul data-start=\"2403\" data-end=\"2574\">\n<li data-section-id=\"1xxvwr6\" data-start=\"2403\" data-end=\"2435\">\n<p data-start=\"2405\" data-end=\"2435\"><strong data-start=\"2405\" data-end=\"2433\">High Performance f\u0151sz\u0171r\u0151<\/strong><\/p>\n<\/li>\n<li data-section-id=\"5dstgb\" data-start=\"2436\" data-end=\"2475\">\n<p data-start=\"2438\" data-end=\"2475\">t\u00f6r\u00e9s\u00e1ll\u00f3 elsz\u00edv\u00f3t\u00f6ml\u0151 D 36 \u00d7 3,5 m<\/p>\n<\/li>\n<li data-section-id=\"x5ch49\" data-start=\"2476\" data-end=\"2503\">\n<p data-start=\"2478\" data-end=\"2503\"><strong data-start=\"2478\" data-end=\"2501\">SELFCLEAN sz\u0171r\u0151zs\u00e1k<\/strong><\/p>\n<\/li>\n<li data-section-id=\"swmmli\" data-start=\"2504\" data-end=\"2522\">\n<p data-start=\"2506\" data-end=\"2522\">porgy\u0171jt\u0151 zs\u00e1k<\/p>\n<\/li>\n<li data-section-id=\"1kn7jwu\" data-start=\"2523\" data-end=\"2551\">\n<p data-start=\"2525\" data-end=\"2551\"><strong data-start=\"2525\" data-end=\"2549\">ComfortClean tol\u00f3z\u00e1r<\/strong><\/p>\n<\/li>\n<li data-section-id=\"1g09fnh\" data-start=\"2552\" data-end=\"2574\">\n<p data-start=\"2554\" data-end=\"2574\">PLANEX szersz\u00e1mtart\u00f3<\/p>\n<\/li>\n<\/ul>\n","protected":false},"excerpt":{"rendered":"<p>Professzion\u00e1lis Festool szersz\u00e1m: elsz\u00edv\u00f3mobil ctl 36 ei-ac planex.<\/p>\n","protected":false},"featured_media":8380,"comment_status":"open","ping_status":"closed","template":"","meta":{"site-sidebar-layout":"default","site-content-layout":"","ast-site-content-layout":"normal-width-container","site-content-style":"boxed","site-sidebar-style":"default","ast-global-header-display":"","ast-banner-title-visibility":"","ast-main-header-display":"","ast-hfb-above-header-display":"","ast-hfb-below-header-display":"","ast-hfb-mobile-header-display":"","site-post-title":"","ast-breadcrumbs-content":"","ast-featured-img":"","footer-sml-layout":"","ast-disable-related-posts":"","theme-transparent-header-meta":"default","adv-header-id-meta":"","stick-header-meta":"","header-above-stick-meta":"","header-main-stick-meta":"","header-below-stick-meta":"","astra-migrate-meta-layouts":"set","ast-page-background-enabled":"default","ast-page-background-meta":{"desktop":{"background-color":"var(--ast-global-color-5)","background-image":"","background-repeat":"repeat","background-position":"center center","background-size":"auto","background-attachment":"scroll","background-type":"","background-media":"","overlay-type":"","overlay-color":"","overlay-opacity":"","overlay-gradient":""},"tablet":{"background-color":"","background-image":"","background-repeat":"repeat","background-position":"center center","background-size":"auto","background-attachment":"scroll","background-type":"","background-media":"","overlay-type":"","overlay-color":"","overlay-opacity":"","overlay-gradient":""},"mobile":{"background-color":"","background-image":"","background-repeat":"repeat","background-position":"center center","background-size":"auto","background-attachment":"scroll","background-type":"","background-media":"","overlay-type":"","overlay-color":"","overlay-opacity":"","overlay-gradient":""}},"ast-content-background-meta":{"desktop":{"background-color":"var(--ast-global-color-4)","background-image":"","background-repeat":"repeat","background-position":"center center","background-size":"auto","background-attachment":"scroll","background-type":"","background-media":"","overlay-type":"","overlay-color":"","overlay-opacity":"","overlay-gradient":""},"tablet":{"background-color":"var(--ast-global-color-4)","background-image":"","background-repeat":"repeat","background-position":"center center","background-size":"auto","background-attachment":"scroll","background-type":"","background-media":"","overlay-type":"","overlay-color":"","overlay-opacity":"","overlay-gradient":""},"mobile":{"background-color":"var(--ast-global-color-4)","background-image":"","background-repeat":"repeat","background-position":"center center","background-size":"auto","background-attachment":"scroll","background-type":"","background-media":"","overlay-type":"","overlay-color":"","overlay-opacity":"","overlay-gradient":""}}},"product_brand":[156],"product_cat":[149,148],"product_tag":[],"class_list":{"0":"post-8331","1":"product","2":"type-product","3":"status-publish","4":"has-post-thumbnail","6":"product_brand-festool","7":"product_cat-festool","8":"product_cat-markaink","9":"desktop-align-left","10":"tablet-align-left","11":"mobile-align-left","13":"first","14":"instock","15":"shipping-taxable","16":"purchasable","17":"product-type-simple"},"jetpack_sharing_enabled":true,"_links":{"self":[{"href":"https:\/\/szerszamhazpecs.hu\/index.php\/wp-json\/wp\/v2\/product\/8331","targetHints":{"allow":["GET"]}}],"collection":[{"href":"https:\/\/szerszamhazpecs.hu\/index.php\/wp-json\/wp\/v2\/product"}],"about":[{"href":"https:\/\/szerszamhazpecs.hu\/index.php\/wp-json\/wp\/v2\/types\/product"}],"replies":[{"embeddable":true,"href":"https:\/\/szerszamhazpecs.hu\/index.php\/wp-json\/wp\/v2\/comments?post=8331"}],"wp:featuredmedia":[{"embeddable":true,"href":"https:\/\/szerszamhazpecs.hu\/index.php\/wp-json\/wp\/v2\/media\/8380"}],"wp:attachment":[{"href":"https:\/\/szerszamhazpecs.hu\/index.php\/wp-json\/wp\/v2\/media?parent=8331"}],"wp:term":[{"taxonomy":"product_brand","embeddable":true,"href":"https:\/\/szerszamhazpecs.hu\/index.php\/wp-json\/wp\/v2\/product_brand?post=8331"},{"taxonomy":"product_cat","embeddable":true,"href":"https:\/\/szerszamhazpecs.hu\/index.php\/wp-json\/wp\/v2\/product_cat?post=8331"},{"taxonomy":"product_tag","embeddable":true,"href":"https:\/\/szerszamhazpecs.hu\/index.php\/wp-json\/wp\/v2\/product_tag?post=8331"}],"curies":[{"name":"wp","href":"https:\/\/api.w.org\/{rel}","templated":true}]}}