{"id":8330,"date":"2026-03-20T10:33:10","date_gmt":"2026-03-20T09:33:10","guid":{"rendered":"https:\/\/szerszamhazpecs.hu\/?post_type=product&#038;p=8330"},"modified":"2026-03-20T10:33:10","modified_gmt":"2026-03-20T09:33:10","slug":"festool-falcsiszolo-lhs-2-225-eqi","status":"publish","type":"product","link":"https:\/\/szerszamhazpecs.hu\/index.php\/product\/festool-falcsiszolo-lhs-2-225-eqi\/","title":{"rendered":"Festool Falcsiszol\u00f3 lhs 2 225 eqi"},"content":{"rendered":"<h1 data-section-id=\"z5w075\" data-start=\"77\" data-end=\"134\">Festool PLANEX hossz\u00fasz\u00e1r\u00fa falcsiszol\u00f3 LED vil\u00e1g\u00edt\u00e1ssal<\/h1>\n<h2 data-section-id=\"dmrq5p\" data-start=\"136\" data-end=\"151\">Term\u00e9kle\u00edr\u00e1s<\/h2>\n<p data-start=\"153\" data-end=\"405\">A <strong data-start=\"155\" data-end=\"189\">Festool PLANEX LED falcsiszol\u00f3<\/strong> \u00faj szintre emeli a sz\u00e1raz\u00e9p\u00edt\u00e9si munk\u00e1kat. A be\u00e9p\u00edtett <strong data-start=\"245\" data-end=\"275\">k\u00f6rk\u00f6r\u00f6s LED vil\u00e1g\u00edt\u00f3gy\u0171r\u0171<\/strong> s\u00farl\u00f3f\u00e9nyk\u00e9nt m\u0171k\u00f6dik, \u00edgy m\u00e1r csiszol\u00e1s k\u00f6zben l\u00e1that\u00f3v\u00e1 v\u00e1lnak a legkisebb egyenetlens\u00e9gek is \u2013 nincs t\u00f6bb ut\u00f3lagos jav\u00edtgat\u00e1s.<\/p>\n<p data-start=\"407\" data-end=\"726\">Az <strong data-start=\"410\" data-end=\"439\">excenteres csiszol\u00f3mozg\u00e1s<\/strong> t\u00f6k\u00e9letes fel\u00fcleti min\u0151s\u00e9get biztos\u00edt, mik\u00f6zben a g\u00e9p ergonomikus kialak\u00edt\u00e1sa \u2013 szab\u00e1lyozhat\u00f3 elsz\u00edv\u00e1ssal \u00e9s \u00e1ll\u00edthat\u00f3 hossz\u00fas\u00e1ggal \u2013 jelent\u0151sen cs\u00f6kkenti a fizikai terhel\u00e9st. A PLANEX gyakorlatilag \u201emegtartja mag\u00e1t\u201d a falon \u00e9s mennyezeten, \u00edgy hosszabb munk\u00e1k sor\u00e1n is k\u00e9nyelmes marad.<\/p>\n<hr data-start=\"728\" data-end=\"731\" \/>\n<h1 data-section-id=\"hwrfli\" data-start=\"733\" data-end=\"749\">F\u0151bb jellemz\u0151k<\/h1>\n<h3 data-section-id=\"15a9lx3\" data-start=\"751\" data-end=\"778\">Be\u00e9p\u00edtett LED vil\u00e1g\u00edt\u00e1s<\/h3>\n<ul data-start=\"779\" data-end=\"867\">\n<li data-section-id=\"xg6zg5\" data-start=\"779\" data-end=\"802\">\n<p data-start=\"781\" data-end=\"802\">k\u00f6rbefut\u00f3 LED gy\u0171r\u0171<\/p>\n<\/li>\n<li data-section-id=\"ryapkw\" data-start=\"803\" data-end=\"847\">\n<p data-start=\"805\" data-end=\"847\">azonnal l\u00e1that\u00f3 hib\u00e1k \u00e9s egyenetlens\u00e9gek<\/p>\n<\/li>\n<li data-section-id=\"1bsuqb1\" data-start=\"848\" data-end=\"867\">\n<p data-start=\"850\" data-end=\"867\">kevesebb ut\u00f3munka<\/p>\n<\/li>\n<\/ul>\n<h3 data-section-id=\"q8w2j9\" data-start=\"869\" data-end=\"896\">Ergonomikus munkav\u00e9gz\u00e9s<\/h3>\n<ul data-start=\"897\" data-end=\"998\">\n<li data-section-id=\"lp6y00\" data-start=\"897\" data-end=\"960\">\n<p data-start=\"899\" data-end=\"960\">szab\u00e1lyozhat\u00f3 elsz\u00edv\u00e1s \u2192 kisebb terhel\u00e9s a karokon \u00e9s h\u00e1ton<\/p>\n<\/li>\n<li data-section-id=\"116zvqr\" data-start=\"961\" data-end=\"998\">\n<p data-start=\"963\" data-end=\"998\">\u201etapad\u00f3\u201d hat\u00e1s falon \u00e9s mennyezeten<\/p>\n<\/li>\n<\/ul>\n<h3 data-section-id=\"yffa4i\" data-start=\"1000\" data-end=\"1023\">\u00c1ll\u00edthat\u00f3 hossz\u00fas\u00e1g<\/h3>\n<ul data-start=\"1024\" data-end=\"1087\">\n<li data-section-id=\"v7kv2e\" data-start=\"1024\" data-end=\"1049\">\n<p data-start=\"1026\" data-end=\"1049\">vari\u00e1lhat\u00f3 munkahossz<\/p>\n<\/li>\n<li data-section-id=\"6n20u2\" data-start=\"1050\" data-end=\"1087\">\n<p data-start=\"1052\" data-end=\"1087\">ak\u00e1r <strong data-start=\"1057\" data-end=\"1087\">2 hosszabb\u00edt\u00f3val b\u0151v\u00edthet\u0151<\/strong><\/p>\n<\/li>\n<\/ul>\n<h3 data-section-id=\"ozfq86\" data-start=\"1089\" data-end=\"1114\">Maxim\u00e1lis el\u00e9rhet\u0151s\u00e9g<\/h3>\n<ul data-start=\"1115\" data-end=\"1185\">\n<li data-section-id=\"sui7lx\" data-start=\"1115\" data-end=\"1145\">\n<p data-start=\"1117\" data-end=\"1145\">ergonomikus <strong data-start=\"1129\" data-end=\"1143\">T-markolat<\/strong><\/p>\n<\/li>\n<li data-section-id=\"9s5sca\" data-start=\"1146\" data-end=\"1185\">\n<p data-start=\"1148\" data-end=\"1185\">nagyobb hat\u00f3t\u00e1v kisebb er\u0151fesz\u00edt\u00e9ssel<\/p>\n<\/li>\n<\/ul>\n<h3 data-section-id=\"y50jx5\" data-start=\"1187\" data-end=\"1213\">Pr\u00e9mium fel\u00fcletmin\u0151s\u00e9g<\/h3>\n<ul data-start=\"1214\" data-end=\"1272\">\n<li data-section-id=\"11d88kp\" data-start=\"1214\" data-end=\"1238\">\n<p data-start=\"1216\" data-end=\"1238\">excenteres csiszol\u00e1s<\/p>\n<\/li>\n<li data-section-id=\"w4mbrw\" data-start=\"1239\" data-end=\"1272\">\n<p data-start=\"1241\" data-end=\"1272\">egyenletes, hibamentes eredm\u00e9ny<\/p>\n<\/li>\n<\/ul>\n<h3 data-section-id=\"dr07je\" data-start=\"1274\" data-end=\"1295\">Hossz\u00fa \u00e9lettartam<\/h3>\n<ul data-start=\"1296\" data-end=\"1358\">\n<li data-section-id=\"1o8frmn\" data-start=\"1296\" data-end=\"1329\">\n<p data-start=\"1298\" data-end=\"1329\">sz\u00e9nkefe n\u00e9lk\u00fcli <strong data-start=\"1315\" data-end=\"1327\">EC motor<\/strong><\/p>\n<\/li>\n<li data-section-id=\"14lqafb\" data-start=\"1330\" data-end=\"1358\">\n<p data-start=\"1332\" data-end=\"1358\">karbantart\u00e1smentes m\u0171k\u00f6d\u00e9s<\/p>\n<\/li>\n<\/ul>\n<h3 data-section-id=\"1strh9e\" data-start=\"1360\" data-end=\"1382\">Digit\u00e1lis funkci\u00f3k<\/h3>\n<ul data-start=\"1383\" data-end=\"1453\">\n<li data-section-id=\"1ii9re5\" data-start=\"1383\" data-end=\"1421\">\n<p data-start=\"1385\" data-end=\"1421\"><strong data-start=\"1385\" data-end=\"1419\">Festool WorkApp kompatibilit\u00e1s<\/strong><\/p>\n<\/li>\n<li data-section-id=\"1lex4jd\" data-start=\"1422\" data-end=\"1453\">\n<p data-start=\"1424\" data-end=\"1453\">LED vez\u00e9rl\u00e9s \u00e9s oktat\u00f3anyagok<\/p>\n<\/li>\n<\/ul>\n<h3 data-section-id=\"a7uud9\" data-start=\"1455\" data-end=\"1478\">Praktikus sz\u00e1ll\u00edt\u00e1s<\/h3>\n<ul data-start=\"1479\" data-end=\"1540\">\n<li data-section-id=\"33fdte\" data-start=\"1479\" data-end=\"1501\">\n<p data-start=\"1481\" data-end=\"1501\">SYS3 XXL Systainer<\/p>\n<\/li>\n<li data-section-id=\"1s84l5u\" data-start=\"1502\" data-end=\"1540\">\n<p data-start=\"1504\" data-end=\"1540\">biztons\u00e1gos \u00e9s helytakar\u00e9kos t\u00e1rol\u00e1s<\/p>\n<\/li>\n<\/ul>\n<hr data-start=\"1542\" data-end=\"1545\" \/>\n<h1 data-section-id=\"q57tq7\" data-start=\"1547\" data-end=\"1570\">Aj\u00e1nlott felhaszn\u00e1l\u00e1s<\/h1>\n<p data-start=\"1572\" data-end=\"1586\">A g\u00e9p ide\u00e1lis:<\/p>\n<ul data-start=\"1588\" data-end=\"1795\">\n<li data-section-id=\"1hvunld\" data-start=\"1588\" data-end=\"1625\">\n<p data-start=\"1590\" data-end=\"1625\">falak \u00e9s mennyezetek csiszol\u00e1s\u00e1ra<\/p>\n<\/li>\n<li data-section-id=\"1up6i6z\" data-start=\"1626\" data-end=\"1674\">\n<p data-start=\"1628\" data-end=\"1674\">sz\u00e1razvakolat \u00e9s gipszvakolat megmunk\u00e1l\u00e1s\u00e1ra<\/p>\n<\/li>\n<li data-section-id=\"eev9x4\" data-start=\"1675\" data-end=\"1711\">\n<p data-start=\"1677\" data-end=\"1711\">diszperzi\u00f3s vakolatok sim\u00edt\u00e1s\u00e1ra<\/p>\n<\/li>\n<li data-section-id=\"lis057\" data-start=\"1712\" data-end=\"1763\">\n<p data-start=\"1714\" data-end=\"1763\">nagy fel\u00fcletek gyors \u00e9s egyenletes csiszol\u00e1s\u00e1ra<\/p>\n<\/li>\n<li data-section-id=\"vzfsoi\" data-start=\"1764\" data-end=\"1795\">\n<p data-start=\"1766\" data-end=\"1795\">profi sz\u00e1raz\u00e9p\u00edt\u00e9si munk\u00e1khoz<\/p>\n<\/li>\n<\/ul>\n<hr data-start=\"1797\" data-end=\"1800\" \/>\n<h1 data-section-id=\"1hbqnac\" data-start=\"1802\" data-end=\"1818\">M\u0171szaki adatok<\/h1>\n<div class=\"TyagGW_tableContainer\">\n<div class=\"group TyagGW_tableWrapper flex flex-col-reverse w-fit\" tabindex=\"-1\">\n<table class=\"w-fit min-w-(--thread-content-width)\" data-start=\"1820\" data-end=\"2126\">\n<thead data-start=\"1820\" data-end=\"1841\">\n<tr data-start=\"1820\" data-end=\"1841\">\n<th class=\"\" data-start=\"1820\" data-end=\"1832\" data-col-size=\"sm\">Param\u00e9ter<\/th>\n<th class=\"\" data-start=\"1832\" data-end=\"1841\" data-col-size=\"sm\">\u00c9rt\u00e9k<\/th>\n<\/tr>\n<\/thead>\n<tbody data-start=\"1852\" data-end=\"2126\">\n<tr data-start=\"1852\" data-end=\"1873\">\n<td data-start=\"1852\" data-end=\"1861\" data-col-size=\"sm\">Hajt\u00e1s<\/td>\n<td data-start=\"1861\" data-end=\"1873\" data-col-size=\"sm\">h\u00e1l\u00f3zati<\/td>\n<\/tr>\n<tr data-start=\"1874\" data-end=\"1898\">\n<td data-start=\"1874\" data-end=\"1889\" data-col-size=\"sm\">Teljes\u00edtm\u00e9ny<\/td>\n<td data-start=\"1889\" data-end=\"1898\" data-col-size=\"sm\">400 W<\/td>\n<\/tr>\n<tr data-start=\"1899\" data-end=\"1935\">\n<td data-start=\"1899\" data-end=\"1914\" data-col-size=\"sm\">Fordulatsz\u00e1m<\/td>\n<td data-start=\"1914\" data-end=\"1935\" data-col-size=\"sm\">5000 \u2013 8500 min\u207b\u00b9<\/td>\n<\/tr>\n<tr data-start=\"1936\" data-end=\"1960\">\n<td data-start=\"1936\" data-end=\"1952\" data-col-size=\"sm\">Csiszol\u00f3l\u00f6ket<\/td>\n<td data-start=\"1952\" data-end=\"1960\" data-col-size=\"sm\">4 mm<\/td>\n<\/tr>\n<tr data-start=\"1961\" data-end=\"1990\">\n<td data-start=\"1961\" data-end=\"1978\" data-col-size=\"sm\">Csiszol\u00f3t\u00e1ny\u00e9r<\/td>\n<td data-start=\"1978\" data-end=\"1990\" data-col-size=\"sm\">\u00d8 220 mm<\/td>\n<\/tr>\n<tr data-start=\"1991\" data-end=\"2019\">\n<td data-start=\"1991\" data-end=\"2007\" data-col-size=\"sm\">Csiszol\u00f3anyag<\/td>\n<td data-col-size=\"sm\" data-start=\"2007\" data-end=\"2019\">\u00d8 225 mm<\/td>\n<\/tr>\n<tr data-start=\"2020\" data-end=\"2044\">\n<td data-start=\"2020\" data-end=\"2028\" data-col-size=\"sm\">Hossz<\/td>\n<td data-col-size=\"sm\" data-start=\"2028\" data-end=\"2044\">1,2 \u2013 1,65 m<\/td>\n<\/tr>\n<tr data-start=\"2045\" data-end=\"2087\">\n<td data-start=\"2045\" data-end=\"2071\" data-col-size=\"sm\">Porelsz\u00edv\u00e1s csatlakoz\u00e1s<\/td>\n<td data-col-size=\"sm\" data-start=\"2071\" data-end=\"2087\">\u00d8 27 \/ 36 mm<\/td>\n<\/tr>\n<tr data-start=\"2088\" data-end=\"2108\">\n<td data-start=\"2088\" data-end=\"2101\" data-col-size=\"sm\">K\u00e1belhossz<\/td>\n<td data-col-size=\"sm\" data-start=\"2101\" data-end=\"2108\">4 m<\/td>\n<\/tr>\n<tr data-start=\"2109\" data-end=\"2126\">\n<td data-start=\"2109\" data-end=\"2116\" data-col-size=\"sm\">S\u00faly<\/td>\n<td data-col-size=\"sm\" data-start=\"2116\" data-end=\"2126\">5,0 kg<\/td>\n<\/tr>\n<\/tbody>\n<\/table>\n<\/div>\n<\/div>\n<hr data-start=\"2128\" data-end=\"2131\" \/>\n<h1 data-section-id=\"4553e8\" data-start=\"2133\" data-end=\"2159\">Zaj- \u00e9s vibr\u00e1ci\u00f3s adatok<\/h1>\n<div class=\"TyagGW_tableContainer\">\n<div class=\"group TyagGW_tableWrapper flex flex-col-reverse w-fit\" tabindex=\"-1\">\n<table class=\"w-fit min-w-(--thread-content-width)\" data-start=\"2161\" data-end=\"2349\">\n<thead data-start=\"2161\" data-end=\"2182\">\n<tr data-start=\"2161\" data-end=\"2182\">\n<th class=\"\" data-start=\"2161\" data-end=\"2173\" data-col-size=\"sm\">Param\u00e9ter<\/th>\n<th class=\"\" data-start=\"2173\" data-end=\"2182\" data-col-size=\"sm\">\u00c9rt\u00e9k<\/th>\n<\/tr>\n<\/thead>\n<tbody data-start=\"2193\" data-end=\"2349\">\n<tr data-start=\"2193\" data-end=\"2223\">\n<td data-start=\"2193\" data-end=\"2211\" data-col-size=\"sm\">Hangnyom\u00e1sszint<\/td>\n<td data-start=\"2211\" data-end=\"2223\" data-col-size=\"sm\">70 dB(A)<\/td>\n<\/tr>\n<tr data-start=\"2224\" data-end=\"2260\">\n<td data-start=\"2224\" data-end=\"2248\" data-col-size=\"sm\">Hangteljes\u00edtm\u00e9nyszint<\/td>\n<td data-col-size=\"sm\" data-start=\"2248\" data-end=\"2260\">81 dB(A)<\/td>\n<\/tr>\n<tr data-start=\"2261\" data-end=\"2282\">\n<td data-start=\"2261\" data-end=\"2270\" data-col-size=\"sm\">Rezg\u00e9s<\/td>\n<td data-col-size=\"sm\" data-start=\"2270\" data-end=\"2282\">2,5 m\/s\u00b2<\/td>\n<\/tr>\n<tr data-start=\"2283\" data-end=\"2319\">\n<td data-start=\"2283\" data-end=\"2307\" data-col-size=\"sm\">Rezg\u00e9s bizonytalans\u00e1g<\/td>\n<td data-col-size=\"sm\" data-start=\"2307\" data-end=\"2319\">1,5 m\/s\u00b2<\/td>\n<\/tr>\n<tr data-start=\"2320\" data-end=\"2349\">\n<td data-start=\"2320\" data-end=\"2341\" data-col-size=\"sm\">Zaj bizonytalans\u00e1g<\/td>\n<td data-col-size=\"sm\" data-start=\"2341\" data-end=\"2349\">3 dB<\/td>\n<\/tr>\n<\/tbody>\n<\/table>\n<\/div>\n<\/div>\n<hr data-start=\"2351\" data-end=\"2354\" \/>\n<h1 data-section-id=\"8a27up\" data-start=\"2356\" data-end=\"2375\">A csomag tartalma<\/h1>\n<ul data-start=\"2377\" data-end=\"2607\">\n<li data-section-id=\"yngidf\" data-start=\"2377\" data-end=\"2410\">\n<p data-start=\"2379\" data-end=\"2410\">VL-LHS 2 225 hosszabb\u00edt\u00f3 sz\u00e1r<\/p>\n<\/li>\n<li data-section-id=\"1w1v8tu\" data-start=\"2411\" data-end=\"2440\">\n<p data-start=\"2413\" data-end=\"2440\">SC-LHS 2 225 t\u00f6ml\u0151csipesz<\/p>\n<\/li>\n<li data-section-id=\"1y93i0a\" data-start=\"2441\" data-end=\"2476\">\n<p data-start=\"2443\" data-end=\"2476\">KV-215 t\u00e9p\u0151z\u00e1ras r\u00f6gz\u00edt\u0151 (5 db)<\/p>\n<\/li>\n<li data-section-id=\"xx8hzw\" data-start=\"2477\" data-end=\"2512\">\n<p data-start=\"2479\" data-end=\"2512\"><strong data-start=\"2479\" data-end=\"2510\">Granat P180 csiszol\u00f3 (5 db)<\/strong><\/p>\n<\/li>\n<li data-section-id=\"ptjg8f\" data-start=\"2513\" data-end=\"2556\">\n<p data-start=\"2515\" data-end=\"2556\">\u00d8 220 mm csiszol\u00f3t\u00e1ny\u00e9r + Interface-Pad<\/p>\n<\/li>\n<li data-section-id=\"1lfj6ku\" data-start=\"2557\" data-end=\"2578\">\n<p data-start=\"2559\" data-end=\"2578\">4 m plug-it k\u00e1bel<\/p>\n<\/li>\n<li data-section-id=\"tkwk1x\" data-start=\"2579\" data-end=\"2607\">\n<p data-start=\"2581\" data-end=\"2607\"><strong data-start=\"2581\" data-end=\"2607\">SYS3 XXL 337 Systainer<\/strong><\/p>\n<\/li>\n<\/ul>\n","protected":false},"excerpt":{"rendered":"<p>Professzion\u00e1lis Festool szersz\u00e1m: Falcsiszol\u00f3 lhs 2 225 eqi.<\/p>\n","protected":false},"featured_media":8384,"comment_status":"open","ping_status":"closed","template":"","meta":{"site-sidebar-layout":"default","site-content-layout":"","ast-site-content-layout":"normal-width-container","site-content-style":"boxed","site-sidebar-style":"default","ast-global-header-display":"","ast-banner-title-visibility":"","ast-main-header-display":"","ast-hfb-above-header-display":"","ast-hfb-below-header-display":"","ast-hfb-mobile-header-display":"","site-post-title":"","ast-breadcrumbs-content":"","ast-featured-img":"","footer-sml-layout":"","ast-disable-related-posts":"","theme-transparent-header-meta":"default","adv-header-id-meta":"","stick-header-meta":"","header-above-stick-meta":"","header-main-stick-meta":"","header-below-stick-meta":"","astra-migrate-meta-layouts":"set","ast-page-background-enabled":"default","ast-page-background-meta":{"desktop":{"background-color":"var(--ast-global-color-5)","background-image":"","background-repeat":"repeat","background-position":"center center","background-size":"auto","background-attachment":"scroll","background-type":"","background-media":"","overlay-type":"","overlay-color":"","overlay-opacity":"","overlay-gradient":""},"tablet":{"background-color":"","background-image":"","background-repeat":"repeat","background-position":"center center","background-size":"auto","background-attachment":"scroll","background-type":"","background-media":"","overlay-type":"","overlay-color":"","overlay-opacity":"","overlay-gradient":""},"mobile":{"background-color":"","background-image":"","background-repeat":"repeat","background-position":"center center","background-size":"auto","background-attachment":"scroll","background-type":"","background-media":"","overlay-type":"","overlay-color":"","overlay-opacity":"","overlay-gradient":""}},"ast-content-background-meta":{"desktop":{"background-color":"var(--ast-global-color-4)","background-image":"","background-repeat":"repeat","background-position":"center center","background-size":"auto","background-attachment":"scroll","background-type":"","background-media":"","overlay-type":"","overlay-color":"","overlay-opacity":"","overlay-gradient":""},"tablet":{"background-color":"var(--ast-global-color-4)","background-image":"","background-repeat":"repeat","background-position":"center center","background-size":"auto","background-attachment":"scroll","background-type":"","background-media":"","overlay-type":"","overlay-color":"","overlay-opacity":"","overlay-gradient":""},"mobile":{"background-color":"var(--ast-global-color-4)","background-image":"","background-repeat":"repeat","background-position":"center center","background-size":"auto","background-attachment":"scroll","background-type":"","background-media":"","overlay-type":"","overlay-color":"","overlay-opacity":"","overlay-gradient":""}}},"product_brand":[156],"product_cat":[149,148,15],"product_tag":[],"class_list":{"0":"post-8330","1":"product","2":"type-product","3":"status-publish","4":"has-post-thumbnail","6":"product_brand-festool","7":"product_cat-festool","8":"product_cat-markaink","9":"product_cat-uncategorized","10":"desktop-align-left","11":"tablet-align-left","12":"mobile-align-left","14":"first","15":"instock","16":"shipping-taxable","17":"purchasable","18":"product-type-simple"},"jetpack_sharing_enabled":true,"_links":{"self":[{"href":"https:\/\/szerszamhazpecs.hu\/index.php\/wp-json\/wp\/v2\/product\/8330","targetHints":{"allow":["GET"]}}],"collection":[{"href":"https:\/\/szerszamhazpecs.hu\/index.php\/wp-json\/wp\/v2\/product"}],"about":[{"href":"https:\/\/szerszamhazpecs.hu\/index.php\/wp-json\/wp\/v2\/types\/product"}],"replies":[{"embeddable":true,"href":"https:\/\/szerszamhazpecs.hu\/index.php\/wp-json\/wp\/v2\/comments?post=8330"}],"wp:featuredmedia":[{"embeddable":true,"href":"https:\/\/szerszamhazpecs.hu\/index.php\/wp-json\/wp\/v2\/media\/8384"}],"wp:attachment":[{"href":"https:\/\/szerszamhazpecs.hu\/index.php\/wp-json\/wp\/v2\/media?parent=8330"}],"wp:term":[{"taxonomy":"product_brand","embeddable":true,"href":"https:\/\/szerszamhazpecs.hu\/index.php\/wp-json\/wp\/v2\/product_brand?post=8330"},{"taxonomy":"product_cat","embeddable":true,"href":"https:\/\/szerszamhazpecs.hu\/index.php\/wp-json\/wp\/v2\/product_cat?post=8330"},{"taxonomy":"product_tag","embeddable":true,"href":"https:\/\/szerszamhazpecs.hu\/index.php\/wp-json\/wp\/v2\/product_tag?post=8330"}],"curies":[{"name":"wp","href":"https:\/\/api.w.org\/{rel}","templated":true}]}}