{"id":8328,"date":"2026-03-17T09:41:33","date_gmt":"2026-03-17T08:41:33","guid":{"rendered":"https:\/\/szerszamhazpecs.hu\/?post_type=product&#038;p=8328"},"modified":"2026-03-20T10:53:33","modified_gmt":"2026-03-20T09:53:33","slug":"festool-festool-akkus-furo-csavarbehajto-cxs-12","status":"publish","type":"product","link":"https:\/\/szerszamhazpecs.hu\/index.php\/product\/festool-festool-akkus-furo-csavarbehajto-cxs-12\/","title":{"rendered":"Festool Festool Akkus f\u00far\u00f3-csavarbehajt\u00f3 CXS 12"},"content":{"rendered":"<h1 data-section-id=\"e4xo6d\" data-start=\"106\" data-end=\"147\">Festool CXS 12 akkus f\u00far\u00f3-csavarbehajt\u00f3<\/h1>\n<h2 data-section-id=\"dmrq5p\" data-start=\"149\" data-end=\"164\">Term\u00e9kle\u00edr\u00e1s<\/h2>\n<p data-start=\"166\" data-end=\"456\">A <strong data-start=\"168\" data-end=\"186\">Festool CXS 12<\/strong> egy kompakt \u00e9s k\u00f6nny\u0171 akkumul\u00e1toros csavarbehajt\u00f3, amely ide\u00e1lis v\u00e1laszt\u00e1s prec\u00edz \u00e9s sokoldal\u00fa munk\u00e1khoz. A k\u00fcl\u00f6nleges <strong data-start=\"306\" data-end=\"328\">C-alak\u00fa kialak\u00edt\u00e1s<\/strong> lehet\u0151v\u00e9 teszi, hogy a markolat a csavaroz\u00e1s tengely\u00e9ben helyezkedjen el, \u00edgy pontosabb er\u0151\u00e1tvitelt \u00e9s jobb kontrollt biztos\u00edt.<\/p>\n<p data-start=\"458\" data-end=\"734\">Kis m\u00e9rete ellen\u00e9re meglep\u0151en er\u0151s, \u00edgy kiv\u00e1l\u00f3an haszn\u00e1lhat\u00f3 sz\u0171k helyeken \u00e9s nehezen hozz\u00e1f\u00e9rhet\u0151 pontokon is. A <strong data-start=\"572\" data-end=\"605\">FastFix \u00e9s CENTROTEC rendszer<\/strong> gyors szersz\u00e1mcser\u00e9t tesz lehet\u0151v\u00e9, m\u00edg a k\u00fcl\u00f6nb\u00f6z\u0151 el\u0151t\u00e9tek r\u00e9v\u00e9n szinte b\u00e1rmilyen csavaroz\u00e1si vagy f\u00far\u00e1si feladat elv\u00e9gezhet\u0151.<\/p>\n<p data-start=\"736\" data-end=\"883\">Az intelligens r\u00e9szletek \u2013 p\u00e9ld\u00e1ul a LED vil\u00e1g\u00edt\u00e1s, a bitt\u00e1rol\u00f3 \u00e9s a kompakt Systainer t\u00e1rol\u00e1s \u2013 m\u00e9g k\u00e9nyelmesebb\u00e9 teszik a mindennapi haszn\u00e1latot.<\/p>\n<hr data-start=\"885\" data-end=\"888\" \/>\n<h1 data-section-id=\"hwrfli\" data-start=\"890\" data-end=\"906\">F\u0151bb jellemz\u0151k<\/h1>\n<h3 data-section-id=\"1b1gaow\" data-start=\"908\" data-end=\"940\">Kompakt \u00e9s k\u00f6nny\u0171 kialak\u00edt\u00e1s<\/h3>\n<ul data-start=\"941\" data-end=\"1025\">\n<li data-section-id=\"7wwpse\" data-start=\"941\" data-end=\"981\">\n<p data-start=\"943\" data-end=\"981\">kis m\u00e9ret, mind\u00f6ssze <strong data-start=\"964\" data-end=\"979\">0,7 kg s\u00faly<\/strong><\/p>\n<\/li>\n<li data-section-id=\"1sts6o2\" data-start=\"982\" data-end=\"1025\">\n<p data-start=\"984\" data-end=\"1025\">ide\u00e1lis sz\u0171k helyeken val\u00f3 munkav\u00e9gz\u00e9shez<\/p>\n<\/li>\n<\/ul>\n<h3 data-section-id=\"k1a494\" data-start=\"1027\" data-end=\"1050\">Ergonomikus C-forma<\/h3>\n<ul data-start=\"1051\" data-end=\"1132\">\n<li data-section-id=\"12rw7dc\" data-start=\"1051\" data-end=\"1090\">\n<p data-start=\"1053\" data-end=\"1090\">a markolat a csavaroz\u00e1s tengely\u00e9ben<\/p>\n<\/li>\n<li data-section-id=\"yv7rud\" data-start=\"1091\" data-end=\"1132\">\n<p data-start=\"1093\" data-end=\"1132\">pontosabb \u00e9s kontroll\u00e1ltabb munkav\u00e9gz\u00e9s<\/p>\n<\/li>\n<\/ul>\n<h3 data-section-id=\"9sd4a\" data-start=\"1134\" data-end=\"1160\">Er\u0151teljes teljes\u00edtm\u00e9ny<\/h3>\n<ul data-start=\"1161\" data-end=\"1236\">\n<li data-section-id=\"z52o80\" data-start=\"1161\" data-end=\"1198\">\n<p data-start=\"1163\" data-end=\"1198\">sz\u00e9nkefe n\u00e9lk\u00fcli <strong data-start=\"1180\" data-end=\"1196\">EC-TEC motor<\/strong><\/p>\n<\/li>\n<li data-section-id=\"z67sv4\" data-start=\"1199\" data-end=\"1236\">\n<p data-start=\"1201\" data-end=\"1236\">hossz\u00fa \u00e9lettartam \u00e9s stabil m\u0171k\u00f6d\u00e9s<\/p>\n<\/li>\n<\/ul>\n<h3 data-section-id=\"ival7z\" data-start=\"1238\" data-end=\"1261\">Gyors szersz\u00e1mcsere<\/h3>\n<ul data-start=\"1262\" data-end=\"1365\">\n<li data-section-id=\"dpndy3\" data-start=\"1262\" data-end=\"1289\">\n<p data-start=\"1264\" data-end=\"1289\"><strong data-start=\"1264\" data-end=\"1287\">FastFix csatlakoz\u00e1s<\/strong><\/p>\n<\/li>\n<li data-section-id=\"kl63h4\" data-start=\"1290\" data-end=\"1312\">\n<p data-start=\"1292\" data-end=\"1312\">CENTROTEC rendszer<\/p>\n<\/li>\n<li data-section-id=\"hri9xv\" data-start=\"1313\" data-end=\"1365\">\n<p data-start=\"1315\" data-end=\"1365\">szersz\u00e1m n\u00e9lk\u00fcli v\u00e1lt\u00e1s f\u00far\u00e1s \u00e9s csavaroz\u00e1s k\u00f6z\u00f6tt<\/p>\n<\/li>\n<\/ul>\n<h3 data-section-id=\"qfa3jz\" data-start=\"1367\" data-end=\"1393\">Sokoldal\u00fa felhaszn\u00e1l\u00e1s<\/h3>\n<ul data-start=\"1394\" data-end=\"1483\">\n<li data-section-id=\"228tjs\" data-start=\"1394\" data-end=\"1429\">\n<p data-start=\"1396\" data-end=\"1429\">kompatibilis t\u00f6bbf\u00e9le el\u0151t\u00e9ttel<\/p>\n<\/li>\n<li data-section-id=\"18urosk\" data-start=\"1430\" data-end=\"1483\">\n<p data-start=\"1432\" data-end=\"1483\">sarokcsavaroz\u00e1s \u00e9s sz\u0171k helyek is k\u00f6nnyen el\u00e9rhet\u0151k<\/p>\n<\/li>\n<\/ul>\n<h3 data-section-id=\"vrd18m\" data-start=\"1485\" data-end=\"1506\">Prec\u00edz csavaroz\u00e1s<\/h3>\n<ul data-start=\"1507\" data-end=\"1568\">\n<li data-section-id=\"k8tlx6\" data-start=\"1507\" data-end=\"1542\">\n<p data-start=\"1509\" data-end=\"1542\"><strong data-start=\"1509\" data-end=\"1540\">13 fokozat\u00fa nyomat\u00e9k\u00e1ll\u00edt\u00e1s<\/strong><\/p>\n<\/li>\n<li data-section-id=\"1r8y9hl\" data-start=\"1543\" data-end=\"1568\">\n<p data-start=\"1545\" data-end=\"1568\">automatikus lekapcsol\u00e1s<\/p>\n<\/li>\n<\/ul>\n<h3 data-section-id=\"1r3exb\" data-start=\"1570\" data-end=\"1590\">Praktikus extr\u00e1k<\/h3>\n<ul data-start=\"1591\" data-end=\"1675\">\n<li data-section-id=\"1i8jkiw\" data-start=\"1591\" data-end=\"1622\">\n<p data-start=\"1593\" data-end=\"1622\">integr\u00e1lt m\u00e1gneses bittart\u00f3<\/p>\n<\/li>\n<li data-section-id=\"15ga1mk\" data-start=\"1623\" data-end=\"1652\">\n<p data-start=\"1625\" data-end=\"1652\">kapcsolhat\u00f3 LED vil\u00e1g\u00edt\u00e1s<\/p>\n<\/li>\n<li data-section-id=\"nfe2tf\" data-start=\"1653\" data-end=\"1675\">\n<p data-start=\"1655\" data-end=\"1675\">k\u00e9toldalas \u00f6vcsipesz<\/p>\n<\/li>\n<\/ul>\n<h3 data-section-id=\"vrbtsd\" data-start=\"1677\" data-end=\"1701\">Akkumul\u00e1tor rendszer<\/h3>\n<ul data-start=\"1702\" data-end=\"1797\">\n<li data-section-id=\"17lmdsy\" data-start=\"1702\" data-end=\"1731\">\n<p data-start=\"1704\" data-end=\"1731\">2,5 Ah Li-ion akkumul\u00e1tor<\/p>\n<\/li>\n<li data-section-id=\"bc733v\" data-start=\"1732\" data-end=\"1768\">\n<p data-start=\"1734\" data-end=\"1768\">kompatibilis a Festool t\u00f6lt\u0151kkel<\/p>\n<\/li>\n<li data-section-id=\"nnggi1\" data-start=\"1769\" data-end=\"1797\">\n<p data-start=\"1771\" data-end=\"1797\">t\u00f6lt\u00f6tts\u00e9gjelz\u0151vel ell\u00e1tva<\/p>\n<\/li>\n<\/ul>\n<hr data-start=\"1799\" data-end=\"1802\" \/>\n<h1 data-section-id=\"q57tq7\" data-start=\"1804\" data-end=\"1827\">Aj\u00e1nlott felhaszn\u00e1l\u00e1s<\/h1>\n<p data-start=\"1829\" data-end=\"1854\">A g\u00e9p k\u00fcl\u00f6n\u00f6sen alkalmas:<\/p>\n<ul data-start=\"1856\" data-end=\"2136\">\n<li data-section-id=\"1k49zmt\" data-start=\"1856\" data-end=\"1890\">\n<p data-start=\"1858\" data-end=\"1890\">b\u00fatorok \u00e9s konyh\u00e1k szerel\u00e9s\u00e9re<\/p>\n<\/li>\n<li data-section-id=\"sl2tuu\" data-start=\"1891\" data-end=\"1925\">\n<p data-start=\"1893\" data-end=\"1925\">vasalatok \u00e9s l\u00e9cek r\u00f6gz\u00edt\u00e9s\u00e9re<\/p>\n<\/li>\n<li data-section-id=\"8dkekv\" data-start=\"1926\" data-end=\"1955\">\n<p data-start=\"1928\" data-end=\"1955\">bels\u0151 szerel\u00e9si munk\u00e1khoz<\/p>\n<\/li>\n<li data-section-id=\"vd1d18\" data-start=\"1956\" data-end=\"2012\">\n<p data-start=\"1958\" data-end=\"2012\">l\u00e1mp\u00e1k, karnisok \u00e9s kisebb szerelv\u00e9nyek telep\u00edt\u00e9s\u00e9re<\/p>\n<\/li>\n<li data-section-id=\"riffig\" data-start=\"2013\" data-end=\"2054\">\n<p data-start=\"2015\" data-end=\"2054\">tet\u0151ablakok \u00e9s burkolatok szerel\u00e9s\u00e9re<\/p>\n<\/li>\n<li data-section-id=\"1qrlw2w\" data-start=\"2055\" data-end=\"2136\">\n<p data-start=\"2057\" data-end=\"2136\">k\u00f6nny\u0171 \u00e9s k\u00f6zepes f\u00far\u00e1si \u00e9s csavaroz\u00e1si feladatokra f\u00e1ban, f\u00e9mben \u00e9s m\u0171anyagban<\/p>\n<\/li>\n<\/ul>\n<hr data-start=\"2138\" data-end=\"2141\" \/>\n<h1 data-section-id=\"1hbqnac\" data-start=\"2143\" data-end=\"2159\">M\u0171szaki adatok<\/h1>\n<div class=\"TyagGW_tableContainer\">\n<div class=\"group TyagGW_tableWrapper flex flex-col-reverse w-fit\" tabindex=\"-1\">\n<table class=\"w-fit min-w-(--thread-content-width)\" data-start=\"2161\" data-end=\"2440\">\n<thead data-start=\"2161\" data-end=\"2182\">\n<tr data-start=\"2161\" data-end=\"2182\">\n<th class=\"\" data-start=\"2161\" data-end=\"2173\" data-col-size=\"sm\">Param\u00e9ter<\/th>\n<th class=\"\" data-start=\"2173\" data-end=\"2182\" data-col-size=\"sm\">\u00c9rt\u00e9k<\/th>\n<\/tr>\n<\/thead>\n<tbody data-start=\"2193\" data-end=\"2440\">\n<tr data-start=\"2193\" data-end=\"2228\">\n<td data-start=\"2193\" data-end=\"2218\" data-col-size=\"sm\">Akkumul\u00e1tor fesz\u00fclts\u00e9g<\/td>\n<td data-start=\"2218\" data-end=\"2228\" data-col-size=\"sm\">10,8 V<\/td>\n<\/tr>\n<tr data-start=\"2229\" data-end=\"2254\">\n<td data-start=\"2229\" data-end=\"2249\" data-col-size=\"sm\">Sebess\u00e9gfokozatok<\/td>\n<td data-start=\"2249\" data-end=\"2254\" data-col-size=\"sm\">2<\/td>\n<\/tr>\n<tr data-start=\"2255\" data-end=\"2294\">\n<td data-start=\"2255\" data-end=\"2270\" data-col-size=\"sm\">Fordulatsz\u00e1m<\/td>\n<td data-start=\"2270\" data-end=\"2294\" data-col-size=\"sm\">0\u2013470 \/ 0\u20131600 min\u207b\u00b9<\/td>\n<\/tr>\n<tr data-start=\"2295\" data-end=\"2333\">\n<td data-start=\"2295\" data-end=\"2319\" data-col-size=\"sm\">Furat\u00e1tm\u00e9r\u0151 fa \/ ac\u00e9l<\/td>\n<td data-start=\"2319\" data-end=\"2333\" data-col-size=\"sm\">35 \/ 10 mm<\/td>\n<\/tr>\n<tr data-start=\"2334\" data-end=\"2371\">\n<td data-start=\"2334\" data-end=\"2352\" data-col-size=\"sm\">Forgat\u00f3nyomat\u00e9k<\/td>\n<td data-start=\"2352\" data-end=\"2371\" data-col-size=\"sm\">max. 17 \/ 30 Nm<\/td>\n<\/tr>\n<tr data-start=\"2372\" data-end=\"2395\">\n<td data-start=\"2372\" data-end=\"2382\" data-col-size=\"sm\">Befog\u00e1s<\/td>\n<td data-start=\"2382\" data-end=\"2395\" data-col-size=\"sm\">1 \u2013 10 mm<\/td>\n<\/tr>\n<tr data-start=\"2396\" data-end=\"2422\">\n<td data-start=\"2396\" data-end=\"2412\" data-col-size=\"sm\">Akkukapacit\u00e1s<\/td>\n<td data-start=\"2412\" data-end=\"2422\" data-col-size=\"sm\">2,5 Ah<\/td>\n<\/tr>\n<tr data-start=\"2423\" data-end=\"2440\">\n<td data-start=\"2423\" data-end=\"2430\" data-col-size=\"sm\">S\u00faly<\/td>\n<td data-start=\"2430\" data-end=\"2440\" data-col-size=\"sm\">0,7 kg<\/td>\n<\/tr>\n<\/tbody>\n<\/table>\n<\/div>\n<\/div>\n<hr data-start=\"2442\" data-end=\"2445\" \/>\n<h1 data-section-id=\"4553e8\" data-start=\"2447\" data-end=\"2473\">Zaj- \u00e9s vibr\u00e1ci\u00f3s adatok<\/h1>\n<div class=\"TyagGW_tableContainer\">\n<div class=\"group TyagGW_tableWrapper flex flex-col-reverse w-fit\" tabindex=\"-1\">\n<table class=\"w-fit min-w-(--thread-content-width)\" data-start=\"2475\" data-end=\"2665\">\n<thead data-start=\"2475\" data-end=\"2496\">\n<tr data-start=\"2475\" data-end=\"2496\">\n<th class=\"\" data-start=\"2475\" data-end=\"2487\" data-col-size=\"sm\">Param\u00e9ter<\/th>\n<th class=\"\" data-start=\"2487\" data-end=\"2496\" data-col-size=\"sm\">\u00c9rt\u00e9k<\/th>\n<\/tr>\n<\/thead>\n<tbody data-start=\"2507\" data-end=\"2665\">\n<tr data-start=\"2507\" data-end=\"2537\">\n<td data-start=\"2507\" data-end=\"2525\" data-col-size=\"sm\">Hangnyom\u00e1sszint<\/td>\n<td data-start=\"2525\" data-end=\"2537\" data-col-size=\"sm\">75 dB(A)<\/td>\n<\/tr>\n<tr data-start=\"2538\" data-end=\"2574\">\n<td data-start=\"2538\" data-end=\"2562\" data-col-size=\"sm\">Hangteljes\u00edtm\u00e9nyszint<\/td>\n<td data-start=\"2562\" data-end=\"2574\" data-col-size=\"sm\">86 dB(A)<\/td>\n<\/tr>\n<tr data-start=\"2575\" data-end=\"2598\">\n<td data-start=\"2575\" data-end=\"2584\" data-col-size=\"sm\">Rezg\u00e9s<\/td>\n<td data-start=\"2584\" data-end=\"2598\" data-col-size=\"sm\">&lt; 2,5 m\/s\u00b2<\/td>\n<\/tr>\n<tr data-start=\"2599\" data-end=\"2635\">\n<td data-start=\"2599\" data-end=\"2623\" data-col-size=\"sm\">Rezg\u00e9s bizonytalans\u00e1g<\/td>\n<td data-start=\"2623\" data-end=\"2635\" data-col-size=\"sm\">1,5 m\/s\u00b2<\/td>\n<\/tr>\n<tr data-start=\"2636\" data-end=\"2665\">\n<td data-start=\"2636\" data-end=\"2657\" data-col-size=\"sm\">Zaj bizonytalans\u00e1g<\/td>\n<td data-start=\"2657\" data-end=\"2665\" data-col-size=\"sm\">5 dB<\/td>\n<\/tr>\n<\/tbody>\n<\/table>\n<\/div>\n<\/div>\n<hr data-start=\"2667\" data-end=\"2670\" \/>\n<h1 data-section-id=\"8a27up\" data-start=\"2672\" data-end=\"2691\">A csomag tartalma<\/h1>\n<ul data-start=\"2693\" data-end=\"2850\">\n<li data-section-id=\"1j6b72x\" data-start=\"2693\" data-end=\"2731\">\n<p data-start=\"2695\" data-end=\"2731\"><strong data-start=\"2695\" data-end=\"2729\">2 \u00d7 BP 12 Li 2,5 C akkumul\u00e1tor<\/strong><\/p>\n<\/li>\n<li data-section-id=\"y39y72\" data-start=\"2732\" data-end=\"2752\">\n<p data-start=\"2734\" data-end=\"2752\">TCL 6 gyorst\u00f6lt\u0151<\/p>\n<\/li>\n<li data-section-id=\"oy3v95\" data-start=\"2753\" data-end=\"2797\">\n<p data-start=\"2755\" data-end=\"2797\">10 mm-es FastFix gyorsbefog\u00f3 f\u00far\u00f3tokm\u00e1ny<\/p>\n<\/li>\n<li data-section-id=\"1ivj4lp\" data-start=\"2798\" data-end=\"2811\">\n<p data-start=\"2800\" data-end=\"2811\">\u00f6vcsipesz<\/p>\n<\/li>\n<li data-section-id=\"zq3bra\" data-start=\"2812\" data-end=\"2850\">\n<p data-start=\"2814\" data-end=\"2850\"><strong data-start=\"2814\" data-end=\"2850\">SYS3 M 187 Systainer t\u00e1rol\u00f3doboz<\/strong><\/p>\n<\/li>\n<\/ul>\n","protected":false},"excerpt":{"rendered":"<p>Professzion\u00e1lis Festool szersz\u00e1m: akkus f\u0171r\u00f3 csavarbehajt\u00f3 cxs12.<\/p>\n","protected":false},"featured_media":8388,"comment_status":"open","ping_status":"closed","template":"","meta":{"site-sidebar-layout":"default","site-content-layout":"","ast-site-content-layout":"normal-width-container","site-content-style":"boxed","site-sidebar-style":"default","ast-global-header-display":"","ast-banner-title-visibility":"","ast-main-header-display":"","ast-hfb-above-header-display":"","ast-hfb-below-header-display":"","ast-hfb-mobile-header-display":"","site-post-title":"","ast-breadcrumbs-content":"","ast-featured-img":"","footer-sml-layout":"","ast-disable-related-posts":"","theme-transparent-header-meta":"default","adv-header-id-meta":"","stick-header-meta":"","header-above-stick-meta":"","header-main-stick-meta":"","header-below-stick-meta":"","astra-migrate-meta-layouts":"set","ast-page-background-enabled":"default","ast-page-background-meta":{"desktop":{"background-color":"var(--ast-global-color-5)","background-image":"","background-repeat":"repeat","background-position":"center center","background-size":"auto","background-attachment":"scroll","background-type":"","background-media":"","overlay-type":"","overlay-color":"","overlay-opacity":"","overlay-gradient":""},"tablet":{"background-color":"","background-image":"","background-repeat":"repeat","background-position":"center center","background-size":"auto","background-attachment":"scroll","background-type":"","background-media":"","overlay-type":"","overlay-color":"","overlay-opacity":"","overlay-gradient":""},"mobile":{"background-color":"","background-image":"","background-repeat":"repeat","background-position":"center center","background-size":"auto","background-attachment":"scroll","background-type":"","background-media":"","overlay-type":"","overlay-color":"","overlay-opacity":"","overlay-gradient":""}},"ast-content-background-meta":{"desktop":{"background-color":"var(--ast-global-color-4)","background-image":"","background-repeat":"repeat","background-position":"center center","background-size":"auto","background-attachment":"scroll","background-type":"","background-media":"","overlay-type":"","overlay-color":"","overlay-opacity":"","overlay-gradient":""},"tablet":{"background-color":"var(--ast-global-color-4)","background-image":"","background-repeat":"repeat","background-position":"center center","background-size":"auto","background-attachment":"scroll","background-type":"","background-media":"","overlay-type":"","overlay-color":"","overlay-opacity":"","overlay-gradient":""},"mobile":{"background-color":"var(--ast-global-color-4)","background-image":"","background-repeat":"repeat","background-position":"center center","background-size":"auto","background-attachment":"scroll","background-type":"","background-media":"","overlay-type":"","overlay-color":"","overlay-opacity":"","overlay-gradient":""}}},"product_brand":[156],"product_cat":[149,148],"product_tag":[],"class_list":{"0":"post-8328","1":"product","2":"type-product","3":"status-publish","4":"has-post-thumbnail","6":"product_brand-festool","7":"product_cat-festool","8":"product_cat-markaink","9":"desktop-align-left","10":"tablet-align-left","11":"mobile-align-left","13":"first","14":"instock","15":"shipping-taxable","16":"purchasable","17":"product-type-simple"},"jetpack_sharing_enabled":true,"_links":{"self":[{"href":"https:\/\/szerszamhazpecs.hu\/index.php\/wp-json\/wp\/v2\/product\/8328","targetHints":{"allow":["GET"]}}],"collection":[{"href":"https:\/\/szerszamhazpecs.hu\/index.php\/wp-json\/wp\/v2\/product"}],"about":[{"href":"https:\/\/szerszamhazpecs.hu\/index.php\/wp-json\/wp\/v2\/types\/product"}],"replies":[{"embeddable":true,"href":"https:\/\/szerszamhazpecs.hu\/index.php\/wp-json\/wp\/v2\/comments?post=8328"}],"wp:featuredmedia":[{"embeddable":true,"href":"https:\/\/szerszamhazpecs.hu\/index.php\/wp-json\/wp\/v2\/media\/8388"}],"wp:attachment":[{"href":"https:\/\/szerszamhazpecs.hu\/index.php\/wp-json\/wp\/v2\/media?parent=8328"}],"wp:term":[{"taxonomy":"product_brand","embeddable":true,"href":"https:\/\/szerszamhazpecs.hu\/index.php\/wp-json\/wp\/v2\/product_brand?post=8328"},{"taxonomy":"product_cat","embeddable":true,"href":"https:\/\/szerszamhazpecs.hu\/index.php\/wp-json\/wp\/v2\/product_cat?post=8328"},{"taxonomy":"product_tag","embeddable":true,"href":"https:\/\/szerszamhazpecs.hu\/index.php\/wp-json\/wp\/v2\/product_tag?post=8328"}],"curies":[{"name":"wp","href":"https:\/\/api.w.org\/{rel}","templated":true}]}}