{"id":8325,"date":"2026-03-17T09:33:38","date_gmt":"2026-03-17T08:33:38","guid":{"rendered":"https:\/\/szerszamhazpecs.hu\/?post_type=product&#038;p=8325"},"modified":"2026-03-20T10:57:39","modified_gmt":"2026-03-20T09:57:39","slug":"festool-falcsiszolo-planex-lhs-e-225","status":"publish","type":"product","link":"https:\/\/szerszamhazpecs.hu\/index.php\/product\/festool-falcsiszolo-planex-lhs-e-225\/","title":{"rendered":"Festool falcsiszol\u00f3 PLANEX LHS-e 225"},"content":{"rendered":"<h1 data-section-id=\"91ucn7\" data-start=\"128\" data-end=\"170\">Festool PLANEX fal- \u00e9s mennyezetcsiszol\u00f3<\/h1>\n<h2 data-section-id=\"dmrq5p\" data-start=\"172\" data-end=\"187\">Term\u00e9kle\u00edr\u00e1s<\/h2>\n<p data-start=\"189\" data-end=\"440\">A <strong data-start=\"191\" data-end=\"235\">Festool PLANEX fal- \u00e9s mennyezetcsiszol\u00f3<\/strong> kifejezetten nagy fel\u00fcletek gyors \u00e9s prec\u00edz megmunk\u00e1l\u00e1s\u00e1ra k\u00e9sz\u00fclt. A be\u00e9p\u00edtett <strong data-start=\"316\" data-end=\"337\">LED vil\u00e1g\u00edt\u00f3gy\u0171r\u0171<\/strong> seg\u00edt azonnal \u00e9szrevenni a fel\u00fcleti hib\u00e1kat \u00e9s egyenetlens\u00e9geket, \u00edgy t\u00f6k\u00e9letes v\u00e9geredm\u00e9ny \u00e9rhet\u0151 el.<\/p>\n<p data-start=\"442\" data-end=\"634\">A szab\u00e1lyozhat\u00f3 elsz\u00edv\u00e1snak k\u00f6sz\u00f6nhet\u0151en a g\u00e9p \u201etapad\u201d a fel\u00fclethez, \u00edgy cs\u00f6kkenti a felhaszn\u00e1l\u00f3ra nehezed\u0151 terhel\u00e9st, \u00e9s k\u00e9nyelmesebb munkav\u00e9gz\u00e9st biztos\u00edt ak\u00e1r mennyezeti csiszol\u00e1s sor\u00e1n is.<\/p>\n<p data-start=\"636\" data-end=\"805\">Az \u00e1ll\u00edthat\u00f3 munkahossz \u00e9s az ergonomikus T-markolat nagyobb hat\u00f3t\u00e1vols\u00e1got \u00e9s jobb kezelhet\u0151s\u00e9get ny\u00fajt, mik\u00f6zben a sz\u00e9nkefe n\u00e9lk\u00fcli motor hossz\u00fa \u00e9lettartamot garant\u00e1l.<\/p>\n<hr data-start=\"807\" data-end=\"810\" \/>\n<h1 data-section-id=\"hwrfli\" data-start=\"812\" data-end=\"828\">F\u0151bb jellemz\u0151k<\/h1>\n<h3 data-section-id=\"15a9lx3\" data-start=\"830\" data-end=\"857\">Be\u00e9p\u00edtett LED vil\u00e1g\u00edt\u00e1s<\/h3>\n<ul data-start=\"858\" data-end=\"945\">\n<li data-section-id=\"1kqtoz0\" data-start=\"858\" data-end=\"880\">\n<p data-start=\"860\" data-end=\"880\">k\u00f6rk\u00f6r\u00f6s LED gy\u0171r\u0171<\/p>\n<\/li>\n<li data-section-id=\"cdgb5b\" data-start=\"881\" data-end=\"923\">\n<p data-start=\"883\" data-end=\"923\">seg\u00edti az egyenetlens\u00e9gek felismer\u00e9s\u00e9t<\/p>\n<\/li>\n<li data-section-id=\"vs534h\" data-start=\"924\" data-end=\"945\">\n<p data-start=\"926\" data-end=\"945\">pontosabb csiszol\u00e1s<\/p>\n<\/li>\n<\/ul>\n<h3 data-section-id=\"1vt7677\" data-start=\"947\" data-end=\"971\">K\u00f6nnyebb munkav\u00e9gz\u00e9s<\/h3>\n<ul data-start=\"972\" data-end=\"1089\">\n<li data-section-id=\"ysvk6o\" data-start=\"972\" data-end=\"996\">\n<p data-start=\"974\" data-end=\"996\">\u00e1ll\u00edthat\u00f3 elsz\u00edv\u00f3er\u0151<\/p>\n<\/li>\n<li data-section-id=\"19yb422\" data-start=\"997\" data-end=\"1050\">\n<p data-start=\"999\" data-end=\"1050\">a g\u00e9p saj\u00e1t s\u00faly\u00e1t r\u00e9szben a fal\/mennyezet tartja<\/p>\n<\/li>\n<li data-section-id=\"x2oayn\" data-start=\"1051\" data-end=\"1089\">\n<p data-start=\"1053\" data-end=\"1089\">kisebb terhel\u00e9s a karokon \u00e9s a h\u00e1ton<\/p>\n<\/li>\n<\/ul>\n<h3 data-section-id=\"1yfocq5\" data-start=\"1091\" data-end=\"1110\">\u00c1ll\u00edthat\u00f3 hossz<\/h3>\n<ul data-start=\"1111\" data-end=\"1173\">\n<li data-section-id=\"v7kv2e\" data-start=\"1111\" data-end=\"1136\">\n<p data-start=\"1113\" data-end=\"1136\">vari\u00e1lhat\u00f3 munkahossz<\/p>\n<\/li>\n<li data-section-id=\"ruciei\" data-start=\"1137\" data-end=\"1173\">\n<p data-start=\"1139\" data-end=\"1173\">ak\u00e1r t\u00f6bb hosszabb\u00edt\u00f3val b\u0151v\u00edthet\u0151<\/p>\n<\/li>\n<\/ul>\n<h3 data-section-id=\"f5sb0f\" data-start=\"1175\" data-end=\"1201\">Ergonomikus kialak\u00edt\u00e1s<\/h3>\n<ul data-start=\"1202\" data-end=\"1295\">\n<li data-section-id=\"1y0xdw6\" data-start=\"1202\" data-end=\"1241\">\n<p data-start=\"1204\" data-end=\"1241\">T-markolat a jobb ir\u00e1ny\u00edthat\u00f3s\u00e1g\u00e9rt<\/p>\n<\/li>\n<li data-section-id=\"1khiiuj\" data-start=\"1242\" data-end=\"1295\">\n<p data-start=\"1244\" data-end=\"1295\">nagyobb el\u00e9r\u00e9si t\u00e1vols\u00e1g kisebb fizikai terhel\u00e9ssel<\/p>\n<\/li>\n<\/ul>\n<h3 data-section-id=\"bxl8m7\" data-start=\"1297\" data-end=\"1329\">Tart\u00f3s \u00e9s karbantart\u00e1smentes<\/h3>\n<ul data-start=\"1330\" data-end=\"1417\">\n<li data-section-id=\"1o8frmn\" data-start=\"1330\" data-end=\"1363\">\n<p data-start=\"1332\" data-end=\"1363\">sz\u00e9nkefe n\u00e9lk\u00fcli <strong data-start=\"1349\" data-end=\"1361\">EC motor<\/strong><\/p>\n<\/li>\n<li data-section-id=\"jzmeck\" data-start=\"1364\" data-end=\"1385\">\n<p data-start=\"1366\" data-end=\"1385\">hossz\u00fa \u00e9lettartam<\/p>\n<\/li>\n<li data-section-id=\"pv3rw\" data-start=\"1386\" data-end=\"1417\">\n<p data-start=\"1388\" data-end=\"1417\">minim\u00e1lis karbantart\u00e1si ig\u00e9ny<\/p>\n<\/li>\n<\/ul>\n<h3 data-section-id=\"1strh9e\" data-start=\"1419\" data-end=\"1441\">Digit\u00e1lis funkci\u00f3k<\/h3>\n<ul data-start=\"1442\" data-end=\"1559\">\n<li data-section-id=\"1ii9re5\" data-start=\"1442\" data-end=\"1480\">\n<p data-start=\"1444\" data-end=\"1480\"><strong data-start=\"1444\" data-end=\"1478\">Festool WorkApp kompatibilit\u00e1s<\/strong><\/p>\n<\/li>\n<li data-section-id=\"16tc221\" data-start=\"1481\" data-end=\"1515\">\n<p data-start=\"1483\" data-end=\"1515\">LED vil\u00e1g\u00edt\u00e1s egyedi vez\u00e9rl\u00e9se<\/p>\n<\/li>\n<li data-section-id=\"187pu0v\" data-start=\"1516\" data-end=\"1559\">\n<p data-start=\"1518\" data-end=\"1559\">oktat\u00f3anyagok \u00e9s extra funkci\u00f3k el\u00e9rhet\u0151k<\/p>\n<\/li>\n<\/ul>\n<h3 data-section-id=\"a7uud9\" data-start=\"1561\" data-end=\"1584\">Praktikus sz\u00e1ll\u00edt\u00e1s<\/h3>\n<ul data-start=\"1585\" data-end=\"1650\">\n<li data-section-id=\"1dkazea\" data-start=\"1585\" data-end=\"1611\">\n<p data-start=\"1587\" data-end=\"1611\"><strong data-start=\"1587\" data-end=\"1609\">SYS3 XXL Systainer<\/strong><\/p>\n<\/li>\n<li data-section-id=\"1s84l5u\" data-start=\"1612\" data-end=\"1650\">\n<p data-start=\"1614\" data-end=\"1650\">biztons\u00e1gos \u00e9s helytakar\u00e9kos t\u00e1rol\u00e1s<\/p>\n<\/li>\n<\/ul>\n<hr data-start=\"1652\" data-end=\"1655\" \/>\n<h1 data-section-id=\"q57tq7\" data-start=\"1657\" data-end=\"1680\">Aj\u00e1nlott felhaszn\u00e1l\u00e1s<\/h1>\n<p data-start=\"1682\" data-end=\"1715\">A csiszol\u00f3g\u00e9p k\u00fcl\u00f6n\u00f6sen alkalmas:<\/p>\n<ul data-start=\"1717\" data-end=\"1933\">\n<li data-section-id=\"1hvunld\" data-start=\"1717\" data-end=\"1754\">\n<p data-start=\"1719\" data-end=\"1754\">falak \u00e9s mennyezetek csiszol\u00e1s\u00e1ra<\/p>\n<\/li>\n<li data-section-id=\"9orqlp\" data-start=\"1755\" data-end=\"1795\">\n<p data-start=\"1757\" data-end=\"1795\">gipszkarton fel\u00fcletek megmunk\u00e1l\u00e1s\u00e1ra<\/p>\n<\/li>\n<li data-section-id=\"1dkwad3\" data-start=\"1796\" data-end=\"1842\">\n<p data-start=\"1798\" data-end=\"1842\">gipszvakolat \u00e9s sz\u00e1razvakolat csiszol\u00e1s\u00e1ra<\/p>\n<\/li>\n<li data-section-id=\"15zvsuk\" data-start=\"1843\" data-end=\"1881\">\n<p data-start=\"1845\" data-end=\"1881\">diszperzi\u00f3s vakolatok finom\u00edt\u00e1s\u00e1ra<\/p>\n<\/li>\n<li data-section-id=\"1443xh3\" data-start=\"1882\" data-end=\"1933\">\n<p data-start=\"1884\" data-end=\"1933\">nagy fel\u00fcletek gyors \u00e9s egyenletes megmunk\u00e1l\u00e1s\u00e1ra<\/p>\n<\/li>\n<\/ul>\n<hr data-start=\"1935\" data-end=\"1938\" \/>\n<h1 data-section-id=\"8a27up\" data-start=\"1940\" data-end=\"1959\">A csomag tartalma<\/h1>\n<ul data-start=\"1961\" data-end=\"2167\">\n<li data-section-id=\"87fpmr\" data-start=\"1961\" data-end=\"1998\">\n<p data-start=\"1963\" data-end=\"1998\"><strong data-start=\"1963\" data-end=\"1996\">VL-LHS 2 225 hosszabb\u00edt\u00f3 sz\u00e1r<\/strong><\/p>\n<\/li>\n<li data-section-id=\"1w1v8tu\" data-start=\"1999\" data-end=\"2028\">\n<p data-start=\"2001\" data-end=\"2028\">SC-LHS 2 225 t\u00f6ml\u0151csipesz<\/p>\n<\/li>\n<li data-section-id=\"1y93i0a\" data-start=\"2029\" data-end=\"2064\">\n<p data-start=\"2031\" data-end=\"2064\">KV-215 t\u00e9p\u0151z\u00e1ras r\u00f6gz\u00edt\u0151 (5 db)<\/p>\n<\/li>\n<li data-section-id=\"e9xsv6\" data-start=\"2065\" data-end=\"2101\">\n<p data-start=\"2067\" data-end=\"2101\">Granat P180 csiszol\u00f3pap\u00edr (5 db)<\/p>\n<\/li>\n<li data-section-id=\"w7lsfi\" data-start=\"2102\" data-end=\"2123\">\n<p data-start=\"2104\" data-end=\"2123\">4 m Plug-it k\u00e1bel<\/p>\n<\/li>\n<li data-section-id=\"o224e1\" data-start=\"2124\" data-end=\"2151\">\n<p data-start=\"2126\" data-end=\"2151\">\u00d8 220 mm csiszol\u00f3t\u00e1ny\u00e9r<\/p>\n<\/li>\n<li data-section-id=\"1sogzmd\" data-start=\"2152\" data-end=\"2167\">\n<p data-start=\"2154\" data-end=\"2167\">Interface-Pad<\/p>\n<\/li>\n<\/ul>\n","protected":false},"excerpt":{"rendered":"<p>Professzion\u00e1lis Festool szersz\u00e1m: falcsiszol\u00f3 planex lhs-e 225.<\/p>\n","protected":false},"featured_media":8392,"comment_status":"open","ping_status":"closed","template":"","meta":{"site-sidebar-layout":"default","site-content-layout":"","ast-site-content-layout":"normal-width-container","site-content-style":"boxed","site-sidebar-style":"default","ast-global-header-display":"","ast-banner-title-visibility":"","ast-main-header-display":"","ast-hfb-above-header-display":"","ast-hfb-below-header-display":"","ast-hfb-mobile-header-display":"","site-post-title":"","ast-breadcrumbs-content":"","ast-featured-img":"","footer-sml-layout":"","ast-disable-related-posts":"","theme-transparent-header-meta":"default","adv-header-id-meta":"","stick-header-meta":"","header-above-stick-meta":"","header-main-stick-meta":"","header-below-stick-meta":"","astra-migrate-meta-layouts":"set","ast-page-background-enabled":"default","ast-page-background-meta":{"desktop":{"background-color":"var(--ast-global-color-5)","background-image":"","background-repeat":"repeat","background-position":"center center","background-size":"auto","background-attachment":"scroll","background-type":"","background-media":"","overlay-type":"","overlay-color":"","overlay-opacity":"","overlay-gradient":""},"tablet":{"background-color":"","background-image":"","background-repeat":"repeat","background-position":"center center","background-size":"auto","background-attachment":"scroll","background-type":"","background-media":"","overlay-type":"","overlay-color":"","overlay-opacity":"","overlay-gradient":""},"mobile":{"background-color":"","background-image":"","background-repeat":"repeat","background-position":"center center","background-size":"auto","background-attachment":"scroll","background-type":"","background-media":"","overlay-type":"","overlay-color":"","overlay-opacity":"","overlay-gradient":""}},"ast-content-background-meta":{"desktop":{"background-color":"var(--ast-global-color-4)","background-image":"","background-repeat":"repeat","background-position":"center center","background-size":"auto","background-attachment":"scroll","background-type":"","background-media":"","overlay-type":"","overlay-color":"","overlay-opacity":"","overlay-gradient":""},"tablet":{"background-color":"var(--ast-global-color-4)","background-image":"","background-repeat":"repeat","background-position":"center center","background-size":"auto","background-attachment":"scroll","background-type":"","background-media":"","overlay-type":"","overlay-color":"","overlay-opacity":"","overlay-gradient":""},"mobile":{"background-color":"var(--ast-global-color-4)","background-image":"","background-repeat":"repeat","background-position":"center center","background-size":"auto","background-attachment":"scroll","background-type":"","background-media":"","overlay-type":"","overlay-color":"","overlay-opacity":"","overlay-gradient":""}}},"product_brand":[156],"product_cat":[149,148],"product_tag":[],"class_list":{"0":"post-8325","1":"product","2":"type-product","3":"status-publish","4":"has-post-thumbnail","6":"product_brand-festool","7":"product_cat-festool","8":"product_cat-markaink","9":"desktop-align-left","10":"tablet-align-left","11":"mobile-align-left","13":"first","14":"instock","15":"shipping-taxable","16":"purchasable","17":"product-type-simple"},"jetpack_sharing_enabled":true,"_links":{"self":[{"href":"https:\/\/szerszamhazpecs.hu\/index.php\/wp-json\/wp\/v2\/product\/8325","targetHints":{"allow":["GET"]}}],"collection":[{"href":"https:\/\/szerszamhazpecs.hu\/index.php\/wp-json\/wp\/v2\/product"}],"about":[{"href":"https:\/\/szerszamhazpecs.hu\/index.php\/wp-json\/wp\/v2\/types\/product"}],"replies":[{"embeddable":true,"href":"https:\/\/szerszamhazpecs.hu\/index.php\/wp-json\/wp\/v2\/comments?post=8325"}],"wp:featuredmedia":[{"embeddable":true,"href":"https:\/\/szerszamhazpecs.hu\/index.php\/wp-json\/wp\/v2\/media\/8392"}],"wp:attachment":[{"href":"https:\/\/szerszamhazpecs.hu\/index.php\/wp-json\/wp\/v2\/media?parent=8325"}],"wp:term":[{"taxonomy":"product_brand","embeddable":true,"href":"https:\/\/szerszamhazpecs.hu\/index.php\/wp-json\/wp\/v2\/product_brand?post=8325"},{"taxonomy":"product_cat","embeddable":true,"href":"https:\/\/szerszamhazpecs.hu\/index.php\/wp-json\/wp\/v2\/product_cat?post=8325"},{"taxonomy":"product_tag","embeddable":true,"href":"https:\/\/szerszamhazpecs.hu\/index.php\/wp-json\/wp\/v2\/product_tag?post=8325"}],"curies":[{"name":"wp","href":"https:\/\/api.w.org\/{rel}","templated":true}]}}