{"id":8323,"date":"2026-03-17T09:26:41","date_gmt":"2026-03-17T08:26:41","guid":{"rendered":"https:\/\/szerszamhazpecs.hu\/?post_type=product&#038;p=8323"},"modified":"2026-03-20T11:00:37","modified_gmt":"2026-03-20T10:00:37","slug":"festool-atteteles-hajtasu-excentercsiszolo-ro-150-feq-plus-rotex","status":"publish","type":"product","link":"https:\/\/szerszamhazpecs.hu\/index.php\/product\/festool-atteteles-hajtasu-excentercsiszolo-ro-150-feq-plus-rotex\/","title":{"rendered":"Festool \u00c1tt\u00e9teles hajt\u00e1s\u00fa excentercsiszol\u00f3 RO 150 FEQ-Plus ROTEX"},"content":{"rendered":"<h1 data-section-id=\"1adaobp\" data-start=\"118\" data-end=\"157\">Festool ROTEX RO 150 excentercsiszol\u00f3<\/h1>\n<h2 data-section-id=\"dmrq5p\" data-start=\"159\" data-end=\"174\">Term\u00e9kle\u00edr\u00e1s<\/h2>\n<p data-start=\"176\" data-end=\"452\">A <strong data-start=\"178\" data-end=\"202\">Festool ROTEX RO 150<\/strong> egy professzion\u00e1lis, sokoldal\u00fa csiszol\u00f3g\u00e9p, amely egyetlen eszk\u00f6zben egyes\u00edti a durvacsiszol\u00e1s, finomcsiszol\u00e1s \u00e9s pol\u00edroz\u00e1s funkci\u00f3it. Ez a 3 az 1-ben megold\u00e1s hat\u00e9konyabb munkav\u00e9gz\u00e9st tesz lehet\u0151v\u00e9, mik\u00f6zben cs\u00f6kkenti a sz\u00fcks\u00e9ges szersz\u00e1mok sz\u00e1m\u00e1t.<\/p>\n<p data-start=\"454\" data-end=\"661\">A speci\u00e1lis <strong data-start=\"466\" data-end=\"491\">ROTEX mozg\u00e1smechanika<\/strong> nagy anyaglev\u00e1laszt\u00e1si teljes\u00edtm\u00e9nyt biztos\u00edt, m\u00edg az excenteres \u00fczemm\u00f3d kiv\u00e1l\u00f3 fel\u00fcletmin\u0151s\u00e9get eredm\u00e9nyez. Pol\u00edroz\u00e1skor pedig egyenletes, magasf\u00e9ny\u0171 fel\u00fclet \u00e9rhet\u0151 el.<\/p>\n<p data-start=\"663\" data-end=\"792\">Megfelel\u0151 csiszol\u00f3anyaggal \u00e9s elsz\u00edv\u00e1ssal kombin\u00e1lva a g\u00e9p nemcsak hat\u00e9kony, hanem gazdas\u00e1gos megold\u00e1s is a mindennapi munk\u00e1khoz.<\/p>\n<hr data-start=\"794\" data-end=\"797\" \/>\n<h1 data-section-id=\"hwrfli\" data-start=\"799\" data-end=\"815\">F\u0151bb jellemz\u0151k<\/h1>\n<h3 data-section-id=\"8y936g\" data-start=\"817\" data-end=\"840\">3 az 1-ben rendszer<\/h3>\n<ul data-start=\"841\" data-end=\"923\">\n<li data-section-id=\"mdgkd\" data-start=\"841\" data-end=\"859\">\n<p data-start=\"843\" data-end=\"859\">durvacsiszol\u00e1s<\/p>\n<\/li>\n<li data-section-id=\"6vqsga\" data-start=\"860\" data-end=\"878\">\n<p data-start=\"862\" data-end=\"878\">finomcsiszol\u00e1s<\/p>\n<\/li>\n<li data-section-id=\"cg4v9f\" data-start=\"879\" data-end=\"892\">\n<p data-start=\"881\" data-end=\"892\">pol\u00edroz\u00e1s<\/p>\n<\/li>\n<li data-section-id=\"qnjvtn\" data-start=\"893\" data-end=\"923\">\n<p data-start=\"895\" data-end=\"923\">egyetlen g\u00e9p t\u00f6bb feladathoz<\/p>\n<\/li>\n<\/ul>\n<h3 data-section-id=\"9sd4a\" data-start=\"925\" data-end=\"951\">Er\u0151teljes teljes\u00edtm\u00e9ny<\/h3>\n<ul data-start=\"952\" data-end=\"1027\">\n<li data-section-id=\"oomr1t\" data-start=\"952\" data-end=\"996\">\n<p data-start=\"954\" data-end=\"996\">ROTEX mozg\u00e1s a gyors anyaglev\u00e1laszt\u00e1shoz<\/p>\n<\/li>\n<li data-section-id=\"160il40\" data-start=\"997\" data-end=\"1027\">\n<p data-start=\"999\" data-end=\"1027\">ide\u00e1lis er\u0151s ig\u00e9nybev\u00e9telhez<\/p>\n<\/li>\n<\/ul>\n<h3 data-section-id=\"591xyc\" data-start=\"1029\" data-end=\"1054\">Kiv\u00e1l\u00f3 fel\u00fcletmin\u0151s\u00e9g<\/h3>\n<ul data-start=\"1055\" data-end=\"1117\">\n<li data-section-id=\"dryx2v\" data-start=\"1055\" data-end=\"1077\">\n<p data-start=\"1057\" data-end=\"1077\">excenteres m\u0171k\u00f6d\u00e9s<\/p>\n<\/li>\n<li data-section-id=\"1ukcvcq\" data-start=\"1078\" data-end=\"1117\">\n<p data-start=\"1080\" data-end=\"1117\">egyenletes, karcmentes csiszol\u00e1si k\u00e9p<\/p>\n<\/li>\n<\/ul>\n<h3 data-section-id=\"xsiw40\" data-start=\"1119\" data-end=\"1142\">Gyors tartoz\u00e9kcsere<\/h3>\n<ul data-start=\"1143\" data-end=\"1204\">\n<li data-section-id=\"amkwv0\" data-start=\"1143\" data-end=\"1165\">\n<p data-start=\"1145\" data-end=\"1165\"><strong data-start=\"1145\" data-end=\"1165\">FastFix rendszer<\/strong><\/p>\n<\/li>\n<li data-section-id=\"1ylsqmw\" data-start=\"1166\" data-end=\"1204\">\n<p data-start=\"1168\" data-end=\"1204\">csiszol\u00f3t\u00e1ny\u00e9r csere szersz\u00e1m n\u00e9lk\u00fcl<\/p>\n<\/li>\n<\/ul>\n<h3 data-section-id=\"3n6wcy\" data-start=\"1206\" data-end=\"1235\">Szeg\u00e9lyk\u00f6zeli munkav\u00e9gz\u00e9s<\/h3>\n<ul data-start=\"1236\" data-end=\"1312\">\n<li data-section-id=\"1bctfp1\" data-start=\"1236\" data-end=\"1260\">\n<p data-start=\"1238\" data-end=\"1260\"><strong data-start=\"1238\" data-end=\"1260\">Protector v\u00e9d\u0151elem<\/strong><\/p>\n<\/li>\n<li data-section-id=\"dio9bs\" data-start=\"1261\" data-end=\"1312\">\n<p data-start=\"1263\" data-end=\"1312\">falak \u00e9s \u00e9lek ment\u00e9n is biztons\u00e1gosan haszn\u00e1lhat\u00f3<\/p>\n<\/li>\n<\/ul>\n<h3 data-section-id=\"f5sb0f\" data-start=\"1314\" data-end=\"1340\">Ergonomikus kialak\u00edt\u00e1s<\/h3>\n<ul data-start=\"1341\" data-end=\"1407\">\n<li data-section-id=\"zvboul\" data-start=\"1341\" data-end=\"1373\">\n<p data-start=\"1343\" data-end=\"1373\">k\u00e9nyelmes foganty\u00faelhelyez\u00e9s<\/p>\n<\/li>\n<li data-section-id=\"11kak5x\" data-start=\"1374\" data-end=\"1407\">\n<p data-start=\"1376\" data-end=\"1407\">stabil, j\u00f3l ir\u00e1ny\u00edthat\u00f3 m\u0171k\u00f6d\u00e9s<\/p>\n<\/li>\n<\/ul>\n<hr data-start=\"1409\" data-end=\"1412\" \/>\n<h1 data-section-id=\"q57tq7\" data-start=\"1414\" data-end=\"1437\">Aj\u00e1nlott felhaszn\u00e1l\u00e1s<\/h1>\n<p data-start=\"1439\" data-end=\"1472\">A csiszol\u00f3g\u00e9p k\u00fcl\u00f6n\u00f6sen alkalmas:<\/p>\n<ul data-start=\"1474\" data-end=\"1737\">\n<li data-section-id=\"1fcz1py\" data-start=\"1474\" data-end=\"1516\">\n<p data-start=\"1476\" data-end=\"1516\">r\u00e9gi fest\u00e9kek \u00e9s lakkok elt\u00e1vol\u00edt\u00e1s\u00e1ra<\/p>\n<\/li>\n<li data-section-id=\"1lzvj9g\" data-start=\"1517\" data-end=\"1545\">\n<p data-start=\"1519\" data-end=\"1545\">faanyagok megmunk\u00e1l\u00e1s\u00e1ra<\/p>\n<\/li>\n<li data-section-id=\"1by46er\" data-start=\"1546\" data-end=\"1595\">\n<p data-start=\"1548\" data-end=\"1595\">fel\u00faj\u00edt\u00e1si munk\u00e1khoz (pl. l\u00e9pcs\u0151k csiszol\u00e1sa)<\/p>\n<\/li>\n<li data-section-id=\"hqhfmr\" data-start=\"1596\" data-end=\"1646\">\n<p data-start=\"1598\" data-end=\"1646\">\u00e1sv\u00e1nyi fel\u00fcletek csiszol\u00e1s\u00e1ra \u00e9s pol\u00edroz\u00e1s\u00e1ra<\/p>\n<\/li>\n<li data-section-id=\"15zc8fn\" data-start=\"1647\" data-end=\"1686\">\n<p data-start=\"1649\" data-end=\"1686\">glettanyag durva \u00e9s el\u0151csiszol\u00e1s\u00e1ra<\/p>\n<\/li>\n<li data-section-id=\"1grrmo8\" data-start=\"1687\" data-end=\"1737\">\n<p data-start=\"1689\" data-end=\"1737\">pol\u00edroz\u00e1si feladatokra hologrammentes fel\u00fclettel<\/p>\n<\/li>\n<\/ul>\n<hr data-start=\"1739\" data-end=\"1742\" \/>\n<h1 data-section-id=\"1hbqnac\" data-start=\"1744\" data-end=\"1760\">M\u0171szaki adatok<\/h1>\n<div class=\"TyagGW_tableContainer\">\n<div class=\"group TyagGW_tableWrapper flex flex-col-reverse w-fit\" tabindex=\"-1\">\n<table class=\"w-fit min-w-(--thread-content-width)\" data-start=\"1762\" data-end=\"2062\">\n<thead data-start=\"1762\" data-end=\"1783\">\n<tr data-start=\"1762\" data-end=\"1783\">\n<th class=\"\" data-start=\"1762\" data-end=\"1774\" data-col-size=\"sm\">Param\u00e9ter<\/th>\n<th class=\"\" data-start=\"1774\" data-end=\"1783\" data-col-size=\"sm\">\u00c9rt\u00e9k<\/th>\n<\/tr>\n<\/thead>\n<tbody data-start=\"1794\" data-end=\"2062\">\n<tr data-start=\"1794\" data-end=\"1815\">\n<td data-start=\"1794\" data-end=\"1803\" data-col-size=\"sm\">Hajt\u00e1s<\/td>\n<td data-start=\"1803\" data-end=\"1815\" data-col-size=\"sm\">h\u00e1l\u00f3zati<\/td>\n<\/tr>\n<tr data-start=\"1816\" data-end=\"1840\">\n<td data-start=\"1816\" data-end=\"1831\" data-col-size=\"sm\">Teljes\u00edtm\u00e9ny<\/td>\n<td data-start=\"1831\" data-end=\"1840\" data-col-size=\"sm\">720 W<\/td>\n<\/tr>\n<tr data-start=\"1841\" data-end=\"1883\">\n<td data-start=\"1841\" data-end=\"1864\" data-col-size=\"sm\">Fordulatsz\u00e1m (ROTEX)<\/td>\n<td data-start=\"1864\" data-end=\"1883\" data-col-size=\"sm\">320 \u2013 660 min\u207b\u00b9<\/td>\n<\/tr>\n<tr data-start=\"1884\" data-end=\"1931\">\n<td data-start=\"1884\" data-end=\"1910\" data-col-size=\"sm\">Fordulatsz\u00e1m (excenter)<\/td>\n<td data-start=\"1910\" data-end=\"1931\" data-col-size=\"sm\">3300 \u2013 6800 min\u207b\u00b9<\/td>\n<\/tr>\n<tr data-start=\"1932\" data-end=\"1956\">\n<td data-start=\"1932\" data-end=\"1948\" data-col-size=\"sm\">Csiszol\u00f3l\u00f6ket<\/td>\n<td data-start=\"1948\" data-end=\"1956\" data-col-size=\"sm\">5 mm<\/td>\n<\/tr>\n<tr data-start=\"1957\" data-end=\"1986\">\n<td data-start=\"1957\" data-end=\"1974\" data-col-size=\"sm\">Csiszol\u00f3t\u00e1ny\u00e9r<\/td>\n<td data-start=\"1974\" data-end=\"1986\" data-col-size=\"sm\">\u00d8 150 mm<\/td>\n<\/tr>\n<tr data-start=\"1987\" data-end=\"2023\">\n<td data-start=\"1987\" data-end=\"2012\" data-col-size=\"sm\">Porelsz\u00edv\u00f3 csatlakoz\u00e1s<\/td>\n<td data-start=\"2012\" data-end=\"2023\" data-col-size=\"sm\">\u00d8 27 mm<\/td>\n<\/tr>\n<tr data-start=\"2024\" data-end=\"2044\">\n<td data-start=\"2024\" data-end=\"2037\" data-col-size=\"sm\">K\u00e1belhossz<\/td>\n<td data-start=\"2037\" data-end=\"2044\" data-col-size=\"sm\">4 m<\/td>\n<\/tr>\n<tr data-start=\"2045\" data-end=\"2062\">\n<td data-start=\"2045\" data-end=\"2052\" data-col-size=\"sm\">S\u00faly<\/td>\n<td data-start=\"2052\" data-end=\"2062\" data-col-size=\"sm\">2,7 kg<\/td>\n<\/tr>\n<\/tbody>\n<\/table>\n<\/div>\n<\/div>\n<hr data-start=\"2064\" data-end=\"2067\" \/>\n<h1 data-section-id=\"4553e8\" data-start=\"2069\" data-end=\"2095\">Zaj- \u00e9s vibr\u00e1ci\u00f3s adatok<\/h1>\n<div class=\"TyagGW_tableContainer\">\n<div class=\"group TyagGW_tableWrapper flex flex-col-reverse w-fit\" tabindex=\"-1\">\n<table class=\"w-fit min-w-(--thread-content-width)\" data-start=\"2097\" data-end=\"2375\">\n<thead data-start=\"2097\" data-end=\"2118\">\n<tr data-start=\"2097\" data-end=\"2118\">\n<th class=\"\" data-start=\"2097\" data-end=\"2109\" data-col-size=\"sm\">Param\u00e9ter<\/th>\n<th class=\"\" data-start=\"2109\" data-end=\"2118\" data-col-size=\"sm\">\u00c9rt\u00e9k<\/th>\n<\/tr>\n<\/thead>\n<tbody data-start=\"2129\" data-end=\"2375\">\n<tr data-start=\"2129\" data-end=\"2159\">\n<td data-start=\"2129\" data-end=\"2147\" data-col-size=\"sm\">Hangnyom\u00e1sszint<\/td>\n<td data-start=\"2147\" data-end=\"2159\" data-col-size=\"sm\">85 dB(A)<\/td>\n<\/tr>\n<tr data-start=\"2160\" data-end=\"2196\">\n<td data-start=\"2160\" data-end=\"2184\" data-col-size=\"sm\">Hangteljes\u00edtm\u00e9nyszint<\/td>\n<td data-start=\"2184\" data-end=\"2196\" data-col-size=\"sm\">96 dB(A)<\/td>\n<\/tr>\n<tr data-start=\"2197\" data-end=\"2235\">\n<td data-start=\"2197\" data-end=\"2223\" data-col-size=\"sm\">Rezg\u00e9s (durvacsiszol\u00e1s)<\/td>\n<td data-start=\"2223\" data-end=\"2235\" data-col-size=\"sm\">5,0 m\/s\u00b2<\/td>\n<\/tr>\n<tr data-start=\"2236\" data-end=\"2274\">\n<td data-start=\"2236\" data-end=\"2262\" data-col-size=\"sm\">Rezg\u00e9s (finomcsiszol\u00e1s)<\/td>\n<td data-start=\"2262\" data-end=\"2274\" data-col-size=\"sm\">5,0 m\/s\u00b2<\/td>\n<\/tr>\n<tr data-start=\"2275\" data-end=\"2308\">\n<td data-start=\"2275\" data-end=\"2296\" data-col-size=\"sm\">Rezg\u00e9s (pol\u00edroz\u00e1s)<\/td>\n<td data-start=\"2296\" data-end=\"2308\" data-col-size=\"sm\">6,5 m\/s\u00b2<\/td>\n<\/tr>\n<tr data-start=\"2309\" data-end=\"2345\">\n<td data-start=\"2309\" data-end=\"2333\" data-col-size=\"sm\">Rezg\u00e9s bizonytalans\u00e1g<\/td>\n<td data-start=\"2333\" data-end=\"2345\" data-col-size=\"sm\">2,0 m\/s\u00b2<\/td>\n<\/tr>\n<tr data-start=\"2346\" data-end=\"2375\">\n<td data-start=\"2346\" data-end=\"2367\" data-col-size=\"sm\">Zaj bizonytalans\u00e1g<\/td>\n<td data-start=\"2367\" data-end=\"2375\" data-col-size=\"sm\">3 dB<\/td>\n<\/tr>\n<\/tbody>\n<\/table>\n<\/div>\n<\/div>\n<hr data-start=\"2377\" data-end=\"2380\" \/>\n<h1 data-section-id=\"8a27up\" data-start=\"2382\" data-end=\"2401\">A csomag tartalma<\/h1>\n<ul data-start=\"2403\" data-end=\"2551\">\n<li data-section-id=\"1dg12fe\" data-start=\"2403\" data-end=\"2441\">\n<p data-start=\"2405\" data-end=\"2441\"><strong data-start=\"2405\" data-end=\"2439\">FastFix csiszol\u00f3t\u00e1ny\u00e9r \u00d8150 mm<\/strong><\/p>\n<\/li>\n<li data-section-id=\"l4pw6l\" data-start=\"2442\" data-end=\"2489\">\n<p data-start=\"2444\" data-end=\"2489\"><strong data-start=\"2444\" data-end=\"2487\">MULTI-JETSTREAM 2 csiszol\u00f3t\u00e1ny\u00e9r (puha)<\/strong><\/p>\n<\/li>\n<li data-section-id=\"1hf4245\" data-start=\"2490\" data-end=\"2512\">\n<p data-start=\"2492\" data-end=\"2512\">Protector v\u00e9d\u0151elem<\/p>\n<\/li>\n<li data-section-id=\"1j6cj5a\" data-start=\"2513\" data-end=\"2551\">\n<p data-start=\"2515\" data-end=\"2551\"><strong data-start=\"2515\" data-end=\"2551\">SYS3 M 237 Systainer t\u00e1rol\u00f3doboz<\/strong><\/p>\n<\/li>\n<\/ul>\n","protected":false},"excerpt":{"rendered":"<p>Professzion\u00e1lis Festool szersz\u00e1m: rotex 150 feq-plus.<\/p>\n","protected":false},"featured_media":8396,"comment_status":"open","ping_status":"closed","template":"","meta":{"site-sidebar-layout":"default","site-content-layout":"","ast-site-content-layout":"normal-width-container","site-content-style":"boxed","site-sidebar-style":"default","ast-global-header-display":"","ast-banner-title-visibility":"","ast-main-header-display":"","ast-hfb-above-header-display":"","ast-hfb-below-header-display":"","ast-hfb-mobile-header-display":"","site-post-title":"","ast-breadcrumbs-content":"","ast-featured-img":"","footer-sml-layout":"","ast-disable-related-posts":"","theme-transparent-header-meta":"default","adv-header-id-meta":"","stick-header-meta":"","header-above-stick-meta":"","header-main-stick-meta":"","header-below-stick-meta":"","astra-migrate-meta-layouts":"set","ast-page-background-enabled":"default","ast-page-background-meta":{"desktop":{"background-color":"var(--ast-global-color-5)","background-image":"","background-repeat":"repeat","background-position":"center center","background-size":"auto","background-attachment":"scroll","background-type":"","background-media":"","overlay-type":"","overlay-color":"","overlay-opacity":"","overlay-gradient":""},"tablet":{"background-color":"","background-image":"","background-repeat":"repeat","background-position":"center center","background-size":"auto","background-attachment":"scroll","background-type":"","background-media":"","overlay-type":"","overlay-color":"","overlay-opacity":"","overlay-gradient":""},"mobile":{"background-color":"","background-image":"","background-repeat":"repeat","background-position":"center center","background-size":"auto","background-attachment":"scroll","background-type":"","background-media":"","overlay-type":"","overlay-color":"","overlay-opacity":"","overlay-gradient":""}},"ast-content-background-meta":{"desktop":{"background-color":"var(--ast-global-color-4)","background-image":"","background-repeat":"repeat","background-position":"center center","background-size":"auto","background-attachment":"scroll","background-type":"","background-media":"","overlay-type":"","overlay-color":"","overlay-opacity":"","overlay-gradient":""},"tablet":{"background-color":"var(--ast-global-color-4)","background-image":"","background-repeat":"repeat","background-position":"center center","background-size":"auto","background-attachment":"scroll","background-type":"","background-media":"","overlay-type":"","overlay-color":"","overlay-opacity":"","overlay-gradient":""},"mobile":{"background-color":"var(--ast-global-color-4)","background-image":"","background-repeat":"repeat","background-position":"center center","background-size":"auto","background-attachment":"scroll","background-type":"","background-media":"","overlay-type":"","overlay-color":"","overlay-opacity":"","overlay-gradient":""}}},"product_brand":[156],"product_cat":[149,148],"product_tag":[],"class_list":{"0":"post-8323","1":"product","2":"type-product","3":"status-publish","4":"has-post-thumbnail","6":"product_brand-festool","7":"product_cat-festool","8":"product_cat-markaink","9":"desktop-align-left","10":"tablet-align-left","11":"mobile-align-left","13":"first","14":"instock","15":"shipping-taxable","16":"purchasable","17":"product-type-simple"},"jetpack_sharing_enabled":true,"_links":{"self":[{"href":"https:\/\/szerszamhazpecs.hu\/index.php\/wp-json\/wp\/v2\/product\/8323","targetHints":{"allow":["GET"]}}],"collection":[{"href":"https:\/\/szerszamhazpecs.hu\/index.php\/wp-json\/wp\/v2\/product"}],"about":[{"href":"https:\/\/szerszamhazpecs.hu\/index.php\/wp-json\/wp\/v2\/types\/product"}],"replies":[{"embeddable":true,"href":"https:\/\/szerszamhazpecs.hu\/index.php\/wp-json\/wp\/v2\/comments?post=8323"}],"wp:featuredmedia":[{"embeddable":true,"href":"https:\/\/szerszamhazpecs.hu\/index.php\/wp-json\/wp\/v2\/media\/8396"}],"wp:attachment":[{"href":"https:\/\/szerszamhazpecs.hu\/index.php\/wp-json\/wp\/v2\/media?parent=8323"}],"wp:term":[{"taxonomy":"product_brand","embeddable":true,"href":"https:\/\/szerszamhazpecs.hu\/index.php\/wp-json\/wp\/v2\/product_brand?post=8323"},{"taxonomy":"product_cat","embeddable":true,"href":"https:\/\/szerszamhazpecs.hu\/index.php\/wp-json\/wp\/v2\/product_cat?post=8323"},{"taxonomy":"product_tag","embeddable":true,"href":"https:\/\/szerszamhazpecs.hu\/index.php\/wp-json\/wp\/v2\/product_tag?post=8323"}],"curies":[{"name":"wp","href":"https:\/\/api.w.org\/{rel}","templated":true}]}}