{"id":8298,"date":"2026-03-16T17:08:45","date_gmt":"2026-03-16T16:08:45","guid":{"rendered":"https:\/\/szerszamhazpecs.hu\/?post_type=product&#038;p=8298"},"modified":"2026-03-23T19:48:39","modified_gmt":"2026-03-23T18:48:39","slug":"festool-ksc-60-eb-gervago","status":"publish","type":"product","link":"https:\/\/szerszamhazpecs.hu\/index.php\/product\/festool-ksc-60-eb-gervago\/","title":{"rendered":"Festool KSC 60 EB G\u00e9rv\u00e1g\u00f3"},"content":{"rendered":"<h1 data-section-id=\"1wt1bxo\" data-start=\"103\" data-end=\"139\">Festool KAPEX KSC 60 akkus g\u00e9rv\u00e1g\u00f3<\/h1>\n<h2 data-section-id=\"dmrq5p\" data-start=\"141\" data-end=\"156\">Term\u00e9kle\u00edr\u00e1s<\/h2>\n<p data-start=\"158\" data-end=\"372\">A <strong data-start=\"160\" data-end=\"198\">Festool KAPEX KSC 60 akkus g\u00e9rv\u00e1g\u00f3<\/strong> a prec\u00edz leszab\u00e1s \u00faj szintj\u00e9t hozza el, kompromisszumok n\u00e9lk\u00fcl. A kett\u0151s vezet\u0151rendszernek \u00e9s a fejlett technol\u00f3gi\u00e1nak k\u00f6sz\u00f6nhet\u0151en minden v\u00e1g\u00e1s pontos, sima \u00e9s ism\u00e9telhet\u0151.<\/p>\n<p data-start=\"374\" data-end=\"657\">A <strong data-start=\"376\" data-end=\"411\">2 \u00d7 18 V akkumul\u00e1toros rendszer<\/strong> \u00e9s a sz\u00e9nkefe n\u00e9lk\u00fcli <strong data-start=\"434\" data-end=\"450\">EC-TEC motor<\/strong> egy\u00fcttesen biztos\u00edtja a folyamatos, nagy teljes\u00edtm\u00e9ny\u0171 munkav\u00e9gz\u00e9st ak\u00e1r eg\u00e9sz napon \u00e1t. A kompakt kialak\u00edt\u00e1s, az intelligens funkci\u00f3k \u00e9s a kiv\u00e1l\u00f3 ergon\u00f3mia ide\u00e1liss\u00e1 teszi helysz\u00edni szerel\u00e9si munk\u00e1khoz is.<\/p>\n<hr data-start=\"659\" data-end=\"662\" \/>\n<h1 data-section-id=\"hwrfli\" data-start=\"664\" data-end=\"680\">F\u0151bb jellemz\u0151k<\/h1>\n<h3 data-section-id=\"1uapkfa\" data-start=\"682\" data-end=\"707\">Kiemelked\u0151 precizit\u00e1s<\/h3>\n<ul data-start=\"708\" data-end=\"819\">\n<li data-section-id=\"srcbg4\" data-start=\"708\" data-end=\"751\">\n<p data-start=\"710\" data-end=\"751\">kett\u0151s csap\u00e1gyaz\u00e1s\u00fa k\u00e9toszlopos vezet\u00e9s<\/p>\n<\/li>\n<li data-section-id=\"895tge\" data-start=\"752\" data-end=\"784\">\n<p data-start=\"754\" data-end=\"784\">stabil, r\u00e1ngat\u00e1smentes v\u00e1g\u00e1s<\/p>\n<\/li>\n<li data-section-id=\"180y0yu\" data-start=\"785\" data-end=\"819\">\n<p data-start=\"787\" data-end=\"819\">t\u00f6k\u00e9letesen ism\u00e9telhet\u0151 eredm\u00e9ny<\/p>\n<\/li>\n<\/ul>\n<h3 data-section-id=\"nzi0ig\" data-start=\"821\" data-end=\"853\">Sokoldal\u00fa v\u00e1g\u00e1si lehet\u0151s\u00e9gek<\/h3>\n<ul data-start=\"854\" data-end=\"958\">\n<li data-section-id=\"c97jzb\" data-start=\"854\" data-end=\"891\">\n<p data-start=\"856\" data-end=\"891\"><strong data-start=\"856\" data-end=\"889\">g\u00e9rsz\u00f6g: \u00b160\u00b0 mindk\u00e9t ir\u00e1nyba<\/strong><\/p>\n<\/li>\n<li data-section-id=\"2a841t\" data-start=\"892\" data-end=\"929\">\n<p data-start=\"894\" data-end=\"929\"><strong data-start=\"894\" data-end=\"927\">d\u00f6nt\u00e9s: 47\u00b0 \/ 46\u00b0 k\u00e9t oldalra<\/strong><\/p>\n<\/li>\n<li data-section-id=\"1xs54u1\" data-start=\"930\" data-end=\"958\">\n<p data-start=\"932\" data-end=\"958\">komplex v\u00e1g\u00e1sok egyszer\u0171en<\/p>\n<\/li>\n<\/ul>\n<h3 data-section-id=\"1jig5sb\" data-start=\"960\" data-end=\"996\">Nagy teljes\u00edtm\u00e9ny akkumul\u00e1torral<\/h3>\n<ul data-start=\"997\" data-end=\"1097\">\n<li data-section-id=\"1mny1ht\" data-start=\"997\" data-end=\"1018\">\n<p data-start=\"999\" data-end=\"1018\">2 \u00d7 18 V rendszer<\/p>\n<\/li>\n<li data-section-id=\"n6ut28\" data-start=\"1019\" data-end=\"1052\">\n<p data-start=\"1021\" data-end=\"1052\">sz\u00e9nkefe n\u00e9lk\u00fcli EC-TEC motor<\/p>\n<\/li>\n<li data-section-id=\"ws55a7\" data-start=\"1053\" data-end=\"1097\">\n<p data-start=\"1055\" data-end=\"1097\">hossz\u00fa \u00fczemid\u0151, ak\u00e1r eg\u00e9sz napos haszn\u00e1lat<\/p>\n<\/li>\n<\/ul>\n<h3 data-section-id=\"1ok6r0e\" data-start=\"1099\" data-end=\"1119\">Mobil \u00e9s kompakt<\/h3>\n<ul data-start=\"1120\" data-end=\"1214\">\n<li data-section-id=\"pzlixi\" data-start=\"1120\" data-end=\"1154\">\n<p data-start=\"1122\" data-end=\"1154\">k\u00f6nnyen sz\u00e1ll\u00edthat\u00f3 kialak\u00edt\u00e1s<\/p>\n<\/li>\n<li data-section-id=\"xwnttf\" data-start=\"1155\" data-end=\"1184\">\n<p data-start=\"1157\" data-end=\"1184\">ergonomikus hordfoganty\u00fak<\/p>\n<\/li>\n<li data-section-id=\"j3sosm\" data-start=\"1185\" data-end=\"1214\">\n<p data-start=\"1187\" data-end=\"1214\">ide\u00e1lis helysz\u00edni munk\u00e1khoz<\/p>\n<\/li>\n<\/ul>\n<h3 data-section-id=\"yoccf6\" data-start=\"1216\" data-end=\"1240\">Intelligens funkci\u00f3k<\/h3>\n<ul data-start=\"1241\" data-end=\"1374\">\n<li data-section-id=\"1dk2uyl\" data-start=\"1241\" data-end=\"1283\">\n<p data-start=\"1243\" data-end=\"1283\"><strong data-start=\"1243\" data-end=\"1263\">LED v\u00e1g\u00e1sjel\u00f6l\u00e9s<\/strong> a pontos munk\u00e1hoz<\/p>\n<\/li>\n<li data-section-id=\"1o9tz7v\" data-start=\"1284\" data-end=\"1325\">\n<p data-start=\"1286\" data-end=\"1325\">csukl\u00f3s sz\u00f6gm\u00e9r\u0151 a sz\u00f6gek \u00e1tv\u00e9tel\u00e9hez<\/p>\n<\/li>\n<li data-section-id=\"10w56ln\" data-start=\"1326\" data-end=\"1374\">\n<p data-start=\"1328\" data-end=\"1374\">fordulatsz\u00e1m-el\u0151v\u00e1laszt\u00e1s k\u00fcl\u00f6nb\u00f6z\u0151 anyagokhoz<\/p>\n<\/li>\n<\/ul>\n<h3 data-section-id=\"rvrfcg\" data-start=\"1376\" data-end=\"1400\">Rugalmas munkav\u00e9gz\u00e9s<\/h3>\n<ul data-start=\"1401\" data-end=\"1516\">\n<li data-section-id=\"omerr9\" data-start=\"1401\" data-end=\"1438\">\n<p data-start=\"1403\" data-end=\"1438\">asztalsz\u00e9les\u00edt\u0151 hossz\u00fa anyagokhoz<\/p>\n<\/li>\n<li data-section-id=\"k4jhze\" data-start=\"1439\" data-end=\"1477\">\n<p data-start=\"1441\" data-end=\"1477\">kompatibilis Systainer magass\u00e1ggal<\/p>\n<\/li>\n<li data-section-id=\"ckeoan\" data-start=\"1478\" data-end=\"1516\">\n<p data-start=\"1480\" data-end=\"1516\">gyors f\u0171r\u00e9szlapcsere ors\u00f3r\u00f6gz\u00edt\u00e9ssel<\/p>\n<\/li>\n<\/ul>\n<h3 data-section-id=\"rcbt3h\" data-start=\"1518\" data-end=\"1545\">Tiszt\u00e1bb munkak\u00f6rnyezet<\/h3>\n<ul data-start=\"1546\" data-end=\"1603\">\n<li data-section-id=\"14nfrc\" data-start=\"1546\" data-end=\"1576\">\n<p data-start=\"1548\" data-end=\"1576\">porzs\u00e1k mobil haszn\u00e1lathoz<\/p>\n<\/li>\n<li data-section-id=\"f3yn21\" data-start=\"1577\" data-end=\"1603\">\n<p data-start=\"1579\" data-end=\"1603\">elsz\u00edv\u00f3 csatlakoztathat\u00f3<\/p>\n<\/li>\n<\/ul>\n<hr data-start=\"1605\" data-end=\"1608\" \/>\n<h1 data-section-id=\"q57tq7\" data-start=\"1610\" data-end=\"1633\">Aj\u00e1nlott felhaszn\u00e1l\u00e1s<\/h1>\n<p data-start=\"1635\" data-end=\"1649\">A g\u00e9p ide\u00e1lis:<\/p>\n<ul data-start=\"1651\" data-end=\"1888\">\n<li data-section-id=\"b9658w\" data-start=\"1651\" data-end=\"1690\">\n<p data-start=\"1653\" data-end=\"1690\">szerel\u00e9si \u00e9s kivitelez\u00e9si munk\u00e1khoz<\/p>\n<\/li>\n<li data-section-id=\"vwtwrx\" data-start=\"1691\" data-end=\"1741\">\n<p data-start=\"1693\" data-end=\"1741\">l\u00e9cek, deszk\u00e1k \u00e9s burkolatok m\u00e9retre v\u00e1g\u00e1s\u00e1hoz<\/p>\n<\/li>\n<li data-section-id=\"15s3vvk\" data-start=\"1742\" data-end=\"1794\">\n<p data-start=\"1744\" data-end=\"1794\">g\u00e9rv\u00e1g\u00e1sok k\u00e9sz\u00edt\u00e9s\u00e9hez idomokban \u00e9s gerend\u00e1kban<\/p>\n<\/li>\n<li data-section-id=\"19bknan\" data-start=\"1795\" data-end=\"1849\">\n<p data-start=\"1797\" data-end=\"1849\">mennyezeti \u00e9s l\u00e1bazati elemek pontos illeszt\u00e9s\u00e9hez<\/p>\n<\/li>\n<li data-section-id=\"oi04q9\" data-start=\"1850\" data-end=\"1888\">\n<p data-start=\"1852\" data-end=\"1888\">gyors \u00e9s prec\u00edz helysz\u00edni v\u00e1g\u00e1sokhoz<\/p>\n<\/li>\n<\/ul>\n<hr data-start=\"1890\" data-end=\"1893\" \/>\n<h1 data-section-id=\"1hbqnac\" data-start=\"1895\" data-end=\"1911\">M\u0171szaki adatok<\/h1>\n<div class=\"TyagGW_tableContainer\">\n<div class=\"group TyagGW_tableWrapper flex flex-col-reverse w-fit\" tabindex=\"-1\">\n<table class=\"w-fit min-w-(--thread-content-width)\" data-start=\"1913\" data-end=\"2380\">\n<thead data-start=\"1913\" data-end=\"1934\">\n<tr data-start=\"1913\" data-end=\"1934\">\n<th class=\"\" data-start=\"1913\" data-end=\"1925\" data-col-size=\"sm\">Param\u00e9ter<\/th>\n<th class=\"\" data-start=\"1925\" data-end=\"1934\" data-col-size=\"sm\">\u00c9rt\u00e9k<\/th>\n<\/tr>\n<\/thead>\n<tbody data-start=\"1945\" data-end=\"2380\">\n<tr data-start=\"1945\" data-end=\"1971\">\n<td data-start=\"1945\" data-end=\"1954\" data-col-size=\"sm\">Hajt\u00e1s<\/td>\n<td data-start=\"1954\" data-end=\"1971\" data-col-size=\"sm\">akkumul\u00e1toros<\/td>\n<\/tr>\n<tr data-start=\"1972\" data-end=\"1998\">\n<td data-start=\"1972\" data-end=\"1986\" data-col-size=\"sm\">Akkumul\u00e1tor<\/td>\n<td data-col-size=\"sm\" data-start=\"1986\" data-end=\"1998\">2 \u00d7 18 V<\/td>\n<\/tr>\n<tr data-start=\"1999\" data-end=\"2035\">\n<td data-start=\"1999\" data-end=\"2014\" data-col-size=\"sm\">Fordulatsz\u00e1m<\/td>\n<td data-col-size=\"sm\" data-start=\"2014\" data-end=\"2035\">1300 \u2013 3500 min\u207b\u00b9<\/td>\n<\/tr>\n<tr data-start=\"2036\" data-end=\"2065\">\n<td data-start=\"2036\" data-end=\"2055\" data-col-size=\"sm\">F\u0171r\u00e9szlap \u00e1tm\u00e9r\u0151<\/td>\n<td data-col-size=\"sm\" data-start=\"2055\" data-end=\"2065\">216 mm<\/td>\n<\/tr>\n<tr data-start=\"2066\" data-end=\"2084\">\n<td data-start=\"2066\" data-end=\"2076\" data-col-size=\"sm\">G\u00e9rsz\u00f6g<\/td>\n<td data-col-size=\"sm\" data-start=\"2076\" data-end=\"2084\">\u00b160\u00b0<\/td>\n<\/tr>\n<tr data-start=\"2085\" data-end=\"2110\">\n<td data-start=\"2085\" data-end=\"2097\" data-col-size=\"sm\">D\u0151l\u00e9ssz\u00f6g<\/td>\n<td data-col-size=\"sm\" data-start=\"2097\" data-end=\"2110\">47\u00b0 \/ 46\u00b0<\/td>\n<\/tr>\n<tr data-start=\"2111\" data-end=\"2155\">\n<td data-start=\"2111\" data-end=\"2140\" data-col-size=\"sm\">V\u00e1g\u00e1si kapacit\u00e1s (90\u00b0\/90\u00b0)<\/td>\n<td data-col-size=\"sm\" data-start=\"2140\" data-end=\"2155\">305 \u00d7 60 mm<\/td>\n<\/tr>\n<tr data-start=\"2156\" data-end=\"2200\">\n<td data-start=\"2156\" data-end=\"2185\" data-col-size=\"sm\">V\u00e1g\u00e1si kapacit\u00e1s (45\u00b0\/90\u00b0)<\/td>\n<td data-col-size=\"sm\" data-start=\"2185\" data-end=\"2200\">215 \u00d7 60 mm<\/td>\n<\/tr>\n<tr data-start=\"2201\" data-end=\"2249\">\n<td data-start=\"2201\" data-end=\"2234\" data-col-size=\"sm\">V\u00e1g\u00e1si kapacit\u00e1s (45\u00b0\/45\u00b0 bal)<\/td>\n<td data-col-size=\"sm\" data-start=\"2234\" data-end=\"2249\">215 \u00d7 40 mm<\/td>\n<\/tr>\n<tr data-start=\"2250\" data-end=\"2299\">\n<td data-start=\"2250\" data-end=\"2284\" data-col-size=\"sm\">V\u00e1g\u00e1si kapacit\u00e1s (45\u00b0\/45\u00b0 jobb)<\/td>\n<td data-col-size=\"sm\" data-start=\"2284\" data-end=\"2299\">215 \u00d7 20 mm<\/td>\n<\/tr>\n<tr data-start=\"2300\" data-end=\"2330\">\n<td data-start=\"2300\" data-end=\"2308\" data-col-size=\"sm\">M\u00e9ret<\/td>\n<td data-col-size=\"sm\" data-start=\"2308\" data-end=\"2330\">639 \u00d7 459 \u00d7 442 mm<\/td>\n<\/tr>\n<tr data-start=\"2331\" data-end=\"2361\">\n<td data-start=\"2331\" data-end=\"2345\" data-col-size=\"sm\">Porelsz\u00edv\u00e1s<\/td>\n<td data-col-size=\"sm\" data-start=\"2345\" data-end=\"2361\">\u00d8 27 \/ 36 mm<\/td>\n<\/tr>\n<tr data-start=\"2362\" data-end=\"2380\">\n<td data-start=\"2362\" data-end=\"2369\" data-col-size=\"sm\">S\u00faly<\/td>\n<td data-col-size=\"sm\" data-start=\"2369\" data-end=\"2380\">17,3 kg<\/td>\n<\/tr>\n<\/tbody>\n<\/table>\n<\/div>\n<\/div>\n<hr data-start=\"2382\" data-end=\"2385\" \/>\n<h1 data-section-id=\"4553e8\" data-start=\"2387\" data-end=\"2413\">Zaj- \u00e9s vibr\u00e1ci\u00f3s adatok<\/h1>\n<div class=\"TyagGW_tableContainer\">\n<div class=\"group TyagGW_tableWrapper flex flex-col-reverse w-fit\" tabindex=\"-1\">\n<table class=\"w-fit min-w-(--thread-content-width)\" data-start=\"2415\" data-end=\"2604\">\n<thead data-start=\"2415\" data-end=\"2436\">\n<tr data-start=\"2415\" data-end=\"2436\">\n<th class=\"\" data-start=\"2415\" data-end=\"2427\" data-col-size=\"sm\">Param\u00e9ter<\/th>\n<th class=\"\" data-start=\"2427\" data-end=\"2436\" data-col-size=\"sm\">\u00c9rt\u00e9k<\/th>\n<\/tr>\n<\/thead>\n<tbody data-start=\"2447\" data-end=\"2604\">\n<tr data-start=\"2447\" data-end=\"2477\">\n<td data-start=\"2447\" data-end=\"2465\" data-col-size=\"sm\">Hangnyom\u00e1sszint<\/td>\n<td data-start=\"2465\" data-end=\"2477\" data-col-size=\"sm\">88 dB(A)<\/td>\n<\/tr>\n<tr data-start=\"2478\" data-end=\"2515\">\n<td data-start=\"2478\" data-end=\"2502\" data-col-size=\"sm\">Hangteljes\u00edtm\u00e9nyszint<\/td>\n<td data-start=\"2502\" data-end=\"2515\" data-col-size=\"sm\">101 dB(A)<\/td>\n<\/tr>\n<tr data-start=\"2516\" data-end=\"2537\">\n<td data-start=\"2516\" data-end=\"2525\" data-col-size=\"sm\">Rezg\u00e9s<\/td>\n<td data-start=\"2525\" data-end=\"2537\" data-col-size=\"sm\">2,5 m\/s\u00b2<\/td>\n<\/tr>\n<tr data-start=\"2538\" data-end=\"2574\">\n<td data-start=\"2538\" data-end=\"2562\" data-col-size=\"sm\">Rezg\u00e9s bizonytalans\u00e1g<\/td>\n<td data-col-size=\"sm\" data-start=\"2562\" data-end=\"2574\">1,5 m\/s\u00b2<\/td>\n<\/tr>\n<tr data-start=\"2575\" data-end=\"2604\">\n<td data-start=\"2575\" data-end=\"2596\" data-col-size=\"sm\">Zaj bizonytalans\u00e1g<\/td>\n<td data-start=\"2596\" data-end=\"2604\" data-col-size=\"sm\">3 dB<\/td>\n<\/tr>\n<\/tbody>\n<\/table>\n<\/div>\n<\/div>\n<hr data-start=\"2606\" data-end=\"2609\" \/>\n<h1 data-section-id=\"8a27up\" data-start=\"2611\" data-end=\"2630\">A csomag tartalma<\/h1>\n<ul data-start=\"2632\" data-end=\"2811\">\n<li data-section-id=\"18j2n07\" data-start=\"2632\" data-end=\"2689\">\n<p data-start=\"2634\" data-end=\"2689\"><strong data-start=\"2634\" data-end=\"2674\">WOOD UNIVERSAL HW 216 \u00d7 2,3 \u00d7 30 W36<\/strong> k\u00f6rf\u0171r\u00e9szlap<\/p>\n<\/li>\n<li data-section-id=\"ec5krt\" data-start=\"2690\" data-end=\"2717\">\n<p data-start=\"2692\" data-end=\"2717\">FSZ 120 pillanatszor\u00edt\u00f3<\/p>\n<\/li>\n<li data-section-id=\"15fqj8b\" data-start=\"2718\" data-end=\"2735\">\n<p data-start=\"2720\" data-end=\"2735\">LED vil\u00e1g\u00edt\u00e1s<\/p>\n<\/li>\n<li data-section-id=\"1m4xsl1\" data-start=\"2736\" data-end=\"2756\">\n<p data-start=\"2738\" data-end=\"2756\">csukl\u00f3s sz\u00f6gm\u00e9r\u0151<\/p>\n<\/li>\n<li data-section-id=\"9x355a\" data-start=\"2757\" data-end=\"2779\">\n<p data-start=\"2759\" data-end=\"2779\">asztalhosszabb\u00edt\u00e1s<\/p>\n<\/li>\n<li data-section-id=\"i7nkp2\" data-start=\"2780\" data-end=\"2791\">\n<p data-start=\"2782\" data-end=\"2791\">porzs\u00e1k<\/p>\n<\/li>\n<li data-section-id=\"a1wb1e\" data-start=\"2792\" data-end=\"2811\">\n<p data-start=\"2794\" data-end=\"2811\">SW6 imbuszkulcs<\/p>\n<\/li>\n<\/ul>\n","protected":false},"excerpt":{"rendered":"<p>Professzion\u00e1lis Festool szersz\u00e1m: KSC 60 EB G\u00e9rv\u00e1g\u00f3.<\/p>\n","protected":false},"featured_media":8421,"comment_status":"open","ping_status":"closed","template":"","meta":{"site-sidebar-layout":"default","site-content-layout":"","ast-site-content-layout":"normal-width-container","site-content-style":"boxed","site-sidebar-style":"default","ast-global-header-display":"","ast-banner-title-visibility":"","ast-main-header-display":"","ast-hfb-above-header-display":"","ast-hfb-below-header-display":"","ast-hfb-mobile-header-display":"","site-post-title":"","ast-breadcrumbs-content":"","ast-featured-img":"","footer-sml-layout":"","ast-disable-related-posts":"","theme-transparent-header-meta":"default","adv-header-id-meta":"","stick-header-meta":"","header-above-stick-meta":"","header-main-stick-meta":"","header-below-stick-meta":"","astra-migrate-meta-layouts":"set","ast-page-background-enabled":"default","ast-page-background-meta":{"desktop":{"background-color":"var(--ast-global-color-5)","background-image":"","background-repeat":"repeat","background-position":"center center","background-size":"auto","background-attachment":"scroll","background-type":"","background-media":"","overlay-type":"","overlay-color":"","overlay-opacity":"","overlay-gradient":""},"tablet":{"background-color":"","background-image":"","background-repeat":"repeat","background-position":"center center","background-size":"auto","background-attachment":"scroll","background-type":"","background-media":"","overlay-type":"","overlay-color":"","overlay-opacity":"","overlay-gradient":""},"mobile":{"background-color":"","background-image":"","background-repeat":"repeat","background-position":"center center","background-size":"auto","background-attachment":"scroll","background-type":"","background-media":"","overlay-type":"","overlay-color":"","overlay-opacity":"","overlay-gradient":""}},"ast-content-background-meta":{"desktop":{"background-color":"var(--ast-global-color-4)","background-image":"","background-repeat":"repeat","background-position":"center center","background-size":"auto","background-attachment":"scroll","background-type":"","background-media":"","overlay-type":"","overlay-color":"","overlay-opacity":"","overlay-gradient":""},"tablet":{"background-color":"var(--ast-global-color-4)","background-image":"","background-repeat":"repeat","background-position":"center center","background-size":"auto","background-attachment":"scroll","background-type":"","background-media":"","overlay-type":"","overlay-color":"","overlay-opacity":"","overlay-gradient":""},"mobile":{"background-color":"var(--ast-global-color-4)","background-image":"","background-repeat":"repeat","background-position":"center center","background-size":"auto","background-attachment":"scroll","background-type":"","background-media":"","overlay-type":"","overlay-color":"","overlay-opacity":"","overlay-gradient":""}}},"product_brand":[156],"product_cat":[149,148],"product_tag":[],"class_list":{"0":"post-8298","1":"product","2":"type-product","3":"status-publish","4":"has-post-thumbnail","6":"product_brand-festool","7":"product_cat-festool","8":"product_cat-markaink","9":"desktop-align-left","10":"tablet-align-left","11":"mobile-align-left","13":"first","14":"instock","15":"shipping-taxable","16":"purchasable","17":"product-type-simple"},"jetpack_sharing_enabled":true,"_links":{"self":[{"href":"https:\/\/szerszamhazpecs.hu\/index.php\/wp-json\/wp\/v2\/product\/8298","targetHints":{"allow":["GET"]}}],"collection":[{"href":"https:\/\/szerszamhazpecs.hu\/index.php\/wp-json\/wp\/v2\/product"}],"about":[{"href":"https:\/\/szerszamhazpecs.hu\/index.php\/wp-json\/wp\/v2\/types\/product"}],"replies":[{"embeddable":true,"href":"https:\/\/szerszamhazpecs.hu\/index.php\/wp-json\/wp\/v2\/comments?post=8298"}],"wp:featuredmedia":[{"embeddable":true,"href":"https:\/\/szerszamhazpecs.hu\/index.php\/wp-json\/wp\/v2\/media\/8421"}],"wp:attachment":[{"href":"https:\/\/szerszamhazpecs.hu\/index.php\/wp-json\/wp\/v2\/media?parent=8298"}],"wp:term":[{"taxonomy":"product_brand","embeddable":true,"href":"https:\/\/szerszamhazpecs.hu\/index.php\/wp-json\/wp\/v2\/product_brand?post=8298"},{"taxonomy":"product_cat","embeddable":true,"href":"https:\/\/szerszamhazpecs.hu\/index.php\/wp-json\/wp\/v2\/product_cat?post=8298"},{"taxonomy":"product_tag","embeddable":true,"href":"https:\/\/szerszamhazpecs.hu\/index.php\/wp-json\/wp\/v2\/product_tag?post=8298"}],"curies":[{"name":"wp","href":"https:\/\/api.w.org\/{rel}","templated":true}]}}