{"id":8296,"date":"2026-03-16T08:20:12","date_gmt":"2026-03-16T07:20:12","guid":{"rendered":"https:\/\/szerszamhazpecs.hu\/?post_type=product&#038;p=8296"},"modified":"2026-03-23T19:51:07","modified_gmt":"2026-03-23T18:51:07","slug":"festool-t18-akkus-csav-behajto","status":"publish","type":"product","link":"https:\/\/szerszamhazpecs.hu\/index.php\/product\/festool-t18-akkus-csav-behajto\/","title":{"rendered":"Festool T18 akkus csavarbehajt\u00f3"},"content":{"rendered":"<h2>Term\u00e9kle\u00edr\u00e1s<\/h2>\n<p>A <strong>Festool T 18+3 akkus f\u00far\u00f3-csavarbehajt\u00f3<\/strong> sokoldal\u00fa \u00e9s nagy teljes\u00edtm\u00e9ny\u0171 szersz\u00e1m, amely gyors \u00e9s hat\u00e9kony munkav\u00e9gz\u00e9st biztos\u00edt f\u00far\u00e1si \u00e9s csavaroz\u00e1si feladatok sor\u00e1n. Az intelligens rendszermegold\u00e1soknak \u00e9s az elektronikus forgat\u00f3nyomat\u00e9k-szab\u00e1lyoz\u00e1snak k\u00f6sz\u00f6nhet\u0151en a felhaszn\u00e1l\u00f3 egyszer\u0171en v\u00e1lthat a k\u00fcl\u00f6nb\u00f6z\u0151 munkafolyamatok k\u00f6z\u00f6tt.<\/p>\n<p>A <strong>CENTROTEC gyors szersz\u00e1mcsere rendszer<\/strong> lehet\u0151v\u00e9 teszi a tartoz\u00e9kok vill\u00e1mgyors cser\u00e9j\u00e9t, m\u00edg a kompatibilis el\u0151t\u00e9tek \u2013 p\u00e9ld\u00e1ul der\u00e9ksz\u00f6g- vagy excenteradapter \u2013 olyan helyeken is hat\u00e9kony munk\u00e1t biztos\u00edtanak, ahol a hagyom\u00e1nyos szersz\u00e1mok nehezen f\u00e9rnek hozz\u00e1.<\/p>\n<p>A <strong>sz\u00e9nkefe n\u00e9lk\u00fcli EC-TEC motor<\/strong> nagy teljes\u00edtm\u00e9nyt \u00e9s hossz\u00fa \u00e9lettartamot garant\u00e1l, mik\u00f6zben a <strong>Li-HighPower akkumul\u00e1tor<\/strong> kis s\u00faly mellett is magas teljes\u00edtm\u00e9nyt biztos\u00edt.<\/p>\n<h1>F\u0151bb jellemz\u0151k<\/h1>\n<h3>Gyors v\u00e1lt\u00e1s f\u00far\u00e1s \u00e9s csavaroz\u00e1s k\u00f6z\u00f6tt<\/h3>\n<ul>\n<li>egyszer\u0171 \u00fczemm\u00f3dv\u00e1lt\u00e1s<\/li>\n<li>a be\u00e1ll\u00edtott forgat\u00f3nyomat\u00e9k megtart\u00e1sa<\/li>\n<\/ul>\n<h3>CENTROTEC gyors szersz\u00e1mcsere rendszer<\/h3>\n<ul>\n<li>gyors tartoz\u00e9kcsere<\/li>\n<li>kompatibilis k\u00fcl\u00f6nb\u00f6z\u0151 el\u0151t\u00e9tekkel<\/li>\n<li>der\u00e9ksz\u00f6g adapter haszn\u00e1lata sz\u0171k helyeken<\/li>\n<li>excenter felt\u00e9t az \u00e9lek k\u00f6zel\u00e9ben v\u00e9gzett munk\u00e1khoz<\/li>\n<li>m\u00e9lys\u00e9g\u00fctk\u00f6z\u0151 a pontos csavaroz\u00e1shoz<\/li>\n<\/ul>\n<h3>FastFix csatlakoz\u00e1s<\/h3>\n<ul>\n<li>el\u0151t\u00e9tek gyors cser\u00e9je<\/li>\n<li>szersz\u00e1m n\u00e9lk\u00fcli szerel\u00e9s<\/li>\n<\/ul>\n<h3>Er\u0151s \u00e9s tart\u00f3s motor<\/h3>\n<ul>\n<li>sz\u00e9nkefe n\u00e9lk\u00fcli <strong>EC-TEC motor<\/strong><\/li>\n<li>karbantart\u00e1smentes m\u0171k\u00f6d\u00e9s<\/li>\n<li>hossz\u00fa \u00e9lettartam<\/li>\n<\/ul>\n<h3>K\u00f6nny\u0171 \u00e9s kompakt kialak\u00edt\u00e1s<\/h3>\n<ul>\n<li><strong>Li-HighPower akkumul\u00e1tor technol\u00f3gia<\/strong><\/li>\n<li>nagy teljes\u00edtm\u00e9ny alacsony t\u00f6meg mellett<\/li>\n<li>kb. <strong>20%-kal k\u00f6nnyebb<\/strong> \u00e9s <strong>50%-kal kompaktabb<\/strong> a nagyobb akkumul\u00e1torokhoz k\u00e9pest<\/li>\n<\/ul>\n<h3>Prec\u00edz csavaroz\u00e1s<\/h3>\n<ul>\n<li>elektronikus forgat\u00f3nyomat\u00e9k be\u00e1ll\u00edt\u00e1s<\/li>\n<li>automatikus lekapcsol\u00e1s a pontos munkav\u00e9gz\u00e9shez<\/li>\n<\/ul>\n<h3>Praktikus t\u00e1rol\u00e1s \u00e9s sz\u00e1ll\u00edt\u00e1s<\/h3>\n<ul>\n<li><strong>Systainer\u00b3 rendszerben sz\u00e1ll\u00edtva<\/strong><\/li>\n<li>kompatibilis m\u00e1s Festool rendszerekkel<\/li>\n<li>k\u00f6nnyen integr\u00e1lhat\u00f3 mobil m\u0171helyekbe \u00e9s j\u00e1rm\u0171berendez\u00e9sekbe<\/li>\n<\/ul>\n<h1>Aj\u00e1nlott felhaszn\u00e1l\u00e1s<\/h1>\n<p>A szersz\u00e1m k\u00fcl\u00f6n\u00f6sen alkalmas az al\u00e1bbi munk\u00e1khoz:<\/p>\n<ul>\n<li>b\u00fatorok \u00e9s konyhab\u00fatorok szerel\u00e9se<\/li>\n<li>vasalatok \u00e9s h\u00e1tlapok r\u00f6gz\u00edt\u00e9se<\/li>\n<li>ajt\u00f3k \u00e9s ablakok szerel\u00e9se<\/li>\n<li>f\u00far\u00e1s \u00e9s csavaroz\u00e1s fa, f\u00e9m \u00e9s m\u0171anyag fel\u00fcletekben<\/li>\n<li>ker\u00edt\u00e9sek \u00e9s pergol\u00e1k \u00e9p\u00edt\u00e9se<\/li>\n<li>faszerkezetek kialak\u00edt\u00e1sa<\/li>\n<li>mennyezeti \u00e9s szerkezeti szerel\u00e9sek<\/li>\n<\/ul>\n<h1>M\u0171szaki adatok<\/h1>\n<table>\n<thead>\n<tr>\n<th>Param\u00e9ter<\/th>\n<th>\u00c9rt\u00e9k<\/th>\n<\/tr>\n<\/thead>\n<tbody>\n<tr>\n<td>Hajt\u00e1s t\u00edpusa<\/td>\n<td>Akkumul\u00e1toros<\/td>\n<\/tr>\n<tr>\n<td>Akkumul\u00e1tor fesz\u00fclts\u00e9g<\/td>\n<td>18 V<\/td>\n<\/tr>\n<tr>\n<td>Sebess\u00e9gfokozatok<\/td>\n<td>2<\/td>\n<\/tr>\n<tr>\n<td>\u00dcresj\u00e1rati fordulatsz\u00e1m<\/td>\n<td>0\u2013450 \/ 0\u20131500 min\u207b\u00b9<\/td>\n<\/tr>\n<tr>\n<td>Furat\u00e1tm\u00e9r\u0151 fa \/ ac\u00e9l<\/td>\n<td>45 \/ 13 mm<\/td>\n<\/tr>\n<tr>\n<td>Forgat\u00f3nyomat\u00e9k be\u00e1ll\u00edt\u00e1s<\/td>\n<td>0,8\u20138 \/ 0,5\u20136 Nm<\/td>\n<\/tr>\n<tr>\n<td>Maxim\u00e1lis forgat\u00f3nyomat\u00e9k fa \/ ac\u00e9l<\/td>\n<td>35 \/ 50 Nm<\/td>\n<\/tr>\n<tr>\n<td>F\u00far\u00f3tokm\u00e1ny befog\u00e1s<\/td>\n<td>1,5 \u2013 13 mm<\/td>\n<\/tr>\n<tr>\n<td>Term\u00e9k s\u00falya<\/td>\n<td>kb. 1 kg<\/td>\n<\/tr>\n<\/tbody>\n<\/table>\n<h1>Zaj- \u00e9s vibr\u00e1ci\u00f3s \u00e9rt\u00e9kek<\/h1>\n<table>\n<thead>\n<tr>\n<th>Param\u00e9ter<\/th>\n<th>\u00c9rt\u00e9k<\/th>\n<\/tr>\n<\/thead>\n<tbody>\n<tr>\n<td>Hangnyom\u00e1sszint<\/td>\n<td>64 dB(A)<\/td>\n<\/tr>\n<tr>\n<td>Hangteljes\u00edtm\u00e9nyszint<\/td>\n<td>75 dB(A)<\/td>\n<\/tr>\n<tr>\n<td>Rezg\u00e9s (f\u00far\u00e1s)<\/td>\n<td>2,7 m\/s\u00b2<\/td>\n<\/tr>\n<tr>\n<td>Rezg\u00e9s (csavaroz\u00e1s)<\/td>\n<td>2,5 m\/s\u00b2<\/td>\n<\/tr>\n<tr>\n<td>Zaj bizonytalans\u00e1g<\/td>\n<td>5 dB<\/td>\n<\/tr>\n<tr>\n<td>Rezg\u00e9s bizonytalans\u00e1g<\/td>\n<td>1,5 m\/s\u00b2<\/td>\n<\/tr>\n<\/tbody>\n<\/table>\n<h1>A csomag tartalma<\/h1>\n<ul>\n<li>CENTROTEC szersz\u00e1mtokm\u00e1ny<\/li>\n<li>CENTROTEC BH 60 CE-Imp m\u00e1gneses bittart\u00f3<\/li>\n<li>FastFix 13 mm gyorsbefog\u00f3 f\u00far\u00f3tokm\u00e1ny<\/li>\n<li>PZ2 bit<\/li>\n<li>\u00f6vcsipesz<\/li>\n<li><strong>SYS3 M 187 Systainer t\u00e1rol\u00f3doboz<\/strong><\/li>\n<\/ul>\n","protected":false},"excerpt":{"rendered":"<p>Professzion\u00e1lis Festool szersz\u00e1m: T18 akkus csav behajt\u00f3.<\/p>\n","protected":false},"featured_media":8425,"comment_status":"open","ping_status":"closed","template":"","meta":{"site-sidebar-layout":"default","site-content-layout":"","ast-site-content-layout":"normal-width-container","site-content-style":"boxed","site-sidebar-style":"default","ast-global-header-display":"","ast-banner-title-visibility":"","ast-main-header-display":"","ast-hfb-above-header-display":"","ast-hfb-below-header-display":"","ast-hfb-mobile-header-display":"","site-post-title":"","ast-breadcrumbs-content":"","ast-featured-img":"","footer-sml-layout":"","ast-disable-related-posts":"","theme-transparent-header-meta":"default","adv-header-id-meta":"","stick-header-meta":"","header-above-stick-meta":"","header-main-stick-meta":"","header-below-stick-meta":"","astra-migrate-meta-layouts":"set","ast-page-background-enabled":"default","ast-page-background-meta":{"desktop":{"background-color":"var(--ast-global-color-5)","background-image":"","background-repeat":"repeat","background-position":"center center","background-size":"auto","background-attachment":"scroll","background-type":"","background-media":"","overlay-type":"","overlay-color":"","overlay-opacity":"","overlay-gradient":""},"tablet":{"background-color":"","background-image":"","background-repeat":"repeat","background-position":"center center","background-size":"auto","background-attachment":"scroll","background-type":"","background-media":"","overlay-type":"","overlay-color":"","overlay-opacity":"","overlay-gradient":""},"mobile":{"background-color":"","background-image":"","background-repeat":"repeat","background-position":"center center","background-size":"auto","background-attachment":"scroll","background-type":"","background-media":"","overlay-type":"","overlay-color":"","overlay-opacity":"","overlay-gradient":""}},"ast-content-background-meta":{"desktop":{"background-color":"var(--ast-global-color-4)","background-image":"","background-repeat":"repeat","background-position":"center center","background-size":"auto","background-attachment":"scroll","background-type":"","background-media":"","overlay-type":"","overlay-color":"","overlay-opacity":"","overlay-gradient":""},"tablet":{"background-color":"var(--ast-global-color-4)","background-image":"","background-repeat":"repeat","background-position":"center center","background-size":"auto","background-attachment":"scroll","background-type":"","background-media":"","overlay-type":"","overlay-color":"","overlay-opacity":"","overlay-gradient":""},"mobile":{"background-color":"var(--ast-global-color-4)","background-image":"","background-repeat":"repeat","background-position":"center center","background-size":"auto","background-attachment":"scroll","background-type":"","background-media":"","overlay-type":"","overlay-color":"","overlay-opacity":"","overlay-gradient":""}}},"product_brand":[156],"product_cat":[149,148],"product_tag":[],"class_list":{"0":"post-8296","1":"product","2":"type-product","3":"status-publish","4":"has-post-thumbnail","6":"product_brand-festool","7":"product_cat-festool","8":"product_cat-markaink","9":"desktop-align-left","10":"tablet-align-left","11":"mobile-align-left","13":"first","14":"instock","15":"shipping-taxable","16":"purchasable","17":"product-type-simple"},"jetpack_sharing_enabled":true,"_links":{"self":[{"href":"https:\/\/szerszamhazpecs.hu\/index.php\/wp-json\/wp\/v2\/product\/8296","targetHints":{"allow":["GET"]}}],"collection":[{"href":"https:\/\/szerszamhazpecs.hu\/index.php\/wp-json\/wp\/v2\/product"}],"about":[{"href":"https:\/\/szerszamhazpecs.hu\/index.php\/wp-json\/wp\/v2\/types\/product"}],"replies":[{"embeddable":true,"href":"https:\/\/szerszamhazpecs.hu\/index.php\/wp-json\/wp\/v2\/comments?post=8296"}],"wp:featuredmedia":[{"embeddable":true,"href":"https:\/\/szerszamhazpecs.hu\/index.php\/wp-json\/wp\/v2\/media\/8425"}],"wp:attachment":[{"href":"https:\/\/szerszamhazpecs.hu\/index.php\/wp-json\/wp\/v2\/media?parent=8296"}],"wp:term":[{"taxonomy":"product_brand","embeddable":true,"href":"https:\/\/szerszamhazpecs.hu\/index.php\/wp-json\/wp\/v2\/product_brand?post=8296"},{"taxonomy":"product_cat","embeddable":true,"href":"https:\/\/szerszamhazpecs.hu\/index.php\/wp-json\/wp\/v2\/product_cat?post=8296"},{"taxonomy":"product_tag","embeddable":true,"href":"https:\/\/szerszamhazpecs.hu\/index.php\/wp-json\/wp\/v2\/product_tag?post=8296"}],"curies":[{"name":"wp","href":"https:\/\/api.w.org\/{rel}","templated":true}]}}