{"id":8433,"date":"2026-04-16T09:52:38","date_gmt":"2026-04-16T07:52:38","guid":{"rendered":"https:\/\/szerszamhazpecs.hu\/?page_id=8433"},"modified":"2026-04-21T16:19:42","modified_gmt":"2026-04-21T14:19:42","slug":"festool-roadshow","status":"publish","type":"page","link":"https:\/\/szerszamhazpecs.hu\/index.php\/festool-roadshow\/","title":{"rendered":"Festool Roadshow"},"content":{"rendered":"\t\t<div data-elementor-type=\"wp-page\" data-elementor-id=\"8433\" class=\"elementor elementor-8433\" data-elementor-post-type=\"page\">\n\t\t\t\t<div class=\"elementor-element elementor-element-7b667215 e-con-full e-flex elementor-invisible e-con e-parent\" data-id=\"7b667215\" data-element_type=\"container\" data-e-type=\"container\" data-settings=\"{&quot;background_background&quot;:&quot;classic&quot;,&quot;animation&quot;:&quot;slideInUp&quot;}\">\n\t\t<div class=\"elementor-element elementor-element-7344664e e-con-full e-flex e-con e-child\" data-id=\"7344664e\" data-element_type=\"container\" data-e-type=\"container\">\n\t\t\t\t<div class=\"elementor-element elementor-element-6c507878 elementor-widget elementor-widget-heading\" data-id=\"6c507878\" data-element_type=\"widget\" data-e-type=\"widget\" data-widget_type=\"heading.default\">\n\t\t\t\t<div class=\"elementor-widget-container\">\n\t\t\t\t\t<h1 class=\"elementor-heading-title elementor-size-default\">Meg\u00e9rkezett a Festool Roadshow P\u00e9csre!<\/h1>\t\t\t\t<\/div>\n\t\t\t\t<\/div>\n\t\t\t\t<\/div>\n\t\t<div class=\"elementor-element elementor-element-13473f26 e-con-full e-flex e-con e-child\" data-id=\"13473f26\" data-element_type=\"container\" data-e-type=\"container\">\n\t\t\t\t<div class=\"elementor-element elementor-element-73c2cae5 elementor-widget elementor-widget-image\" data-id=\"73c2cae5\" data-element_type=\"widget\" data-e-type=\"widget\" data-widget_type=\"image.default\">\n\t\t\t\t<div class=\"elementor-widget-container\">\n\t\t\t\t\t\t\t\t\t\t\t\t\t\t\t<img fetchpriority=\"high\" decoding=\"async\" width=\"1024\" height=\"509\" src=\"https:\/\/szerszamhazpecs.hu\/wp-content\/uploads\/2026\/04\/Kepernyofoto-2026-04-16-9.12.26-1024x509.png\" class=\"attachment-large size-large wp-image-8445\" alt=\"\" srcset=\"https:\/\/szerszamhazpecs.hu\/wp-content\/uploads\/2026\/04\/Kepernyofoto-2026-04-16-9.12.26-1024x509.png 1024w, https:\/\/szerszamhazpecs.hu\/wp-content\/uploads\/2026\/04\/Kepernyofoto-2026-04-16-9.12.26-300x149.png 300w, https:\/\/szerszamhazpecs.hu\/wp-content\/uploads\/2026\/04\/Kepernyofoto-2026-04-16-9.12.26-768x381.png 768w, https:\/\/szerszamhazpecs.hu\/wp-content\/uploads\/2026\/04\/Kepernyofoto-2026-04-16-9.12.26-600x298.png 600w, https:\/\/szerszamhazpecs.hu\/wp-content\/uploads\/2026\/04\/Kepernyofoto-2026-04-16-9.12.26.png 1228w\" sizes=\"(max-width: 1024px) 100vw, 1024px\" \/>\t\t\t\t\t\t\t\t\t\t\t\t\t\t\t<\/div>\n\t\t\t\t<\/div>\n\t\t\t\t<\/div>\n\t\t\t\t<\/div>\n\t\t<div class=\"elementor-element elementor-element-1909d558 e-flex e-con-boxed elementor-invisible e-con e-parent\" data-id=\"1909d558\" data-element_type=\"container\" data-e-type=\"container\" data-settings=\"{&quot;background_background&quot;:&quot;classic&quot;,&quot;animation&quot;:&quot;slideInUp&quot;}\">\n\t\t\t\t\t<div class=\"e-con-inner\">\n\t\t<div class=\"elementor-element elementor-element-5d68966b e-con-full e-flex e-con e-child\" data-id=\"5d68966b\" data-element_type=\"container\" data-e-type=\"container\">\n\t\t<div class=\"elementor-element elementor-element-4475dc5d e-con-full e-flex e-con e-child\" data-id=\"4475dc5d\" data-element_type=\"container\" data-e-type=\"container\">\n\t\t\t\t<div class=\"elementor-element elementor-element-1d7bcbe3 elementor-widget elementor-widget-image\" data-id=\"1d7bcbe3\" data-element_type=\"widget\" data-e-type=\"widget\" data-widget_type=\"image.default\">\n\t\t\t\t<div class=\"elementor-widget-container\">\n\t\t\t\t\t\t\t\t\t\t\t\t\t\t\t<img decoding=\"async\" width=\"2048\" height=\"1010\" src=\"https:\/\/szerszamhazpecs.hu\/wp-content\/uploads\/2026\/04\/fs_100Yfs_-578246_z_01atts_down-2048x1010.jpg\" class=\"attachment-2048x2048 size-2048x2048 wp-image-8453\" alt=\"\" srcset=\"https:\/\/szerszamhazpecs.hu\/wp-content\/uploads\/2026\/04\/fs_100Yfs_-578246_z_01atts_down-2048x1010.jpg 2048w, https:\/\/szerszamhazpecs.hu\/wp-content\/uploads\/2026\/04\/fs_100Yfs_-578246_z_01atts_down-300x148.jpg 300w, https:\/\/szerszamhazpecs.hu\/wp-content\/uploads\/2026\/04\/fs_100Yfs_-578246_z_01atts_down-1024x505.jpg 1024w, https:\/\/szerszamhazpecs.hu\/wp-content\/uploads\/2026\/04\/fs_100Yfs_-578246_z_01atts_down-768x379.jpg 768w, https:\/\/szerszamhazpecs.hu\/wp-content\/uploads\/2026\/04\/fs_100Yfs_-578246_z_01atts_down-1536x757.jpg 1536w, https:\/\/szerszamhazpecs.hu\/wp-content\/uploads\/2026\/04\/fs_100Yfs_-578246_z_01atts_down-600x296.jpg 600w\" sizes=\"(max-width: 2048px) 100vw, 2048px\" \/>\t\t\t\t\t\t\t\t\t\t\t\t\t\t\t<\/div>\n\t\t\t\t<\/div>\n\t\t\t\t<div class=\"elementor-element elementor-element-7ecaafec elementor-widget elementor-widget-image\" data-id=\"7ecaafec\" data-element_type=\"widget\" data-e-type=\"widget\" data-widget_type=\"image.default\">\n\t\t\t\t<div class=\"elementor-widget-container\">\n\t\t\t\t\t\t\t\t\t\t\t\t\t\t\t<img decoding=\"async\" width=\"1024\" height=\"608\" src=\"https:\/\/szerszamhazpecs.hu\/wp-content\/uploads\/2026\/04\/down_bs_tcl6_201135_z_01a-1024x608.jpg\" class=\"attachment-large size-large wp-image-8451\" alt=\"\" srcset=\"https:\/\/szerszamhazpecs.hu\/wp-content\/uploads\/2026\/04\/down_bs_tcl6_201135_z_01a-1024x608.jpg 1024w, https:\/\/szerszamhazpecs.hu\/wp-content\/uploads\/2026\/04\/down_bs_tcl6_201135_z_01a-300x178.jpg 300w, https:\/\/szerszamhazpecs.hu\/wp-content\/uploads\/2026\/04\/down_bs_tcl6_201135_z_01a-768x456.jpg 768w, https:\/\/szerszamhazpecs.hu\/wp-content\/uploads\/2026\/04\/down_bs_tcl6_201135_z_01a-1536x912.jpg 1536w, https:\/\/szerszamhazpecs.hu\/wp-content\/uploads\/2026\/04\/down_bs_tcl6_201135_z_01a-2048x1216.jpg 2048w, https:\/\/szerszamhazpecs.hu\/wp-content\/uploads\/2026\/04\/down_bs_tcl6_201135_z_01a-600x356.jpg 600w\" sizes=\"(max-width: 1024px) 100vw, 1024px\" \/>\t\t\t\t\t\t\t\t\t\t\t\t\t\t\t<\/div>\n\t\t\t\t<\/div>\n\t\t\t\t<\/div>\n\t\t<div class=\"elementor-element elementor-element-77bab67e e-con-full e-flex e-con e-child\" data-id=\"77bab67e\" data-element_type=\"container\" data-e-type=\"container\">\n\t\t\t\t<div class=\"elementor-element elementor-element-58528c84 elementor-invisible elementor-widget elementor-widget-button\" data-id=\"58528c84\" data-element_type=\"widget\" data-e-type=\"widget\" data-settings=\"{&quot;_animation&quot;:&quot;fadeInDown&quot;}\" data-widget_type=\"button.default\">\n\t\t\t\t<div class=\"elementor-widget-container\">\n\t\t\t\t\t\t\t\t\t<div class=\"elementor-button-wrapper\">\n\t\t\t\t\t<a class=\"elementor-button elementor-button-link elementor-size-sm\" href=\"#\">\n\t\t\t\t\t\t<span class=\"elementor-button-content-wrapper\">\n\t\t\t\t\t\t\t\t\t<span class=\"elementor-button-text\">Nyerem\u00e9nyek<\/span>\n\t\t\t\t\t<\/span>\n\t\t\t\t\t<\/a>\n\t\t\t\t<\/div>\n\t\t\t\t\t\t\t\t<\/div>\n\t\t\t\t<\/div>\n\t\t\t\t<div class=\"elementor-element elementor-element-17e59c72 elementor-widget elementor-widget-image\" data-id=\"17e59c72\" data-element_type=\"widget\" data-e-type=\"widget\" data-widget_type=\"image.default\">\n\t\t\t\t<div class=\"elementor-widget-container\">\n\t\t\t\t\t\t\t\t\t\t\t\t\t\t\t<img loading=\"lazy\" decoding=\"async\" width=\"1024\" height=\"609\" src=\"https:\/\/szerszamhazpecs.hu\/wp-content\/uploads\/2026\/04\/down_bs_bp18TBX4Casi_578745_a_01a-1024x609.jpg\" class=\"attachment-large size-large wp-image-8450\" alt=\"\" srcset=\"https:\/\/szerszamhazpecs.hu\/wp-content\/uploads\/2026\/04\/down_bs_bp18TBX4Casi_578745_a_01a-1024x609.jpg 1024w, https:\/\/szerszamhazpecs.hu\/wp-content\/uploads\/2026\/04\/down_bs_bp18TBX4Casi_578745_a_01a-300x179.jpg 300w, https:\/\/szerszamhazpecs.hu\/wp-content\/uploads\/2026\/04\/down_bs_bp18TBX4Casi_578745_a_01a-768x457.jpg 768w, https:\/\/szerszamhazpecs.hu\/wp-content\/uploads\/2026\/04\/down_bs_bp18TBX4Casi_578745_a_01a-1536x914.jpg 1536w, https:\/\/szerszamhazpecs.hu\/wp-content\/uploads\/2026\/04\/down_bs_bp18TBX4Casi_578745_a_01a-2048x1219.jpg 2048w, https:\/\/szerszamhazpecs.hu\/wp-content\/uploads\/2026\/04\/down_bs_bp18TBX4Casi_578745_a_01a-600x357.jpg 600w\" sizes=\"(max-width: 1024px) 100vw, 1024px\" \/>\t\t\t\t\t\t\t\t\t\t\t\t\t\t\t<\/div>\n\t\t\t\t<\/div>\n\t\t\t\t<div class=\"elementor-element elementor-element-4f704f5a elementor-widget elementor-widget-image\" data-id=\"4f704f5a\" data-element_type=\"widget\" data-e-type=\"widget\" data-widget_type=\"image.default\">\n\t\t\t\t<div class=\"elementor-widget-container\">\n\t\t\t\t\t\t\t\t\t\t\t\t\t\t\t<img loading=\"lazy\" decoding=\"async\" width=\"1024\" height=\"901\" src=\"https:\/\/szerszamhazpecs.hu\/wp-content\/uploads\/2026\/04\/down_bs_txs18basic_576894_p_02b-1024x901.jpg\" class=\"attachment-large size-large wp-image-8452\" alt=\"\" srcset=\"https:\/\/szerszamhazpecs.hu\/wp-content\/uploads\/2026\/04\/down_bs_txs18basic_576894_p_02b-1024x901.jpg 1024w, https:\/\/szerszamhazpecs.hu\/wp-content\/uploads\/2026\/04\/down_bs_txs18basic_576894_p_02b-300x264.jpg 300w, https:\/\/szerszamhazpecs.hu\/wp-content\/uploads\/2026\/04\/down_bs_txs18basic_576894_p_02b-768x676.jpg 768w, https:\/\/szerszamhazpecs.hu\/wp-content\/uploads\/2026\/04\/down_bs_txs18basic_576894_p_02b-1536x1352.jpg 1536w, https:\/\/szerszamhazpecs.hu\/wp-content\/uploads\/2026\/04\/down_bs_txs18basic_576894_p_02b-2048x1802.jpg 2048w, https:\/\/szerszamhazpecs.hu\/wp-content\/uploads\/2026\/04\/down_bs_txs18basic_576894_p_02b-600x528.jpg 600w\" sizes=\"(max-width: 1024px) 100vw, 1024px\" \/>\t\t\t\t\t\t\t\t\t\t\t\t\t\t\t<\/div>\n\t\t\t\t<\/div>\n\t\t\t\t<\/div>\n\t\t\t\t<\/div>\n\t\t<div class=\"elementor-element elementor-element-319d1436 e-con-full e-flex e-con e-child\" data-id=\"319d1436\" data-element_type=\"container\" data-e-type=\"container\">\n\t\t\t\t<div class=\"elementor-element elementor-element-1c9676c3 elementor-widget elementor-widget-heading\" data-id=\"1c9676c3\" data-element_type=\"widget\" data-e-type=\"widget\" data-widget_type=\"heading.default\">\n\t\t\t\t<div class=\"elementor-widget-container\">\n\t\t\t\t\t<h3 class=\"elementor-heading-title elementor-size-default\">Tisztelt Partner\u00fcnk!<\/h3>\t\t\t\t<\/div>\n\t\t\t\t<\/div>\n\t\t\t\t<div class=\"elementor-element elementor-element-4a7febb4 elementor-widget elementor-widget-text-editor\" data-id=\"4a7febb4\" data-element_type=\"widget\" data-e-type=\"widget\" data-widget_type=\"text-editor.default\">\n\t\t\t\t<div class=\"elementor-widget-container\">\n\t\t\t\t\t\t\t\t\t<p><i>Szeretettel megh\u00edvjuk \u00d6nt \u00e9s koll\u00e9g\u00e1it m\u00e1jus 14-\u00e9n megrendez\u00e9sre ker\u00fcl\u0151<br \/>szakmai napunkra!<\/i><\/p><p><strong>Program:<\/strong><br \/>9:00-t\u00f3l \u2013 Regisztr\u00e1ci\u00f3<br \/>Ahol minden \u00e9rkez\u0151 a regisztr\u00e1ci\u00f3n\u00e1l tombolajegyet kap.<br \/><strong>&lt;&lt;Nyerem\u00e9nyeink<\/strong><\/p><p>A nap folyam\u00e1n folyamatos szakmai bemutat\u00f3kkal \u00e9s interakt\u00edv programokkal v\u00e1rjuk l\u00e1togat\u00f3inkat.<\/p><p><strong> 4<\/strong>\u00a0<strong>tematikus \u00e1llom\u00e1son:<\/strong><\/p><p>\u2022\u00dajdons\u00e1gok<br \/>\u2022V\u00e1g\u00e1s<br \/>\u2022Mar\u00e1s<br \/>\u2022\u00c9lz\u00e1r\u00e1s<\/p>\t\t\t\t\t\t\t\t<\/div>\n\t\t\t\t<\/div>\n\t\t\t\t<\/div>\n\t\t\t\t\t<\/div>\n\t\t\t\t<\/div>\n\t\t<div class=\"elementor-element elementor-element-6b1ec68 e-flex e-con-boxed e-con e-parent\" data-id=\"6b1ec68\" data-element_type=\"container\" data-e-type=\"container\">\n\t\t\t\t\t<div class=\"e-con-inner\">\n\t\t<div class=\"elementor-element elementor-element-2043594 e-con-full e-flex e-con e-child\" data-id=\"2043594\" data-element_type=\"container\" data-e-type=\"container\">\n\t\t\t\t<div class=\"elementor-element elementor-element-54f7f41 elementor-button-align-stretch elementor-widget elementor-widget-form\" data-id=\"54f7f41\" data-element_type=\"widget\" data-e-type=\"widget\" data-settings=\"{&quot;button_width&quot;:&quot;20&quot;,&quot;step_next_label&quot;:&quot;K\\u00f6vetkez\\u0151&quot;,&quot;step_previous_label&quot;:&quot;El\\u0151z\\u0151&quot;,&quot;step_type&quot;:&quot;number_text&quot;,&quot;step_icon_shape&quot;:&quot;circle&quot;}\" data-widget_type=\"form.default\">\n\t\t\t\t<div class=\"elementor-widget-container\">\n\t\t\t\t\t\t\t<form class=\"elementor-form\" method=\"post\" name=\"\u00daj \u0171rlap\">\n\t\t\t<input type=\"hidden\" name=\"post_id\" value=\"8433\"\/>\n\t\t\t<input type=\"hidden\" name=\"form_id\" value=\"54f7f41\"\/>\n\t\t\t<input type=\"hidden\" name=\"referer_title\" value=\"Festool Roadshow\" \/>\n\n\t\t\t\t\t\t\t<input type=\"hidden\" name=\"queried_id\" value=\"8433\"\/>\n\t\t\t\n\t\t\t<div class=\"elementor-form-fields-wrapper elementor-labels-above\">\n\t\t\t\t\t\t\t\t<div class=\"elementor-field-type-text elementor-field-group elementor-column elementor-field-group-name elementor-col-100\">\n\t\t\t\t\t\t\t\t\t\t\t\t<label for=\"form-field-name\" class=\"elementor-field-label\">\n\t\t\t\t\t\t\t\tN\u00e9v\t\t\t\t\t\t\t<\/label>\n\t\t\t\t\t\t\t\t\t\t\t\t\t\t<input size=\"1\" type=\"text\" name=\"form_fields[name]\" id=\"form-field-name\" class=\"elementor-field elementor-size-sm  elementor-field-textual\" placeholder=\"N\u00e9v\">\n\t\t\t\t\t\t\t\t\t\t\t<\/div>\n\t\t\t\t\t\t\t\t<div class=\"elementor-field-type-email elementor-field-group elementor-column elementor-field-group-email elementor-col-100 elementor-field-required\">\n\t\t\t\t\t\t\t\t\t\t\t\t<label for=\"form-field-email\" class=\"elementor-field-label\">\n\t\t\t\t\t\t\t\tEmail\t\t\t\t\t\t\t<\/label>\n\t\t\t\t\t\t\t\t\t\t\t\t\t\t<input size=\"1\" type=\"email\" name=\"form_fields[email]\" id=\"form-field-email\" class=\"elementor-field elementor-size-sm  elementor-field-textual\" placeholder=\"Email\" required=\"required\" aria-required=\"true\">\n\t\t\t\t\t\t\t\t\t\t\t<\/div>\n\t\t\t\t\t\t\t\t<div class=\"elementor-field-type-tel elementor-field-group elementor-column elementor-field-group-message elementor-col-100\">\n\t\t\t\t\t\t\t\t\t\t\t\t<label for=\"form-field-message\" class=\"elementor-field-label\">\n\t\t\t\t\t\t\t\tTelefonsz\u00e1m\t\t\t\t\t\t\t<\/label>\n\t\t\t\t\t\t\t\t<input size=\"1\" type=\"tel\" name=\"form_fields[message]\" id=\"form-field-message\" class=\"elementor-field elementor-size-sm  elementor-field-textual\" placeholder=\"Telefonsz\u00e1m\" pattern=\"[0-9()#&amp;+*-=.]+\" title=\"Only numbers and phone characters (#, -, *, etc) are accepted.\">\n\n\t\t\t\t\t\t<\/div>\n\t\t\t\t\t\t\t\t<div class=\"elementor-field-group elementor-column elementor-field-type-submit elementor-col-20 e-form__buttons\">\n\t\t\t\t\t<button class=\"elementor-button elementor-size-sm\" type=\"submit\">\n\t\t\t\t\t\t<span class=\"elementor-button-content-wrapper\">\n\t\t\t\t\t\t\t\t\t\t\t\t\t\t\t\t\t\t\t\t\t\t<span class=\"elementor-button-text\">K\u00fcld\u00e9s<\/span>\n\t\t\t\t\t\t\t\t\t\t\t\t\t<\/span>\n\t\t\t\t\t<\/button>\n\t\t\t\t<\/div>\n\t\t\t<\/div>\n\t\t<\/form>\n\t\t\t\t\t\t<\/div>\n\t\t\t\t<\/div>\n\t\t\t\t<\/div>\n\t\t<div class=\"elementor-element elementor-element-e6783d3 e-con-full e-flex e-con e-child\" data-id=\"e6783d3\" data-element_type=\"container\" data-e-type=\"container\">\n\t\t\t\t<div class=\"elementor-element elementor-element-6b26ac6 elementor-widget elementor-widget-heading\" data-id=\"6b26ac6\" data-element_type=\"widget\" data-e-type=\"widget\" data-widget_type=\"heading.default\">\n\t\t\t\t<div class=\"elementor-widget-container\">\n\t\t\t\t\t<h1 class=\"elementor-heading-title elementor-size-default\">El\u0151regisztr\u00e1ci\u00f3!<\/h1>\t\t\t\t<\/div>\n\t\t\t\t<\/div>\n\t\t\t\t<\/div>\n\t\t\t\t\t<\/div>\n\t\t\t\t<\/div>\n\t\t<div class=\"elementor-element elementor-element-aa38ee9 e-con-full e-flex elementor-invisible e-con e-parent\" data-id=\"aa38ee9\" data-element_type=\"container\" data-e-type=\"container\" data-settings=\"{&quot;background_background&quot;:&quot;classic&quot;,&quot;animation&quot;:&quot;slideInUp&quot;}\">\n\t\t<div class=\"elementor-element elementor-element-bb2d070 e-con-full e-flex e-con e-child\" data-id=\"bb2d070\" data-element_type=\"container\" data-e-type=\"container\">\n\t\t\t\t<div class=\"elementor-element elementor-element-4b6b1c4 elementor-widget elementor-widget-image\" data-id=\"4b6b1c4\" data-element_type=\"widget\" data-e-type=\"widget\" data-widget_type=\"image.default\">\n\t\t\t\t<div class=\"elementor-widget-container\">\n\t\t\t\t\t\t\t\t\t\t\t\t\t\t\t<img loading=\"lazy\" decoding=\"async\" width=\"819\" height=\"1024\" src=\"https:\/\/szerszamhazpecs.hu\/wp-content\/uploads\/2026\/04\/SZERSZAMHAZ-IG-11-819x1024.png\" class=\"attachment-large size-large wp-image-8454\" alt=\"\" srcset=\"https:\/\/szerszamhazpecs.hu\/wp-content\/uploads\/2026\/04\/SZERSZAMHAZ-IG-11-819x1024.png 819w, https:\/\/szerszamhazpecs.hu\/wp-content\/uploads\/2026\/04\/SZERSZAMHAZ-IG-11-240x300.png 240w, https:\/\/szerszamhazpecs.hu\/wp-content\/uploads\/2026\/04\/SZERSZAMHAZ-IG-11-768x960.png 768w, https:\/\/szerszamhazpecs.hu\/wp-content\/uploads\/2026\/04\/SZERSZAMHAZ-IG-11-1229x1536.png 1229w, https:\/\/szerszamhazpecs.hu\/wp-content\/uploads\/2026\/04\/SZERSZAMHAZ-IG-11-1638x2048.png 1638w, https:\/\/szerszamhazpecs.hu\/wp-content\/uploads\/2026\/04\/SZERSZAMHAZ-IG-11-600x750.png 600w, https:\/\/szerszamhazpecs.hu\/wp-content\/uploads\/2026\/04\/SZERSZAMHAZ-IG-11-scaled.png 2048w\" sizes=\"(max-width: 819px) 100vw, 819px\" \/>\t\t\t\t\t\t\t\t\t\t\t\t\t\t\t<\/div>\n\t\t\t\t<\/div>\n\t\t\t\t<\/div>\n\t\t\t\t<div class=\"elementor-element elementor-element-e762a19 elementor-widget elementor-widget-heading\" data-id=\"e762a19\" data-element_type=\"widget\" data-e-type=\"widget\" data-widget_type=\"heading.default\">\n\t\t\t\t<div class=\"elementor-widget-container\">\n\t\t\t\t\t<h1 class=\"elementor-heading-title elementor-size-default\">V\u00e1runk benneteket szeretettel!<\/h1>\t\t\t\t<\/div>\n\t\t\t\t<\/div>\n\t\t\t\t<\/div>\n\t\t\t\t<\/div>\n\t\t","protected":false},"excerpt":{"rendered":"<p>Meg\u00e9rkezett a Festool Roadshow P\u00e9csre! Nyerem\u00e9nyek Tisztelt Partner\u00fcnk! Szeretettel megh\u00edvjuk \u00d6nt \u00e9s koll\u00e9g\u00e1it m\u00e1jus 14-\u00e9n megrendez\u00e9sre ker\u00fcl\u0151szakmai napunkra! Program:9:00-t\u00f3l \u2013 [&hellip;]<\/p>\n","protected":false},"author":1,"featured_media":0,"parent":0,"menu_order":0,"comment_status":"closed","ping_status":"closed","template":"","meta":{"site-sidebar-layout":"no-sidebar","site-content-layout":"","ast-site-content-layout":"full-width-container","site-content-style":"default","site-sidebar-style":"default","ast-global-header-display":"","ast-banner-title-visibility":"","ast-main-header-display":"","ast-hfb-above-header-display":"","ast-hfb-below-header-display":"","ast-hfb-mobile-header-display":"","site-post-title":"disabled","ast-breadcrumbs-content":"","ast-featured-img":"disabled","footer-sml-layout":"","ast-disable-related-posts":"","theme-transparent-header-meta":"","adv-header-id-meta":"","stick-header-meta":"","header-above-stick-meta":"","header-main-stick-meta":"","header-below-stick-meta":"","astra-migrate-meta-layouts":"default","ast-page-background-enabled":"default","ast-page-background-meta":{"desktop":{"background-color":"var(--ast-global-color-5)","background-image":"","background-repeat":"repeat","background-position":"center center","background-size":"auto","background-attachment":"scroll","background-type":"","background-media":"","overlay-type":"","overlay-color":"","overlay-opacity":"","overlay-gradient":""},"tablet":{"background-color":"","background-image":"","background-repeat":"repeat","background-position":"center center","background-size":"auto","background-attachment":"scroll","background-type":"","background-media":"","overlay-type":"","overlay-color":"","overlay-opacity":"","overlay-gradient":""},"mobile":{"background-color":"","background-image":"","background-repeat":"repeat","background-position":"center center","background-size":"auto","background-attachment":"scroll","background-type":"","background-media":"","overlay-type":"","overlay-color":"","overlay-opacity":"","overlay-gradient":""}},"ast-content-background-meta":{"desktop":{"background-color":"var(--ast-global-color-4)","background-image":"","background-repeat":"repeat","background-position":"center center","background-size":"auto","background-attachment":"scroll","background-type":"","background-media":"","overlay-type":"","overlay-color":"","overlay-opacity":"","overlay-gradient":""},"tablet":{"background-color":"var(--ast-global-color-4)","background-image":"","background-repeat":"repeat","background-position":"center center","background-size":"auto","background-attachment":"scroll","background-type":"","background-media":"","overlay-type":"","overlay-color":"","overlay-opacity":"","overlay-gradient":""},"mobile":{"background-color":"var(--ast-global-color-4)","background-image":"","background-repeat":"repeat","background-position":"center center","background-size":"auto","background-attachment":"scroll","background-type":"","background-media":"","overlay-type":"","overlay-color":"","overlay-opacity":"","overlay-gradient":""}},"footnotes":""},"class_list":["post-8433","page","type-page","status-publish","hentry"],"jetpack_sharing_enabled":true,"_links":{"self":[{"href":"https:\/\/szerszamhazpecs.hu\/index.php\/wp-json\/wp\/v2\/pages\/8433","targetHints":{"allow":["GET"]}}],"collection":[{"href":"https:\/\/szerszamhazpecs.hu\/index.php\/wp-json\/wp\/v2\/pages"}],"about":[{"href":"https:\/\/szerszamhazpecs.hu\/index.php\/wp-json\/wp\/v2\/types\/page"}],"author":[{"embeddable":true,"href":"https:\/\/szerszamhazpecs.hu\/index.php\/wp-json\/wp\/v2\/users\/1"}],"replies":[{"embeddable":true,"href":"https:\/\/szerszamhazpecs.hu\/index.php\/wp-json\/wp\/v2\/comments?post=8433"}],"version-history":[{"count":37,"href":"https:\/\/szerszamhazpecs.hu\/index.php\/wp-json\/wp\/v2\/pages\/8433\/revisions"}],"predecessor-version":[{"id":8518,"href":"https:\/\/szerszamhazpecs.hu\/index.php\/wp-json\/wp\/v2\/pages\/8433\/revisions\/8518"}],"wp:attachment":[{"href":"https:\/\/szerszamhazpecs.hu\/index.php\/wp-json\/wp\/v2\/media?parent=8433"}],"curies":[{"name":"wp","href":"https:\/\/api.w.org\/{rel}","templated":true}]}}