{"id":7935,"date":"2025-11-15T17:21:23","date_gmt":"2025-11-15T16:21:23","guid":{"rendered":"https:\/\/szerszamhazpecs.hu\/?page_id=7935"},"modified":"2026-01-26T20:41:46","modified_gmt":"2026-01-26T19:41:46","slug":"aszf","status":"publish","type":"page","link":"https:\/\/szerszamhazpecs.hu\/index.php\/aszf\/","title":{"rendered":"\u00c1SZF"},"content":{"rendered":"\t\t<div data-elementor-type=\"wp-page\" data-elementor-id=\"7935\" class=\"elementor elementor-7935\" data-elementor-post-type=\"page\">\n\t\t\t\t<div class=\"elementor-element elementor-element-25e035c2 e-flex e-con-boxed e-con e-parent\" data-id=\"25e035c2\" data-element_type=\"container\" data-e-type=\"container\">\n\t\t\t\t\t<div class=\"e-con-inner\">\n\t\t\t\t<div class=\"elementor-element elementor-element-556d2b16 elementor-widget elementor-widget-text-editor\" data-id=\"556d2b16\" data-element_type=\"widget\" data-e-type=\"widget\" data-widget_type=\"text-editor.default\">\n\t\t\t\t<div class=\"elementor-widget-container\">\n\t\t\t\t\t\t\t\t\t\n<h2 class=\"wp-block-heading\">\u00a0<strong>\u00c1LTAL\u00c1NOS SZERZ\u0150D\u00c9SI FELT\u00c9TELEK (\u00c1SZF)<\/strong><\/h2>\n\n<p>Hat\u00e1lyos: 2025. november 17-t\u0151l<br \/>Kiad\u00f3:\u00a0<strong>Szersz\u00e1mh\u00e1z P\u00e9cs<\/strong><\/p>\n<hr class=\"wp-block-separator has-alpha-channel-opacity\" \/>\n<h3 class=\"wp-block-heading\">1. \u00dczemeltet\u0151 adatai<\/h3>\n\n<ul class=\"wp-block-list\">\n<li><strong>\u00dczemeltet\u0151 neve:<\/strong>\u00a0Szersz\u00e1mh\u00e1z P\u00e9cs<\/li>\n\n<li><strong>Sz\u00e9khely:<\/strong> 7635 P\u00e9cs B\u00e1r\u00e1nytet\u0151 utca 14.<\/li>\n\n<li><strong>Nyilv\u00e1ntartja:<\/strong>\u00a0Baranya V\u00e1rmegyei Korm\u00e1nyhivatal<\/li>\n\n<li><strong>Ad\u00f3sz\u00e1m:<\/strong> 32217322-2-02<\/li>\n\n<li><strong>C\u00e9gjegyz\u00e9ksz\u00e1m:<\/strong>02-09-087493<\/li>\n\n<li><strong>Kapcsolat:<\/strong>\u00a0<a>info@szerszamhazpecs.hu<\/a>\u00a0| +36 72 352 253<\/li>\n\n<li><strong>T\u00e1rhelyszolg\u00e1ltat\u00f3:<\/strong>\u00a0Sybell Informatika Kft. (1138 Budapest, Tomori u. 34.)<\/li>\n\n<li><strong>Kamarai tags\u00e1g:<\/strong>\u00a0P\u00e9cs-Baranyai Kereskedelmi \u00e9s Iparkamara tagja<\/li>\n<\/ul>\n<hr class=\"wp-block-separator has-alpha-channel-opacity\" \/>\n<h3 class=\"wp-block-heading\">2. A szolg\u00e1ltat\u00e1s jellege<\/h3>\n\n<p>A weboldal inform\u00e1ci\u00f3s jelleggel m\u0171k\u00f6dik, c\u00e9lja a Szersz\u00e1mh\u00e1z P\u00e9cs term\u00e9keinek \u00e9s szolg\u00e1ltat\u00e1sainak bemutat\u00e1sa.<br \/>A weboldalon kereszt\u00fcl\u00a0<strong>automatiz\u00e1lt \u0171rlapon<\/strong>\u00a0lehet \u00e9rdekl\u0151dni a term\u00e9kek ir\u00e1nt.<br \/>A t\u00e9nyleges v\u00e1s\u00e1rl\u00e1s, k\u00f6lcs\u00f6nz\u00e9s \u00e9s fizet\u00e9s\u00a0<strong>szem\u00e9lyesen vagy el\u0151zetes egyeztet\u00e9st k\u00f6vet\u0151en<\/strong>\u00a0t\u00f6rt\u00e9nik.<\/p>\n<hr class=\"wp-block-separator has-alpha-channel-opacity\" \/>\n<h3 class=\"wp-block-heading\">3. Term\u00e9kek \u00e9s szolg\u00e1ltat\u00e1sok<\/h3>\n\n<p>A Szersz\u00e1mh\u00e1z P\u00e9cs szersz\u00e1mok, kisg\u00e9pek, \u00e9p\u00edt\u0151ipari \u00e9s bark\u00e1cseszk\u00f6z\u00f6k\u00a0<strong>\u00e9rt\u00e9kes\u00edt\u00e9s\u00e9vel, k\u00f6lcs\u00f6nz\u00e9s\u00e9vel, szerv\u00edzel\u00e9s\u00e9vel<\/strong>\u00a0foglalkozik.<br \/>A term\u00e9kekr\u0151l a weboldalon megjelen\u00edtett k\u00e9pek, le\u00edr\u00e1sok t\u00e1j\u00e9koztat\u00f3 jelleg\u0171ek.<\/p>\n<hr class=\"wp-block-separator has-alpha-channel-opacity\" \/>\n<h3 class=\"wp-block-heading\">4. Fizet\u00e9si m\u00f3dok<\/h3>\n\n<p>A Szersz\u00e1mh\u00e1z P\u00e9cs az al\u00e1bbi fizet\u00e9si m\u00f3dokat biztos\u00edtja:<\/p>\n\n<ul class=\"wp-block-list\">\n<li><strong>K\u00e9szp\u00e9nzes fizet\u00e9s<\/strong>\u00a0az \u00fczletben vagy \u00e1tv\u00e9telkor<\/li>\n\n<li><strong>Ut\u00e1nv\u00e9t<\/strong><\/li>\n\n<li><strong>Bankk\u00e1rty\u00e1s fizet\u00e9s<\/strong><\/li>\n<\/ul>\n<hr class=\"wp-block-separator has-alpha-channel-opacity\" \/>\n<h3 class=\"wp-block-heading\">5. Sz\u00e1ll\u00edt\u00e1si m\u00f3dok<\/h3>\n\n<p>A megrendelt term\u00e9kek \u00e1tv\u00e9tele az al\u00e1bbi m\u00f3dokon t\u00f6rt\u00e9nhet:<\/p>\n\n<ul class=\"wp-block-list\">\n<li><strong>Szem\u00e9lyes \u00e1tv\u00e9tel<\/strong>\u00a0a sz\u00e9khelyen (7632 P\u00e9cs, T\u00e1ncsics Mih\u00e1ly u. 2.)<\/li>\n\n<li><strong>Fut\u00e1rszolg\u00e1lat:<\/strong> GLS, MPL, Express one<\/li>\n<\/ul>\n\n<p>A sz\u00e1ll\u00edt\u00e1si d\u00edjak \u00e9s hat\u00e1rid\u0151k a v\u00e1s\u00e1rl\u00f3val val\u00f3 egyeztet\u00e9s alapj\u00e1n ker\u00fclnek meghat\u00e1roz\u00e1sra.<\/p>\n<hr class=\"wp-block-separator has-alpha-channel-opacity\" \/>\n<h3 class=\"wp-block-heading\">6. El\u00e1ll\u00e1si jog<\/h3>\n\n<p>A fogyaszt\u00f3t a 45\/2014. (II. 26.) Korm. rendelet alapj\u00e1n\u00a0<strong>14 napos indokol\u00e1s n\u00e9lk\u00fcli el\u00e1ll\u00e1si jog<\/strong>\u00a0illeti meg.<br \/><br \/>El\u00e1ll\u00e1si ig\u00e9ny\u00e9t az \u00fcgyf\u00e9lszolg\u00e1latn\u00e1l jelezheti:<br \/>\ud83d\udce7\u00a0<a>info@szerszamhazpecs.hu<\/a>\u00a0| \ud83d\udcde +36 72 352 253<\/p>\n\n<p>A term\u00e9k visszak\u00fcld\u00e9s\u00e9nek k\u00f6lts\u00e9ge a v\u00e1s\u00e1rl\u00f3t terheli.<br \/>Az el\u00e1ll\u00e1si jog nem gyakorolhat\u00f3:<\/p>\n\n<ul class=\"wp-block-list\">\n<li>ha a term\u00e9k egyedi megrendel\u00e9sre k\u00e9sz\u00fclt,<\/li>\n\n<li>illetve ha a term\u00e9ket a fogyaszt\u00f3 haszn\u00e1latba vette, \u00e9s az nem \u00e9rt\u00e9kes\u00edthet\u0151 \u00fajk\u00e9nt.<\/li>\n<\/ul>\n<hr class=\"wp-block-separator has-alpha-channel-opacity\" \/>\n<h3 class=\"wp-block-heading\">7. J\u00f3t\u00e1ll\u00e1s \u00e9s szavatoss\u00e1g<\/h3>\n\n<p>Az \u00fczemeltet\u0151 a hat\u00e1lyos jogszab\u00e1lyok szerint\u00a0<strong>szavatoss\u00e1got \u00e9s j\u00f3t\u00e1ll\u00e1st<\/strong>\u00a0v\u00e1llal a term\u00e9kekre.<br \/>A j\u00f3t\u00e1ll\u00e1s id\u0151tartama term\u00e9kt\u00edpust\u00f3l f\u00fcgg\u0151en 12\u201324 h\u00f3nap.<br \/>A v\u00e1s\u00e1rl\u00f3 hib\u00e1s teljes\u00edt\u00e9s eset\u00e9n k\u00e9rheti:<\/p>\n\n<ul class=\"wp-block-list\">\n<li>a term\u00e9k kijav\u00edt\u00e1s\u00e1t,<\/li>\n\n<li>cser\u00e9j\u00e9t,<\/li>\n\n<li>\u00e1rlesz\u00e1ll\u00edt\u00e1st,<\/li>\n\n<li>vagy el\u00e1llhat a szerz\u0151d\u00e9st\u0151l.<\/li>\n<\/ul>\n<hr class=\"wp-block-separator has-alpha-channel-opacity\" \/>\n<h3 class=\"wp-block-heading\">8. Panaszkezel\u00e9s<\/h3>\n\n<p>Panasz\u00e1t e-mailben vagy telefonon teheti meg az al\u00e1bbi el\u00e9rhet\u0151s\u00e9geken:<br \/>\ud83d\udce7\u00a0<a>info@szerszamhazpecs.hu<\/a>\u00a0| \ud83d\udcde +36 72 352 253<\/p>\n\n<p>A panaszokat az \u00fczemeltet\u0151\u00a0<strong>15 napon bel\u00fcl<\/strong>\u00a0kivizsg\u00e1lja \u00e9s \u00edr\u00e1sban v\u00e1laszol.<br \/>Ha a fogyaszt\u00f3 nem el\u00e9gedett, jogosult a\u00a0<strong>B\u00e9k\u00e9ltet\u0151 Test\u00fclethez<\/strong>\u00a0fordulni:<br \/>Baranya V\u00e1rmegyei B\u00e9k\u00e9ltet\u0151 Test\u00fclet<br \/>(7625 P\u00e9cs, Majorossy I. u. 36., e-mail:\u00a0<a>bekelteto@pbkik.hu<\/a>)<\/p>\n<hr class=\"wp-block-separator has-alpha-channel-opacity\" \/>\n<h3 class=\"wp-block-heading\">9. Szerz\u0151i jogok<\/h3>\n\n<p>A weboldal tartalma (sz\u00f6veg, fot\u00f3, log\u00f3, design) a Szersz\u00e1mh\u00e1z P\u00e9cs tulajdon\u00e1t k\u00e9pezi.<br \/>B\u00e1rmilyen m\u00e1sol\u00e1s, felhaszn\u00e1l\u00e1s csak az \u00fczemeltet\u0151 \u00edr\u00e1sbeli enged\u00e9ly\u00e9vel lehets\u00e9ges.<\/p>\n<hr class=\"wp-block-separator has-alpha-channel-opacity\" \/>\n<h3 class=\"wp-block-heading\">10. Egy\u00e9b rendelkez\u00e9sek<\/h3>\n\n<p>Az \u00c1SZF hat\u00e1lya a weboldal valamennyi l\u00e1togat\u00f3j\u00e1ra \u00e9s \u00e9rdekl\u0151d\u0151re kiterjed.<br \/>Az \u00fczemeltet\u0151 fenntartja a jogot a felt\u00e9telek m\u00f3dos\u00edt\u00e1s\u00e1ra.<br \/>A m\u00f3dos\u00edt\u00e1sok a weboldalon val\u00f3 k\u00f6zz\u00e9t\u00e9tellel l\u00e9pnek hat\u00e1lyba.<\/p>\n\t\t\t\t\t\t\t\t<\/div>\n\t\t\t\t<\/div>\n\t\t\t\t\t<\/div>\n\t\t\t\t<\/div>\n\t\t\t\t<\/div>\n\t\t","protected":false},"excerpt":{"rendered":"<p>\u00a0\u00c1LTAL\u00c1NOS SZERZ\u0150D\u00c9SI FELT\u00c9TELEK (\u00c1SZF) Hat\u00e1lyos: 2025. november 17-t\u0151lKiad\u00f3:\u00a0Szersz\u00e1mh\u00e1z P\u00e9cs 1. \u00dczemeltet\u0151 adatai 2. A szolg\u00e1ltat\u00e1s jellege A weboldal inform\u00e1ci\u00f3s jelleggel [&hellip;]<\/p>\n","protected":false},"author":1,"featured_media":0,"parent":0,"menu_order":0,"comment_status":"closed","ping_status":"closed","template":"","meta":{"site-sidebar-layout":"default","site-content-layout":"","ast-site-content-layout":"default","site-content-style":"default","site-sidebar-style":"default","ast-global-header-display":"","ast-banner-title-visibility":"","ast-main-header-display":"","ast-hfb-above-header-display":"","ast-hfb-below-header-display":"","ast-hfb-mobile-header-display":"","site-post-title":"","ast-breadcrumbs-content":"","ast-featured-img":"","footer-sml-layout":"","ast-disable-related-posts":"","theme-transparent-header-meta":"","adv-header-id-meta":"","stick-header-meta":"","header-above-stick-meta":"","header-main-stick-meta":"","header-below-stick-meta":"","astra-migrate-meta-layouts":"default","ast-page-background-enabled":"default","ast-page-background-meta":{"desktop":{"background-color":"var(--ast-global-color-5)","background-image":"","background-repeat":"repeat","background-position":"center center","background-size":"auto","background-attachment":"scroll","background-type":"","background-media":"","overlay-type":"","overlay-color":"","overlay-opacity":"","overlay-gradient":""},"tablet":{"background-color":"","background-image":"","background-repeat":"repeat","background-position":"center center","background-size":"auto","background-attachment":"scroll","background-type":"","background-media":"","overlay-type":"","overlay-color":"","overlay-opacity":"","overlay-gradient":""},"mobile":{"background-color":"","background-image":"","background-repeat":"repeat","background-position":"center center","background-size":"auto","background-attachment":"scroll","background-type":"","background-media":"","overlay-type":"","overlay-color":"","overlay-opacity":"","overlay-gradient":""}},"ast-content-background-meta":{"desktop":{"background-color":"var(--ast-global-color-4)","background-image":"","background-repeat":"repeat","background-position":"center center","background-size":"auto","background-attachment":"scroll","background-type":"","background-media":"","overlay-type":"","overlay-color":"","overlay-opacity":"","overlay-gradient":""},"tablet":{"background-color":"var(--ast-global-color-4)","background-image":"","background-repeat":"repeat","background-position":"center center","background-size":"auto","background-attachment":"scroll","background-type":"","background-media":"","overlay-type":"","overlay-color":"","overlay-opacity":"","overlay-gradient":""},"mobile":{"background-color":"var(--ast-global-color-4)","background-image":"","background-repeat":"repeat","background-position":"center center","background-size":"auto","background-attachment":"scroll","background-type":"","background-media":"","overlay-type":"","overlay-color":"","overlay-opacity":"","overlay-gradient":""}},"footnotes":""},"class_list":["post-7935","page","type-page","status-publish","hentry"],"jetpack_sharing_enabled":true,"_links":{"self":[{"href":"https:\/\/szerszamhazpecs.hu\/index.php\/wp-json\/wp\/v2\/pages\/7935","targetHints":{"allow":["GET"]}}],"collection":[{"href":"https:\/\/szerszamhazpecs.hu\/index.php\/wp-json\/wp\/v2\/pages"}],"about":[{"href":"https:\/\/szerszamhazpecs.hu\/index.php\/wp-json\/wp\/v2\/types\/page"}],"author":[{"embeddable":true,"href":"https:\/\/szerszamhazpecs.hu\/index.php\/wp-json\/wp\/v2\/users\/1"}],"replies":[{"embeddable":true,"href":"https:\/\/szerszamhazpecs.hu\/index.php\/wp-json\/wp\/v2\/comments?post=7935"}],"version-history":[{"count":8,"href":"https:\/\/szerszamhazpecs.hu\/index.php\/wp-json\/wp\/v2\/pages\/7935\/revisions"}],"predecessor-version":[{"id":7997,"href":"https:\/\/szerszamhazpecs.hu\/index.php\/wp-json\/wp\/v2\/pages\/7935\/revisions\/7997"}],"wp:attachment":[{"href":"https:\/\/szerszamhazpecs.hu\/index.php\/wp-json\/wp\/v2\/media?parent=7935"}],"curies":[{"name":"wp","href":"https:\/\/api.w.org\/{rel}","templated":true}]}}